{"id":77,"date":"2017-02-11T13:31:55","date_gmt":"2017-02-11T12:31:55","guid":{"rendered":"http:\/\/nns.cz\/agata\/?page_id=77"},"modified":"2026-03-14T18:49:03","modified_gmt":"2026-03-14T17:49:03","slug":"ucelena-rada","status":"publish","type":"page","link":"https:\/\/nns.cz\/amos\/ucelena-rada\/","title":{"rendered":"Ucelen\u00e1 \u0159ada"},"content":{"rendered":"\n<ul class=\"wp-block-list\">\n<li><a href=\"https:\/\/www.nns.cz\/blog\/matematika-1-stupen\/\" target=\"_blank\" rel=\"noopener\"><strong>Mat\u00fdskova matematika<\/strong> tvo\u0159\u00ed <strong>ucelenou \u0159adu<\/strong><\/a> pro cel\u00fd 1.&nbsp;stupe\u0148, materi\u00e1ly pro 1.&nbsp;a&nbsp;2.&nbsp;ro\u010dn\u00edk byly aktualizov\u00e1ny do jednotn\u00e9 grafick\u00e9 podoby s&nbsp;materi\u00e1ly AMOS. U\u010debnice a&nbsp;pracovn\u00ed se\u0161ity pro 3.\u20135.&nbsp;ro\u010dn\u00edk jsou v&nbsp;p\u016fvodn\u00ed osv\u011bd\u010den\u00e9 podob\u011b.<\/li>\n<\/ul>\n\n\n\n<p><\/p>\n\n\n\n<ul class=\"wp-block-list\">\n<li><strong>\u010cteme a&nbsp;p\u00ed\u0161eme s&nbsp;Ag\u00e1tou <\/strong>je sou\u010d\u00e1st\u00ed vydan\u00e9 <a href=\"http:\/\/nns.cz\/agata\/ucelena-rada\/\"><strong>ucelen\u00e9&nbsp;\u0159ady<\/strong><\/a> u\u010debnic a&nbsp;pracovn\u00edch se\u0161it\u016f \u010desk\u00e9ho jazyka pro 1.&nbsp;stupe\u0148 Z\u0160 nov\u011b roz\u0161\u00ed\u0159en\u00e9 o&nbsp;Jsem \u010dten\u00e1\u0159 1, 2 a&nbsp;3.<\/li>\n<\/ul>\n\n\n\n<h2 class=\"wp-block-heading has-background has-medium-font-size\" style=\"background-color:#e4c8fe\">Nov\u011b m\u016f\u017eete ROZV\u00cdJEJET \u010cTEN\u00c1\u0158SKOU A&nbsp;PISATELSKOU GRAMOTNOST<br>v ide\u00e1ln\u00ed n\u00e1vaznosti na \u010cteme a&nbsp;p\u00ed\u0161eme s&nbsp;Ag\u00e1tou pro 1.&nbsp;ro\u010dn\u00edk<br><strong>s nov\u00fdmi <a href=\"http:\/\/nns.cz\/amos2\">pracovn\u00edmi u\u010debnicemi AMOS \u010cesk\u00fd jazyk 2<\/a><\/strong><\/h2>\n\n\n\n<ul class=\"wp-block-list\">\n<li><strong>Objevujeme a&nbsp;pozn\u00e1v\u00e1me s&nbsp;Oskarem <\/strong>je sou\u010d\u00e1st\u00ed <strong>ucelen\u00e9 \u0159ady<\/strong> u\u010debnic a&nbsp;pracovn\u00edch se\u0161it\u016f pro oblast \u010clov\u011bk a&nbsp;jeho sv\u011bt pro 1.&nbsp;stupe\u0148 Z\u0160. N\u00e1vaznost na pracovn\u00ed u\u010debnici Oskarova prvouka 1 je zaji\u0161t\u011bna nov\u00fdmi pracovn\u00edmi se\u0161ity <a href=\"https:\/\/nns.cz\/amos\/objevujeme-a-poznavame-s-oskarem\/\">Oskarova prvouka 2 a&nbsp;Oskarova prvouka 3<\/a>.<strong><br><\/strong><\/li>\n<\/ul>\n\n\n\n<p><strong>V\u00edce informac\u00ed o&nbsp;t\u011bchto titulech i&nbsp;kompletn\u00ed nab\u00eddku NOV\u00c1 \u0160KOLA, s.r.o., najdete na <a href=\"http:\/\/www.nns.cz\/\">www.nns.cz<\/a>.<\/strong><\/p>\n","protected":false},"excerpt":{"rendered":"<p>Nov\u011b m\u016f\u017eete ROZV\u00cdJEJET \u010cTEN\u00c1\u0158SKOU A&nbsp;PISATELSKOU GRAMOTNOSTv ide\u00e1ln\u00ed n\u00e1vaznosti na \u010cteme a&nbsp;p\u00ed\u0161eme s&nbsp;Ag\u00e1tou pro 1.&nbsp;ro\u010dn\u00edks nov\u00fdmi pracovn\u00edmi u\u010debnicemi AMOS \u010cesk\u00fd jazyk 2 V\u00edce informac\u00ed o&nbsp;t\u011bchto titulech i&nbsp;kompletn\u00ed nab\u00eddku NOV\u00c1 \u0160KOLA, s.r.o., najdete na www.nns.cz.<\/p>\n","protected":false},"author":1,"featured_media":0,"parent":0,"menu_order":0,"comment_status":"closed","ping_status":"closed","template":"","meta":{"footnotes":""},"class_list":["post-77","page","type-page","status-publish","hentry"],"_links":{"self":[{"href":"https:\/\/nns.cz\/amos\/wp-json\/wp\/v2\/pages\/77","targetHints":{"allow":["GET"]}}],"collection":[{"href":"https:\/\/nns.cz\/amos\/wp-json\/wp\/v2\/pages"}],"about":[{"href":"https:\/\/nns.cz\/amos\/wp-json\/wp\/v2\/types\/page"}],"author":[{"embeddable":true,"href":"https:\/\/nns.cz\/amos\/wp-json\/wp\/v2\/users\/1"}],"replies":[{"embeddable":true,"href":"https:\/\/nns.cz\/amos\/wp-json\/wp\/v2\/comments?post=77"}],"version-history":[{"count":17,"href":"https:\/\/nns.cz\/amos\/wp-json\/wp\/v2\/pages\/77\/revisions"}],"predecessor-version":[{"id":5443,"href":"https:\/\/nns.cz\/amos\/wp-json\/wp\/v2\/pages\/77\/revisions\/5443"}],"wp:attachment":[{"href":"https:\/\/nns.cz\/amos\/wp-json\/wp\/v2\/media?parent=77"}],"curies":[{"name":"wp","href":"https:\/\/api.w.org\/{rel}","templated":true}]}}