{"id":481,"date":"2017-06-18T11:24:27","date_gmt":"2017-06-18T09:24:27","guid":{"rendered":"http:\/\/nns.cz\/agata\/?page_id=481"},"modified":"2026-01-25T14:39:15","modified_gmt":"2026-01-25T13:39:15","slug":"seminare-pro-vyucujici","status":"publish","type":"page","link":"https:\/\/nns.cz\/amos\/seminare-pro-vyucujici\/","title":{"rendered":"Vzd\u011bl\u00e1v\u00e1n\u00ed AMOS pro vyu\u010duj\u00edc\u00ed"},"content":{"rendered":"\n<p>V\u00e1\u017een\u00ed vyu\u010duj\u00edc\u00ed,<\/p>\n\n\n\n<p>rozhodli jsme se v\u00e1m m\u00edsto jednor\u00e1zov\u00fdch webin\u00e1\u0159\u016f poskytnout ucelenou podporu programem:<\/p>\n\n\n\n<h3 class=\"wp-block-heading has-text-align-left has-background\" style=\"background-color:#ddb8ff\"> <strong><strong>U\u010d\u00edm s&nbsp;AMOSem v&nbsp;1.&nbsp;ro\u010dn\u00edku<\/strong><\/strong><\/h3>\n\n\n\n<p>V r\u00e1mci celoro\u010dn\u00edho programu &#8222;<strong>U\u010d\u00edm s&nbsp;AMOSem v&nbsp;1.&nbsp;ro\u010dn\u00edku&#8220;<\/strong>&nbsp;z\u00edsk\u00e1te p\u0159\u00edstup k&nbsp;<strong>metodick\u00fdm n\u00e1m\u011bt\u016fm ve form\u011b vide\u00ed<\/strong>, kter\u00e1 V\u00e1s budou prov\u00e1zet v\u00fdukou se <a href=\"https:\/\/nns.cz\/agata\/\" target=\"_blank\" rel=\"noreferrer noopener\">\u010cteme a&nbsp;p\u00ed\u0161eme s&nbsp;Ag\u00e1tou<\/a>, <a href=\"https:\/\/www.nns.cz\/blog\/matematika-1-stupen\/\" target=\"_blank\" rel=\"noreferrer noopener\">Mat\u00fdskovou matematikou<\/a> i&nbsp;<a href=\"https:\/\/nns.cz\/amos\/objevujeme-a-poznavame-s-oskarem\/\" target=\"_blank\" rel=\"noreferrer noopener\">Oskarovou prvoukou<\/a> po&nbsp;cel\u00fd 1.&nbsp;ro\u010dn\u00edk.<\/p>\n\n\n\n<p>Program <strong><strong>U\u010d\u00edm s&nbsp;AMOSem v&nbsp;1.&nbsp;ro\u010dn\u00edku<\/strong><\/strong> byl \u00fasp\u011b\u0161n\u011b pilotov\u00e1n ve \u0161koln\u00edm roce 2024\/2025, kde se vzd\u011bl\u00e1v\u00e1n\u00ed z\u00fa\u010dastnilo v\u00edce ne\u017e 300 vyu\u010duj\u00edc\u00edch 1.&nbsp;ro\u010dn\u00edku.<\/p>\n\n\n\n<p class=\"has-text-align-left has-background\" style=\"background-color:#fae5aa\">Na z\u00e1klad\u011b pozitivn\u00ed zp\u011btn\u00e9 vazby jsme se rozhodli <strong>tak\u00e9 ve \u0161koln\u00edm roce 2026\/2027<\/strong> tento program zp\u0159\u00edstupnit <strong>ZDARMA v\u0161em vyu\u010duj\u00edc\u00edm pou\u017e\u00edvaj\u00edc\u00edm materi\u00e1ly AMOS v&nbsp;1.&nbsp;ro\u010dn\u00edku<\/strong>.<\/p>\n\n\n\n<p>\u00da\u010dastn\u00edci, kte\u0159\u00ed videa zhl\u00e9dnou a&nbsp;vypln\u00ed stru\u010dn\u00e9 pr\u016fb\u011b\u017en\u00e9 dotazn\u00edky, rovn\u011b\u017e obdr\u017e\u00ed <strong>certifik\u00e1t o&nbsp;absolvov\u00e1n\u00ed vzd\u011bl\u00e1v\u00e1n\u00ed<\/strong>.<\/p>\n\n\n\n<div class=\"wp-block-buttons is-layout-flex wp-block-buttons-is-layout-flex\">\n<div class=\"wp-block-button has-custom-width wp-block-button__width-100 is-style-fill\"><a class=\"wp-block-button__link has-text-color has-background has-link-color wp-element-button\" href=\"https:\/\/docs.google.com\/forms\/d\/e\/1FAIpQLSdF1tAcHzxJRzXAaUu6_oFND2k0C6HF2NDnlzcCovYtpEH-pg\/viewform?usp=sharing\" style=\"color:#003d61;background-color:#64ea46\" target=\"_blank\" rel=\"noreferrer noopener\">Chci se zapojit do programu zdarma a&nbsp;vypln\u00edm stru\u010dn\u00fd formul\u00e1\u0159.<\/a><\/div>\n<\/div>\n\n\n\n<figure class=\"wp-block-image size-full\"><a href=\"https:\/\/docs.google.com\/forms\/d\/e\/1FAIpQLSdF1tAcHzxJRzXAaUu6_oFND2k0C6HF2NDnlzcCovYtpEH-pg\/viewform?usp=sharing\" target=\"_blank\" rel=\" noreferrer noopener\"><img loading=\"lazy\" decoding=\"async\" width=\"653\" height=\"208\" src=\"https:\/\/nns.cz\/amos\/wp-content\/uploads\/2025\/03\/Ucim-s-amosem.jpg\" alt=\"\" class=\"wp-image-4725\" srcset=\"https:\/\/nns.cz\/amos\/wp-content\/uploads\/2025\/03\/Ucim-s-amosem.jpg 653w, https:\/\/nns.cz\/amos\/wp-content\/uploads\/2025\/03\/Ucim-s-amosem-300x96.jpg 300w\" sizes=\"auto, (max-width: 653px) 100vw, 653px\" \/><\/a><\/figure>\n\n\n\n<p><\/p>\n\n\n\n<h3 class=\"wp-block-heading has-text-align-left has-background has-medium-font-size\" style=\"background-color:#ffdde5\"><strong>M\u016f\u017eete si tak\u00e9 prohl\u00e9dnout \u00favodn\u00ed videa programu:<\/strong><\/h3>\n\n\n\n<h4 class=\"wp-block-heading has-medium-font-size\"> Metoda t\u0159\u00ed start\u016f (z\u00e1znam ze \u0161kolen\u00ed 14.&nbsp;5.&nbsp;2024)<\/h4>\n\n\n\n<figure class=\"wp-block-embed is-type-video is-provider-youtube wp-block-embed-youtube wp-embed-aspect-16-9 wp-has-aspect-ratio\"><div class=\"wp-block-embed__wrapper\">\n<iframe loading=\"lazy\" title=\"Metoda t\u0159\u00ed start\u016f\" width=\"832\" height=\"468\" src=\"https:\/\/www.youtube.com\/embed\/NKKEm-lxtRc?feature=oembed\" frameborder=\"0\" allow=\"accelerometer; autoplay; clipboard-write; encrypted-media; gyroscope; picture-in-picture; web-share\" referrerpolicy=\"strict-origin-when-cross-origin\" allowfullscreen><\/iframe>\n<\/div><\/figure>\n\n\n\n<h4 class=\"wp-block-heading has-medium-font-size\">AMOS pro 1.&nbsp;ro\u010dn\u00edk (z\u00e1znam ze \u0161kolen\u00ed 14.&nbsp;5.&nbsp;2024)<\/h4>\n\n\n\n<figure class=\"wp-block-embed is-type-video is-provider-youtube wp-block-embed-youtube wp-embed-aspect-16-9 wp-has-aspect-ratio\"><div class=\"wp-block-embed__wrapper\">\n<iframe loading=\"lazy\" title=\"Vzd\u011bl\u00e1vac\u00ed materi\u00e1ly AMOS\" width=\"832\" height=\"468\" src=\"https:\/\/www.youtube.com\/embed\/C8kbQ5MoOhA?feature=oembed\" frameborder=\"0\" allow=\"accelerometer; autoplay; clipboard-write; encrypted-media; gyroscope; picture-in-picture; web-share\" referrerpolicy=\"strict-origin-when-cross-origin\" allowfullscreen><\/iframe>\n<\/div><\/figure>\n\n\n\n<h4 class=\"wp-block-heading has-medium-font-size\">\u00davodn\u00ed video programu PODPORA AMOS1 (2024\/2025):<\/h4>\n\n\n\n<figure class=\"wp-block-embed is-type-video is-provider-youtube wp-block-embed-youtube wp-embed-aspect-16-9 wp-has-aspect-ratio\"><div class=\"wp-block-embed__wrapper\">\n<iframe loading=\"lazy\" title=\"PODPORA AMOS 1 (\u00favodn\u00ed video)\" width=\"832\" height=\"468\" src=\"https:\/\/www.youtube.com\/embed\/Z4DiEeBb0uU?feature=oembed\" frameborder=\"0\" allow=\"accelerometer; autoplay; clipboard-write; encrypted-media; gyroscope; picture-in-picture; web-share\" referrerpolicy=\"strict-origin-when-cross-origin\" allowfullscreen><\/iframe>\n<\/div><\/figure>\n\n\n\n<hr class=\"wp-block-separator has-alpha-channel-opacity\"\/>\n\n\n\n<div class=\"wp-block-buttons is-layout-flex wp-block-buttons-is-layout-flex\">\n<div class=\"wp-block-button has-custom-width wp-block-button__width-100 is-style-fill\"><a class=\"wp-block-button__link has-text-color has-background has-link-color wp-element-button\" href=\"https:\/\/docs.google.com\/forms\/d\/e\/1FAIpQLSdF1tAcHzxJRzXAaUu6_oFND2k0C6HF2NDnlzcCovYtpEH-pg\/viewform?usp=sharing\" style=\"color:#003d61;background-color:#64ea46\" target=\"_blank\" rel=\"noreferrer noopener\">Chci se zapojit do programu zdarma a&nbsp;vypln\u00edm stru\u010dn\u00fd formul\u00e1\u0159.<\/a><\/div>\n<\/div>\n\n\n\n<figure class=\"wp-block-image size-full\"><a href=\"https:\/\/docs.google.com\/forms\/d\/e\/1FAIpQLSdF1tAcHzxJRzXAaUu6_oFND2k0C6HF2NDnlzcCovYtpEH-pg\/viewform?usp=sharing\" target=\"_blank\" rel=\" noreferrer noopener\"><img loading=\"lazy\" decoding=\"async\" width=\"653\" height=\"208\" src=\"https:\/\/nns.cz\/amos\/wp-content\/uploads\/2025\/03\/Ucim-s-amosem.jpg\" alt=\"\" class=\"wp-image-4725\" srcset=\"https:\/\/nns.cz\/amos\/wp-content\/uploads\/2025\/03\/Ucim-s-amosem.jpg 653w, https:\/\/nns.cz\/amos\/wp-content\/uploads\/2025\/03\/Ucim-s-amosem-300x96.jpg 300w\" sizes=\"auto, (max-width: 653px) 100vw, 653px\" \/><\/a><\/figure>\n\n\n\n<p class=\"wp-block-heading has-background has-medium-font-size\" style=\"background-color:#f3dff8\"><strong>NOVINKA PRO 2. RO\u010cN\u00cdK<\/strong><br><br>Nov\u011b m\u016f\u017eete ROZV\u00cdJET \u010cTEN\u00c1\u0158SKOU A&nbsp;PISATELSKOU GRAMOTNOST<br>v <strong>ide\u00e1ln\u00ed n\u00e1vaznosti<\/strong> na \u010cteme a\u00a0p\u00ed\u0161eme s\u00a0Ag\u00e1tou pro 1.\u00a0ro\u010dn\u00edk<br>s nov\u00fdmi <a href=\"http:\/\/nns.cz\/amos2\"><strong>pracovn\u00edmi u\u010debnicemi AMOS \u010cesk\u00fd jazyk 2<\/strong><\/a><br><br>K n\u00e1kupu v&nbsp;r\u00e1mci akce z<strong>darma pro Vyu\u010duj\u00edc\u00ed<\/strong>:<br><br>\u2022\u00a0<strong>AKREDITOVAN\u00dd\u00a0WEBIN\u00c1\u0158\u00a0zdarma<\/strong> (v\u00a0hodnot\u011b 4\u00a0990\u00a0K\u010d) v\u00a0rozsahu 16 vyu\u010dovac\u00edch hodin\u00a0veden\u00fd spoluautorem materi\u00e1l\u016f Mgr.\u00a0Milo\u0161em Novotn\u00fdm, kter\u00fd V\u00e1s bude\u00a0prov\u00e1zet v\u00fdukou b\u011bhem cel\u00e9ho \u0161koln\u00edho roku tak, abyste m\u011bli v\u017edy k\u00a0dispozici aktu\u00e1ln\u00ed praktick\u00e9 informace do v\u00fduky<br><br>\u2022\u00a0<strong>METODICK\u00c9 N\u00c1M\u011aTY<\/strong>\u00a0ve form\u011b p\u0159ibli\u017en\u011b 160 vide\u00ed,\u00a0kter\u00e1 prov\u00e1zej\u00edc\u00ed v\u00fdukou; videa V\u00e1m nab\u00eddnou konkr\u00e9tn\u00ed mo\u017enosti podpory aktivn\u00ed pr\u00e1ce d\u011bt\u00ed, aby je v\u00fduka vedla k\u00a0samostatn\u00e9mu my\u0161len\u00ed, vz\u00e1jemn\u00e9 spolupr\u00e1ci, vrstevnick\u00e9mu u\u010den\u00ed, k\u00a0poctiv\u00e9mu sebehodnocen\u00ed a\u00a0reflexi, k\u00a0badatelstv\u00ed a\u00a0z\u00e1rove\u0148 rozv\u00edjela schopnosti argumentovat, prezenta\u010dn\u00ed dovednosti a\u00a0vyu\u017e\u00edvala dramatizaci.<\/p>\n\n\n\n<hr class=\"wp-block-separator has-alpha-channel-opacity\"\/>\n\n\n\n<h3 class=\"wp-block-heading\">Autorsk\u00e1 p\u0159edstaven\u00ed novinek<\/h3>\n\n\n\n<p>Zp\u0159\u00edstup\u0148ujeme V\u00e1m zdarma v\u0161echny&nbsp;<strong>z\u00e1znamy&nbsp;<\/strong>dosud odvys\u00edlan\u00fdch&nbsp;<strong>autorsk\u00fdch p\u0159edstaven\u00ed<\/strong>:<\/p>\n\n\n\n<ul class=\"wp-block-list\">\n<li><a href=\"http:\/\/nns.cz\/knihovnicka\" target=\"_blank\" rel=\"noreferrer noopener\"><strong>Knihovni\u010dka ke Slabik\u00e1\u0159i AMOS<\/strong><\/a>&nbsp;\u2013 \u010dtu cel\u00e9 kn\u00ed\u017eky u\u017e od 1.&nbsp;ro\u010dn\u00edku<\/li>\n\n\n\n<li><strong><a href=\"https:\/\/nns.cz\/amos\/amos-plus\/\" target=\"_blank\" rel=\"noreferrer noopener\">AMOS PLUS pro 1.&nbsp;ro\u010dn\u00edk<\/a><\/strong>&nbsp;\u2013 rozv\u00edjejte aplikovan\u00e9 \u010dten\u00ed, psan\u00ed, po\u010d\u00edt\u00e1n\u00ed a&nbsp;prvouku ji\u017e od prvn\u00edho p\u00edsmene<\/li>\n\n\n\n<li><strong><a href=\"http:\/\/nns.cz\/postrehovani\" target=\"_blank\" rel=\"noreferrer noopener\">MIU\u010d+ Zdokonalujeme post\u0159ehov\u00e1n\u00ed<\/a><\/strong>&nbsp;\u2013 zlep\u0161ujte soust\u0159ed\u011bn\u00ed a&nbsp;kr\u00e1tkodobou pam\u011b\u0165 d\u011bt\u00ed<\/li>\n\n\n\n<li><a href=\"https:\/\/www.nns.cz\/blog\/interaktivni-ucebnice\/planujeme-cestu\/\" target=\"_blank\" rel=\"noreferrer noopener\"><strong>MIU\u010d+ k&nbsp;tisku Pl\u00e1nujeme cestu s&nbsp;Ag\u00e1tou pro 1.&nbsp;a\u017e 4.&nbsp;ro\u010dn\u00edk<\/strong><\/a>&nbsp;\u2013 pom\u00e1hejte Ag\u00e1t\u011b naj\u00edt spr\u00e1vnou cestu a&nbsp;rozv\u00edjejte t\u00edm orientaci v&nbsp;prostoru<\/li>\n\n\n\n<li><strong><a href=\"https:\/\/nns.cz\/agata\/ctenarske-zaklady\/\" target=\"_blank\" rel=\"noreferrer noopener\">\u010cten\u00e1\u0159sk\u00e9 z\u00e1klady<\/a>&nbsp;\u2013&nbsp;<\/strong>nab\u00edzej\u00edc\u00ed&nbsp;<em>\u010cteme a&nbsp;p\u00ed\u0161eme s&nbsp;Ag\u00e1tou<\/em>&nbsp;v&nbsp;<strong>rozvoln\u011bn\u00e9 podob\u011b<\/strong><\/li>\n<\/ul>\n\n\n\n<p>V\u00fdukov\u00fd materi\u00e1l p\u0159edstav\u00ed spoluautor&nbsp;<strong>Mgr. Milo\u0161 Novotn\u00fd<\/strong>.<\/p>\n\n\n\n<h3 class=\"wp-block-heading\"><strong>Jak online autorsk\u00e1 p\u0159edstaven\u00ed hodnot\u00ed \u00fa\u010dastn\u00edci?<\/strong><\/h3>\n\n\n\n<p>\u201eSkv\u011bl\u00fd lektor a&nbsp;jasn\u00e9, stru\u010dn\u00e9, p\u0159ehledn\u00e9 p\u0159edstaven\u00ed nov\u00e9ho materi\u00e1lu.\u201e<\/p>\n\n\n\n<p>\u201eJsem r\u00e1da za nov\u00e9 materi\u00e1ly, kter\u00e9 pomohou \u017e\u00e1k\u016fm, se kter\u00fdmi pracuji.\u201c<\/p>\n\n\n\n<p>\u201eBylo to velice zaj\u00edmav\u00e9 a&nbsp;dob\u0159e pou\u017eiteln\u00e9 v&nbsp;praxi.\u201e<\/p>\n\n\n\n<p>\u201eNemusela jsem nikam doj\u00ed\u017ed\u011bt a&nbsp;sezn\u00e1mila se s&nbsp;dal\u0161\u00edmi mo\u017enostmi.\u201e<\/p>\n\n\n\n<p>\u201eMoc mi p\u0159edstaven\u00ed pomohlo.\u201e<\/p>\n\n\n\n<p>\u201eAno, moc se mi to libilo. Je velmi d\u016fle\u017eit\u00e9 p\u0159edstavit nov\u00e9 u\u010debn\u00ed materi\u00e1ly. R\u00e1da se seznamuji s&nbsp;u\u010debnic\u00ed p\u0159ed t\u00edm, ne\u017e ji budu pou\u017e\u00edvat. V\u0161echna \u0161kolen\u00ed pana Novotn\u00e9ho jsou na velmi kvalitn\u00ed \u00farovni.\u201c<\/p>\n\n\n\n<p>\u201eBylo to skv\u011bl\u00e9, z\u00edskala jsem nov\u00e9 informace, kter\u00e9 ur\u010dit\u011b vyu\u017eiji.\u201c<\/p>\n\n\n\n<p>&#8212;&#8212;&#8212;&#8212;&#8212;&#8212;&#8212;&#8212;&#8212;&#8212;&#8212;&#8212;&#8212;&#8212;&#8212;&#8212;&#8212;&#8212;&#8212;&#8212;&#8212;&#8211;<\/p>\n\n\n\n<p><strong>Jak hodnotili p\u016fvodn\u00ed semin\u00e1\u0159 AMOS jeho \u00fa\u010dastn\u00edci?<\/strong><\/p>\n\n\n\n<blockquote class=\"wp-block-quote is-layout-flow wp-block-quote-is-layout-flow\">\n<p>Semin\u00e1\u0159 AMOS mi uk\u00e1zal, jak lze elegantn\u011b a&nbsp;smyslupln\u011b propojit trio st\u011b\u017eejn\u00edch p\u0159edm\u011bt\u016f pro prv\u0148\u00e1\u010dky p\u0159irozenou a&nbsp;hravou formou. Velmi se mi l\u00edb\u00ed ohleduplnost ke v\u0161em d\u011btem a&nbsp;mo\u017enost nastaven\u00ed rychlosti IC dle schopnost\u00ed d\u011bt\u00ed. Mysl\u00edm, \u017ee v\u011bt\u0161ina d\u011bt\u00ed p\u0159i&nbsp;t\u00e9 z\u00e1bav\u011b ani nepozn\u00e1, \u017ee se u\u010d\u00ed.<\/p>\n<cite>Mgr. Hana Lipovsk\u00e1<\/cite><\/blockquote>\n\n\n\n<blockquote class=\"wp-block-quote is-layout-flow wp-block-quote-is-layout-flow\">\n<p>Semin\u00e1\u0159 byl zaj\u00edmav\u00fd, pou\u010dn\u00fd a&nbsp;donutil m\u011b se zamyslet nad sebou a&nbsp;nad vlastn\u00edmi v\u00fdukov\u00fdmi metodami. Obdr\u017eela jsem podn\u011bty, co bych mohla zm\u011bnit, a&nbsp;dostala jsem \u0161anci nahl\u00e9dnout na n\u011bkter\u00e9 didaktick\u00e9 postupy z&nbsp;druh\u00e9 strany.<\/p>\n<cite>Mgr. Tereza Bene\u0161ov\u00e1<\/cite><\/blockquote>\n\n\n\n<blockquote class=\"wp-block-quote is-layout-flow wp-block-quote-is-layout-flow\">\n<p>Po letech praxe v&nbsp;1.&nbsp;t\u0159\u00edd\u011b nebudu muset vyr\u00e1b\u011bt a&nbsp;tvo\u0159it \u017e\u00e1dn\u00e9 pom\u016fcky tzv.&nbsp;na kolen\u011b. Ve vzd\u011bl\u00e1vac\u00edch a&nbsp;u\u010debn\u00edch materi\u00e1lech AMOS je v\u0161e. D\u011bkuji.<\/p>\n<cite>Mgr. Helena Kr\u00e1tk\u00e1<\/cite><\/blockquote>\n\n\n\n<blockquote class=\"wp-block-quote is-layout-flow wp-block-quote-is-layout-flow\">\n<p>U\u010debnice jsou vytvo\u0159eny velmi odborn\u011b, logicky a&nbsp;didakticky jsou jednotn\u00e9. L\u00edb\u00ed se mi dvoj\u00ed str\u00e1nkov\u00e1n\u00ed, piktogramy, my\u0161lenkov\u00e9 mapy, IC, pokusy\u2026 Vedou d\u011bti k&nbsp;samostatn\u00e9mu my\u0161len\u00ed, k&nbsp;rozvoji pam\u011bti\u2026 Jsou velk\u00fdm pomocn\u00edkem pro u\u010ditele, d\u011bti i&nbsp;rodi\u010de.<\/p>\n<cite>Mgr. Jana Pavl\u00ed\u010dkov\u00e1<\/cite><\/blockquote>\n\n\n\n<p><\/p>\n","protected":false},"excerpt":{"rendered":"<p>V\u00e1\u017een\u00ed vyu\u010duj\u00edc\u00ed, rozhodli jsme se v\u00e1m m\u00edsto jednor\u00e1zov\u00fdch webin\u00e1\u0159\u016f poskytnout ucelenou podporu programem: U\u010d\u00edm s&nbsp;AMOSem v&nbsp;1.&nbsp;ro\u010dn\u00edku V&nbsp;r\u00e1mci celoro\u010dn\u00edho programu &#8222;U\u010d\u00edm s&nbsp;AMOSem v&nbsp;1.&nbsp;ro\u010dn\u00edku&#8220;&nbsp;z\u00edsk\u00e1te p\u0159\u00edstup k&nbsp;metodick\u00fdm n\u00e1m\u011bt\u016fm ve form\u011b vide\u00ed, kter\u00e1 V\u00e1s budou prov\u00e1zet v\u00fdukou se \u010cteme a&nbsp;p\u00ed\u0161eme s&nbsp;Ag\u00e1tou, Mat\u00fdskovou matematikou &hellip; <\/p>\n","protected":false},"author":1,"featured_media":0,"parent":0,"menu_order":0,"comment_status":"closed","ping_status":"closed","template":"","meta":{"footnotes":""},"class_list":["post-481","page","type-page","status-publish","hentry"],"_links":{"self":[{"href":"https:\/\/nns.cz\/amos\/wp-json\/wp\/v2\/pages\/481","targetHints":{"allow":["GET"]}}],"collection":[{"href":"https:\/\/nns.cz\/amos\/wp-json\/wp\/v2\/pages"}],"about":[{"href":"https:\/\/nns.cz\/amos\/wp-json\/wp\/v2\/types\/page"}],"author":[{"embeddable":true,"href":"https:\/\/nns.cz\/amos\/wp-json\/wp\/v2\/users\/1"}],"replies":[{"embeddable":true,"href":"https:\/\/nns.cz\/amos\/wp-json\/wp\/v2\/comments?post=481"}],"version-history":[{"count":153,"href":"https:\/\/nns.cz\/amos\/wp-json\/wp\/v2\/pages\/481\/revisions"}],"predecessor-version":[{"id":5373,"href":"https:\/\/nns.cz\/amos\/wp-json\/wp\/v2\/pages\/481\/revisions\/5373"}],"wp:attachment":[{"href":"https:\/\/nns.cz\/amos\/wp-json\/wp\/v2\/media?parent=481"}],"curies":[{"name":"wp","href":"https:\/\/api.w.org\/{rel}","templated":true}]}}