{"id":3836,"date":"2023-08-28T15:11:24","date_gmt":"2023-08-28T13:11:24","guid":{"rendered":"https:\/\/nns.cz\/amos\/?page_id=3836"},"modified":"2025-04-01T18:15:28","modified_gmt":"2025-04-01T16:15:28","slug":"ke-stazeni","status":"publish","type":"page","link":"https:\/\/nns.cz\/amos\/ke-stazeni\/","title":{"rendered":"Ke sta\u017een\u00ed"},"content":{"rendered":"\n<h2 class=\"wp-block-heading\">AMOS<\/h2>\n\n\n\n<p><a rel=\"noreferrer noopener\" href=\"https:\/\/nns.cz\/amos\/wp-content\/uploads\/2023\/08\/Tabulka-propojeni-predmetu-tematicky-plan.pdf\" data-type=\"link\" data-id=\"https:\/\/nns.cz\/amos\/wp-content\/uploads\/2023\/08\/Tabulka-propojeni-predmetu-tematicky-plan.pdf\" target=\"_blank\">Tabulka propojen\u00ed p\u0159edm\u011bt\u016f (tematick\u00fd pl\u00e1n) (PDF)<\/a><\/p>\n\n\n\n<p><a href=\"https:\/\/nns.cz\/amos\/wp-content\/uploads\/2023\/08\/Obrazky-AMOS.zip\">Obr\u00e1zky Ag\u00e1ty, Mat\u00fdska a&nbsp;Oskara, kter\u00e9 m\u016f\u017eete ve v\u00fduce nap\u0159.&nbsp;pro v\u00fdzdobu t\u0159\u00eddy. (ZIP)<\/a><\/p>\n\n\n\n<p><a href=\"https:\/\/nns.cz\/amos\/wp-content\/uploads\/2023\/08\/Piktogramy-predmetu-a-cinnosti-AMOS.pdf\">Piktogramy \u010dinnost\u00ed a&nbsp;p\u0159edm\u011bt\u016f (PDF)<\/a><\/p>\n\n\n\n<h2 class=\"wp-block-heading\">OSKAR<\/h2>\n\n\n\n<p><a rel=\"noreferrer noopener\" href=\"https:\/\/nns.cz\/amos\/wp-content\/uploads\/2023\/08\/Piktogramy-chovani.pdf\" target=\"_blank\">Piktogramy chov\u00e1n\u00ed (PDF)<\/a><\/p>\n\n\n\n<h2 class=\"wp-block-heading\">UK\u00c1ZKOV\u00c9 STRANY<\/h2>\n\n\n\n<p><strong>P\u0159ipravili jsme pro V\u00e1s uk\u00e1zky z&nbsp;jednotliv\u00fdch titul\u016f vzd\u011bl\u00e1vac\u00edch materi\u00e1l\u016f AMOS&nbsp;<\/strong> (kvalita uk\u00e1zek je oproti ti\u0161t\u011bn\u00fdm titul\u016fm pro rychlej\u0161\u00ed na\u010d\u00edt\u00e1n\u00ed p\u0159es internet sn\u00ed\u017eena):<\/p>\n\n\n\n<h4 class=\"wp-block-heading\"><strong>\u010cteme a&nbsp;p\u00ed\u0161eme s&nbsp;Ag\u00e1tou<\/strong><\/h4>\n\n\n\n<p><strong>U\u010debnice<\/strong> <br><a href=\"https:\/\/nns.cz\/agata\/wp-content\/uploads\/1A-01-\u017div\u00e1-abeceda-\u010cteme-a-p\u00ed\u0161eme-s-Ag\u00e1tou-uk\u00e1zka-zmen\u0161eno.pdf\">\u017div\u00e1 abeceda<\/a><br><a href=\"https:\/\/nns.cz\/agata\/wp-content\/uploads\/1A-02-Slabik\u00e1\u0159-1.d\u00edl-\u010cteme-a-p\u00ed\u0161eme-s-Ag\u00e1tou-uk\u00e1zka-zmen\u0161eno.pdf\">Slabik\u00e1\u0159, 1.&nbsp;d\u00edl<\/a><br><a href=\"https:\/\/nns.cz\/agata\/wp-content\/uploads\/1A-03-Slabik\u00e1\u0159-2.d\u00edl-\u010cteme-a-p\u00ed\u0161eme-s-Ag\u00e1tou-uk\u00e1zka-zmen\u0161eno.pdf\">Slabik\u00e1\u0159, 2.&nbsp;d\u00edl<\/a><br><a href=\"https:\/\/nns.cz\/agata\/wp-content\/uploads\/1A-04-Slabik%C3%A1%C5%99-3.d%C3%ADl-%C4%8Cteme-a-p%C3%AD%C5%A1eme-s-Ag%C3%A1tou-uk%C3%A1zka-zmen%C5%A1eno.pdf\">Slabik\u00e1\u0159, 3.&nbsp;d\u00edl<\/a><br><br><strong>P\u00edsanky<\/strong><br><a href=\"https:\/\/nns.cz\/agata\/wp-content\/uploads\/1A-11-Uvol\u0148ovac\u00ed-cviky-\u010cteme-a-p\u00ed\u0161eme-s-Ag\u00e1tou-uk\u00e1zka-zmen\u0161eno.pdf\">Uvol\u0148ovac\u00ed cviky a&nbsp;Psan\u00ed \u010d\u00edslic<\/a><br><a href=\"https:\/\/nns.cz\/agata\/wp-content\/uploads\/1A-12-P\u00edsanka-1.-d\u00edl-\u010cteme-a-p\u00ed\u0161eme-s-Ag\u00e1tou-uk\u00e1zka-zmen\u0161eno.pdf\">P\u00edsanka, 1.&nbsp;d\u00edl<\/a><br><a href=\"https:\/\/nns.cz\/agata\/wp-content\/uploads\/1A-13-P%C3%ADsanka-2.-d%C3%ADl-%C4%8Cteme-a-p%C3%AD%C5%A1eme-s-Ag%C3%A1tou-uk%C3%A1zka-zmen%C5%A1eno.pdf\">P\u00edsanka, 2.&nbsp;d\u00edl<\/a><br><a href=\"https:\/\/nns.cz\/agata\/wp-content\/uploads\/1A-14-P%C3%ADsanka-3.-d%C3%ADl-%C4%8Cteme-a-p%C3%AD%C5%A1eme-s-Ag%C3%A1tou-uk%C3%A1zka-zmen%C5%A1eno.pdf\">P\u00edsanka, 3.&nbsp;d\u00edl<\/a><br><br><strong>Zdokonalujeme \u010dten\u00ed<\/strong><br><a href=\"https:\/\/nns.cz\/agata\/wp-content\/uploads\/1A-21-Zdokonalujeme-\u010dten\u00ed-k-\u017div\u00e9-abeced\u011b-\u010cteme-a-p\u00ed\u0161eme-s-Ag\u00e1tou-uk\u00e1zka-zmen\u0161eno-1.pdf\">Zdokonalujeme \u010dten\u00ed k&nbsp;u\u010debnici \u017div\u00e1 abeceda <\/a><br><a href=\"https:\/\/nns.cz\/agata\/wp-content\/uploads\/1A-22-Zdokonalujeme-%C4%8Dten%C3%AD-ke-Slabik%C3%A1%C5%99i-1.d%C3%ADl-%C4%8Cteme-a-p%C3%AD%C5%A1eme-s-Ag%C3%A1tou-uk%C3%A1zka-zmen%C5%A1eno.pdf\">Zdokonalujeme \u010dten\u00ed k&nbsp;u\u010debnici Slabik\u00e1\u0159, 1.&nbsp;d\u00edl<\/a> <br><a href=\"https:\/\/nns.cz\/agata\/wp-content\/uploads\/1A-23-Zdokonalujeme-%C4%8Dten%C3%AD-ke-Slabik%C3%A1%C5%99i-2.d%C3%ADl-%C4%8Cteme-a-p%C3%AD%C5%A1eme-s-Ag%C3%A1tou-uk%C3%A1zka-zmen%C5%A1eno.pdf\">Zdokonalujeme \u010dten\u00ed k&nbsp;u\u010debnici Slabik\u00e1\u0159, 2.&nbsp;d\u00edl<\/a> <br><a href=\"https:\/\/nns.cz\/agata\/wp-content\/uploads\/1A-24-Zdokonalujeme-%C4%8Dten%C3%AD-ke-Slabik%C3%A1%C5%99i-3.d%C3%ADl-%C4%8Cteme-a-p%C3%AD%C5%A1eme-s-Ag%C3%A1tou-uk%C3%A1zka-zmen%C5%A1eno.pdf\">Zdokonalujeme \u010dten\u00ed k&nbsp;u\u010debnici Slabik\u00e1\u0159, 3.&nbsp;d\u00edl<\/a><br><br><strong>Metodick\u00fd pr\u016fvodce<\/strong><br><a href=\"http:\/\/nns.cz\/agata\/wp-content\/uploads\/1A-06-Metodick%C3%BD-pr%C5%AFvodce-%C4%8Cteme-a-p%C3%AD%C5%A1eme-s-Ag%C3%A1tou_web.pdf\">Metodick\u00fd pr\u016fvodce k&nbsp;v\u00fduce \u010dten\u00ed a&nbsp;psan\u00ed v&nbsp;1.&nbsp;ro\u010dn\u00edku<\/a><\/p>\n\n\n\n<h4 class=\"wp-block-heading\"><strong>Mat\u00fdskova matematika<\/strong><\/h4>\n\n\n\n<p><strong>U\u010debnice<\/strong> <br><a href=\"http:\/\/www.matyskova-matematika.cz\/wp-content\/uploads\/2018\/06\/Uk\u00e1zka-Mat\u00fdskova-matematika-1.-d\u00edl-po\u010d\u00edt\u00e1n\u00ed-do-5-aktualizovan\u00e9-vyd\u00e1n\u00ed-2018.pdf\">Mat\u00fdskova matematika, 1.&nbsp;d\u00edl \u2013 po\u010d\u00edt\u00e1n\u00ed do 5<\/a><br><a href=\"http:\/\/www.matyskova-matematika.cz\/wp-content\/uploads\/2018\/06\/Uk\u00e1zka-Mat\u00fdskova-matematika-2.-d\u00edl-po\u010d\u00edt\u00e1n\u00ed-do-10-aktualizovan\u00e9-vyd\u00e1n\u00ed-2018.pdf\">Mat\u00fdskova matematika, 2.&nbsp;d\u00edl \u2013 po\u010d\u00edt\u00e1n\u00ed do 10<\/a><br><a href=\"http:\/\/www.matyskova-matematika.cz\/wp-content\/uploads\/2018\/06\/Uk\u00e1zka-Mat\u00fdskova-matematika-3.-d\u00edl-po\u010d\u00edt\u00e1n\u00ed-do-20-bez-p\u0159echodu-p\u0159es-10-aktualizovan\u00e9-vyd\u00e1n\u00ed-2018.pdf\">Mat\u00fdskova matematika, 3.&nbsp;d\u00edl \u2013 po\u010d\u00edt\u00e1n\u00ed do 20 bez p\u0159echodu p\u0159es 10<\/a><br><br><strong>Pracovn\u00ed se\u0161ity<\/strong><br><a href=\"http:\/\/www.matyskova-matematika.cz\/wp-content\/uploads\/2018\/06\/Uk\u00e1zka-Procvi\u010dujeme-s-Mat\u00fdskem-Po\u010d\u00edt\u00e1n\u00ed-do-p\u011bti-a-do-deseti-aktualizovan\u00e9-vyd\u00e1n\u00ed-2018.pdf\">Procvi\u010dujeme s&nbsp;Mat\u00fdskem \u2013 Po\u010d\u00edt\u00e1n\u00ed do p\u011bti a&nbsp;do deseti<\/a><br><a href=\"http:\/\/www.matyskova-matematika.cz\/wp-content\/uploads\/2018\/06\/Uk\u00e1zka-Procvi\u010dujeme-s-Mat\u00fdskem-Po\u010d\u00edt\u00e1n\u00ed-do-dvaceti-aktualizovan\u00e9-vyd\u00e1n\u00ed-2018.pdf\">Procvi\u010dujeme s&nbsp;Mat\u00fdskem \u2013 Po\u010d\u00edt\u00e1n\u00ed do dvaceti<\/a><br><br><strong>Metodick\u00fd pr\u016fvodce<\/strong> <br><a href=\"http:\/\/www.matyskova-matematika.cz\/wp-content\/uploads\/2018\/08\/Metodick%C3%A9-pozn%C3%A1mky-Mat%C3%BDskova-matamatika-1.-d%C3%ADl-aktualizovan%C3%A9-vyd%C3%A1n%C3%AD-2018.pdf\">Metodick\u00e9 pozn\u00e1mky k&nbsp;1.&nbsp;d\u00edlu<\/a><br><a href=\"http:\/\/www.matyskova-matematika.cz\/wp-content\/uploads\/2019\/01\/Metodick%C3%A9-pozn%C3%A1mky-Mat%C3%BDskova-matamatika-2.-d%C3%ADl-aktualizovan%C3%A9-vyd%C3%A1n%C3%AD-2018.pdf\">Metodick\u00e9 pozn\u00e1mky k&nbsp;2.&nbsp;d\u00edlu<\/a><br><\/p>\n\n\n\n<h4 class=\"wp-block-heading\"> <strong>Objevujeme a&nbsp;pozn\u00e1v\u00e1me s&nbsp;Oskarem<\/strong> <\/h4>\n\n\n\n<p><strong>Pracovn\u00ed u\u010debnice<\/strong><br><a href=\"https:\/\/nns.cz\/amos\/wp-content\/uploads\/2019\/03\/Uk\u00e1zka-Oskarova-Prvouka-1.pdf\">Oskarova prvouka 1<\/a><br><br><strong>Metodick\u00fd pr\u016fvodce<\/strong><br><a href=\"https:\/\/nns.cz\/amos\/wp-content\/uploads\/2019\/03\/UK\u00c1ZKA-METODICK\u00c9-POZN\u00c1MKY-K-U\u010cEBNICI-OSKAROVA-PRVOUKA-1.pdf\">Oskarova prvouka 1<\/a><\/p>\n\n\n\n<p><strong>Pracovn\u00ed u\u010debnice<\/strong><br><a href=\"https:\/\/www.mediacreator.cz\/mc\/index.php?opentitle=Oskarova_prvouka_2\/Oskarova_prvouka_2.mc&amp;pageord=1\" target=\"_blank\" rel=\"noreferrer noopener\">Oskarova prvouka 2<\/a> &#8211; prohl\u00e9dn\u011bte si v&nbsp;interaktivn\u00ed podob\u011b<\/p>\n\n\n\n<p><strong>Metodick\u00fd pr\u016fvodce<\/strong><br><a href=\"https:\/\/nns.cz\/amos\/wp-content\/uploads\/2020\/08\/2A-95-Metodisk\u00fd-pr\u016fvodce-Oskarova-prvouka-2-str.-1-35.pdf\">Oskarova prvouka 2<\/a><\/p>\n\n\n\n<p><strong>Metodick\u00fd pr\u016fvodce<\/strong><br><a href=\"https:\/\/nns.cz\/amos\/wp-content\/uploads\/2021\/10\/Oskarova-prvouka-3-Metodicky-pruvodce-ukazka2.pdf\" target=\"_blank\" rel=\"noreferrer noopener\">Oskarova prvouka 3<\/a><\/p>\n","protected":false},"excerpt":{"rendered":"<p>AMOS Tabulka propojen\u00ed p\u0159edm\u011bt\u016f (tematick\u00fd pl\u00e1n) (PDF) Obr\u00e1zky Ag\u00e1ty, Mat\u00fdska a&nbsp;Oskara, kter\u00e9 m\u016f\u017eete ve v\u00fduce nap\u0159.&nbsp;pro v\u00fdzdobu t\u0159\u00eddy. (ZIP) Piktogramy \u010dinnost\u00ed a&nbsp;p\u0159edm\u011bt\u016f (PDF) OSKAR Piktogramy chov\u00e1n\u00ed (PDF) UK\u00c1ZKOV\u00c9 STRANY P\u0159ipravili jsme pro V\u00e1s uk\u00e1zky z&nbsp;jednotliv\u00fdch titul\u016f vzd\u011bl\u00e1vac\u00edch materi\u00e1l\u016f AMOS&nbsp; (kvalita &hellip; <\/p>\n","protected":false},"author":20,"featured_media":0,"parent":0,"menu_order":0,"comment_status":"closed","ping_status":"closed","template":"","meta":{"footnotes":""},"class_list":["post-3836","page","type-page","status-publish","hentry"],"_links":{"self":[{"href":"https:\/\/nns.cz\/amos\/wp-json\/wp\/v2\/pages\/3836","targetHints":{"allow":["GET"]}}],"collection":[{"href":"https:\/\/nns.cz\/amos\/wp-json\/wp\/v2\/pages"}],"about":[{"href":"https:\/\/nns.cz\/amos\/wp-json\/wp\/v2\/types\/page"}],"author":[{"embeddable":true,"href":"https:\/\/nns.cz\/amos\/wp-json\/wp\/v2\/users\/20"}],"replies":[{"embeddable":true,"href":"https:\/\/nns.cz\/amos\/wp-json\/wp\/v2\/comments?post=3836"}],"version-history":[{"count":3,"href":"https:\/\/nns.cz\/amos\/wp-json\/wp\/v2\/pages\/3836\/revisions"}],"predecessor-version":[{"id":4803,"href":"https:\/\/nns.cz\/amos\/wp-json\/wp\/v2\/pages\/3836\/revisions\/4803"}],"wp:attachment":[{"href":"https:\/\/nns.cz\/amos\/wp-json\/wp\/v2\/media?parent=3836"}],"curies":[{"name":"wp","href":"https:\/\/api.w.org\/{rel}","templated":true}]}}