{"id":3549,"date":"2022-08-09T20:20:27","date_gmt":"2022-08-09T18:20:27","guid":{"rendered":"https:\/\/nns.cz\/amos\/?page_id=3549"},"modified":"2026-03-14T18:29:04","modified_gmt":"2026-03-14T17:29:04","slug":"amos-plus","status":"publish","type":"page","link":"https:\/\/nns.cz\/amos\/amos-plus\/","title":{"rendered":"AMOS PLUS"},"content":{"rendered":"\n<p>Aktualita 2026: P\u0159ipravujeme nov\u00fd ucelen\u00fd materi\u00e1l <strong>AMOS Plus pro 1.&nbsp;ro\u010dn\u00edk<\/strong>, kter\u00fd m\u016f\u017eete z\u00edskat zdarma k&nbsp;n\u00e1kupu <a href=\"https:\/\/www.nns.cz\/obchod\/index.php?item=nabidka2&amp;eshop_action=show_sel_data&amp;tags[]=16\" target=\"_blank\" rel=\"noreferrer noopener\">\u010cteme a&nbsp;p\u00ed\u0161eme s&nbsp;Ag\u00e1tou nebo cel\u00e9ho AMOSe pro 1.&nbsp;ro\u010dn\u00edk<\/a>.<\/p>\n\n\n\n<figure class=\"wp-block-image size-large\"><img loading=\"lazy\" decoding=\"async\" width=\"1024\" height=\"203\" src=\"https:\/\/nns.cz\/amos\/wp-content\/uploads\/2023\/03\/AMOS-PLUS-Aplikovane-cteni-1024x203.png\" alt=\"\" class=\"wp-image-3749\" srcset=\"https:\/\/nns.cz\/amos\/wp-content\/uploads\/2023\/03\/AMOS-PLUS-Aplikovane-cteni-1024x203.png 1024w, https:\/\/nns.cz\/amos\/wp-content\/uploads\/2023\/03\/AMOS-PLUS-Aplikovane-cteni-300x59.png 300w, https:\/\/nns.cz\/amos\/wp-content\/uploads\/2023\/03\/AMOS-PLUS-Aplikovane-cteni-768x152.png 768w, https:\/\/nns.cz\/amos\/wp-content\/uploads\/2023\/03\/AMOS-PLUS-Aplikovane-cteni-1536x304.png 1536w, https:\/\/nns.cz\/amos\/wp-content\/uploads\/2023\/03\/AMOS-PLUS-Aplikovane-cteni-2048x405.png 2048w, https:\/\/nns.cz\/amos\/wp-content\/uploads\/2023\/03\/AMOS-PLUS-Aplikovane-cteni-1320x261.png 1320w\" sizes=\"auto, (max-width: 1024px) 100vw, 1024px\" \/><\/figure>\n\n\n\n<p>Prohl\u00e9dn\u011bte si z\u00e1znam <a rel=\"noreferrer noopener\" href=\"https:\/\/youtu.be\/nkqZx9ZSnhw\" target=\"_blank\">autorsk\u00e9ho p\u0159edstaven\u00ed materi\u00e1l\u016f<\/a>:<\/p>\n\n\n\n<figure class=\"wp-block-embed aligncenter is-type-video is-provider-youtube wp-block-embed-youtube wp-embed-aspect-16-9 wp-has-aspect-ratio\"><div class=\"wp-block-embed__wrapper\">\n<iframe loading=\"lazy\" title=\"AMOS PLUS 30. 8. 2022 z\u00e1znam autorsk\u00e9ho p\u0159edstaven\u00ed\" width=\"832\" height=\"468\" src=\"https:\/\/www.youtube.com\/embed\/nkqZx9ZSnhw?feature=oembed\" frameborder=\"0\" allow=\"accelerometer; autoplay; clipboard-write; encrypted-media; gyroscope; picture-in-picture; web-share\" referrerpolicy=\"strict-origin-when-cross-origin\" allowfullscreen><\/iframe>\n<\/div><\/figure>\n\n\n\n<figure class=\"wp-block-image size-large\"><img loading=\"lazy\" decoding=\"async\" width=\"1024\" height=\"403\" src=\"https:\/\/nns.cz\/amos\/wp-content\/uploads\/2023\/03\/amos_plus_vyhody_2023-1024x403.png\" alt=\"\" class=\"wp-image-3751\" srcset=\"https:\/\/nns.cz\/amos\/wp-content\/uploads\/2023\/03\/amos_plus_vyhody_2023-1024x403.png 1024w, https:\/\/nns.cz\/amos\/wp-content\/uploads\/2023\/03\/amos_plus_vyhody_2023-300x118.png 300w, https:\/\/nns.cz\/amos\/wp-content\/uploads\/2023\/03\/amos_plus_vyhody_2023-768x302.png 768w, https:\/\/nns.cz\/amos\/wp-content\/uploads\/2023\/03\/amos_plus_vyhody_2023-1536x604.png 1536w, https:\/\/nns.cz\/amos\/wp-content\/uploads\/2023\/03\/amos_plus_vyhody_2023-2048x806.png 2048w, https:\/\/nns.cz\/amos\/wp-content\/uploads\/2023\/03\/amos_plus_vyhody_2023-1320x519.png 1320w\" sizes=\"auto, (max-width: 1024px) 100vw, 1024px\" \/><\/figure>\n\n\n\n<h2 class=\"wp-block-heading\">AMOS PLUS K&nbsp;\u017dIV\u00c9 ABECED\u011a se samolepkami<\/h2>\n\n\n\n<figure class=\"wp-block-image size-large\"><img loading=\"lazy\" decoding=\"async\" width=\"1024\" height=\"902\" src=\"https:\/\/nns.cz\/amos\/wp-content\/uploads\/2022\/08\/amos-plus-k-zive-abecede-ukazka-1024x902.jpg\" alt=\"\" class=\"wp-image-3552\" srcset=\"https:\/\/nns.cz\/amos\/wp-content\/uploads\/2022\/08\/amos-plus-k-zive-abecede-ukazka-1024x902.jpg 1024w, https:\/\/nns.cz\/amos\/wp-content\/uploads\/2022\/08\/amos-plus-k-zive-abecede-ukazka-300x264.jpg 300w, https:\/\/nns.cz\/amos\/wp-content\/uploads\/2022\/08\/amos-plus-k-zive-abecede-ukazka-768x676.jpg 768w, https:\/\/nns.cz\/amos\/wp-content\/uploads\/2022\/08\/amos-plus-k-zive-abecede-ukazka-1536x1353.jpg 1536w, https:\/\/nns.cz\/amos\/wp-content\/uploads\/2022\/08\/amos-plus-k-zive-abecede-ukazka-2048x1804.jpg 2048w, https:\/\/nns.cz\/amos\/wp-content\/uploads\/2022\/08\/amos-plus-k-zive-abecede-ukazka-1320x1163.jpg 1320w\" sizes=\"auto, (max-width: 1024px) 100vw, 1024px\" \/><\/figure>\n\n\n\n<p>Jako v&nbsp;ostatn\u00edch materi\u00e1lech AMOS jsou \u017e\u00e1ci vedeni k&nbsp;<strong>samostatn\u00e9mu \u0159e\u0161en\u00ed<\/strong> \u00fakol\u016f s&nbsp;pomoc\u00ed <strong>piktografick\u00fdch zad\u00e1n\u00ed<\/strong>. K&nbsp;\u0159e\u0161en\u00ed \u00fakol\u016f \u017e\u00e1ci d\u00e1le vyu\u017e\u00edvaj\u00ed i&nbsp;pr\u00e1ci s&nbsp;obr\u00e1zky, zna\u010dkami, symboly, texty, tabulkami a&nbsp;sch\u00e9maty, a&nbsp;t\u00edm buduj\u00ed z\u00e1klady <strong>informatick\u00e9ho my\u0161len\u00ed<\/strong>.<\/p>\n\n\n\n<p>Pr\u00e1ci s&nbsp;<strong>AMOS PLUS k&nbsp;\u017div\u00e9 abeced\u011b<\/strong> m\u016f\u017eete za\u0159adit <strong>pr\u016fb\u011b\u017en\u011b<\/strong> b\u011bhem v\u00fduky podle <em>\u017div\u00e9 abecedy<\/em>, ale tak\u00e9 <strong>kdykoli pozd\u011bji v&nbsp;pr\u016fb\u011bhu 1.&nbsp;ro\u010dn\u00edku<\/strong>. Pozd\u011bj\u0161\u00ed za\u0159azen\u00ed m\u016f\u017ee slou\u017eit <strong>k opakov\u00e1n\u00ed osvojen\u00e9 l\u00e1tky na dovednostn\u011b n\u00e1ro\u010dn\u011bj\u0161\u00edch typech cvi\u010den\u00ed<\/strong>.<\/p>\n\n\n\n<p>Objedn\u00e1vat m\u016f\u017eete na v&nbsp;na\u0161em <a href=\"https:\/\/www.nns.cz\/obchod\/index.php?item=nabidka2&amp;eshop_action=show_sel_data&amp;order_by=isbn&amp;cat_lev2_chbx%5B%5D=75&amp;cat_lev2_chbx%5B%5D=70&amp;cat_lev2_chbx%5B%5D=65&amp;cat_lev2_chbx%5B%5D=76&amp;cat_lev2_chbx%5B%5D=77&amp;show_pkg=1&amp;cat_lev3=X&amp;cat_lev4=X&amp;search_pat=amos+plus&amp;isbn_pat=\" target=\"_blank\" rel=\"noreferrer noopener\">e-shopu<\/a>.<\/p>\n\n\n\n<h2 class=\"wp-block-heading\">AMOS PLUS KE SLABIK\u00c1\u0158I 1 se samolepkami<\/h2>\n\n\n\n<figure class=\"wp-block-image size-large\"><img loading=\"lazy\" decoding=\"async\" width=\"1024\" height=\"647\" src=\"https:\/\/nns.cz\/amos\/wp-content\/uploads\/2022\/08\/amos-plus-e-slabikari-ukazka-1024x647.jpg\" alt=\"\" class=\"wp-image-3553\" srcset=\"https:\/\/nns.cz\/amos\/wp-content\/uploads\/2022\/08\/amos-plus-e-slabikari-ukazka-1024x647.jpg 1024w, https:\/\/nns.cz\/amos\/wp-content\/uploads\/2022\/08\/amos-plus-e-slabikari-ukazka-300x189.jpg 300w, https:\/\/nns.cz\/amos\/wp-content\/uploads\/2022\/08\/amos-plus-e-slabikari-ukazka-768x485.jpg 768w, https:\/\/nns.cz\/amos\/wp-content\/uploads\/2022\/08\/amos-plus-e-slabikari-ukazka-1536x970.jpg 1536w, https:\/\/nns.cz\/amos\/wp-content\/uploads\/2022\/08\/amos-plus-e-slabikari-ukazka-2048x1293.jpg 2048w, https:\/\/nns.cz\/amos\/wp-content\/uploads\/2022\/08\/amos-plus-e-slabikari-ukazka-1320x834.jpg 1320w\" sizes=\"auto, (max-width: 1024px) 100vw, 1024px\" \/><\/figure>\n\n\n\n<p><strong>Pr\u00e1ci s&nbsp;AMOS PLUS ke Slabik\u00e1\u0159i 1<\/strong> m\u016f\u017eete za\u0159adit <strong>pr\u016fb\u011b\u017en\u011b<\/strong> b\u011bhem v\u00fduky podle <strong>Slabik\u00e1\u0159e 1<\/strong>, ale<br>tak\u00e9 <strong>kdykoli pozd\u011bji v&nbsp;pr\u016fb\u011bhu 1.&nbsp;ro\u010dn\u00edku<\/strong>.<\/p>\n\n\n\n<p>Tak\u00e9 v&nbsp;p\u0159\u00edpad\u011b pr\u00e1ce s&nbsp;pracovn\u00edmi se\u0161ity AMOS PLUS <strong>m\u00e1 ka\u017ed\u00fd \u017e\u00e1k pr\u00e1vo napl\u0148ovat znalosti<br>a dovednosti sv\u00fdm vlastn\u00edm tempem<\/strong>.<\/p>\n\n\n\n<p>Objedn\u00e1vat m\u016f\u017eete na v&nbsp;na\u0161em <a rel=\"noreferrer noopener\" href=\"https:\/\/www.nns.cz\/obchod\/index.php?item=nabidka2&amp;eshop_action=show_sel_data&amp;order_by=isbn&amp;cat_lev2_chbx%5B%5D=75&amp;cat_lev2_chbx%5B%5D=70&amp;cat_lev2_chbx%5B%5D=65&amp;cat_lev2_chbx%5B%5D=76&amp;cat_lev2_chbx%5B%5D=77&amp;show_pkg=1&amp;cat_lev3=X&amp;cat_lev4=X&amp;search_pat=amos+plus&amp;isbn_pat=\" target=\"_blank\">e-shopu<\/a>.<\/p>\n","protected":false},"excerpt":{"rendered":"<p>Aktualita 2026: P\u0159ipravujeme nov\u00fd ucelen\u00fd materi\u00e1l AMOS Plus pro 1.&nbsp;ro\u010dn\u00edk, kter\u00fd m\u016f\u017eete z\u00edskat zdarma k&nbsp;n\u00e1kupu \u010cteme a&nbsp;p\u00ed\u0161eme s&nbsp;Ag\u00e1tou nebo cel\u00e9ho AMOSe pro 1.&nbsp;ro\u010dn\u00edk. Prohl\u00e9dn\u011bte si z\u00e1znam autorsk\u00e9ho p\u0159edstaven\u00ed materi\u00e1l\u016f: AMOS PLUS K&nbsp;\u017dIV\u00c9 ABECED\u011a se samolepkami Jako v&nbsp;ostatn\u00edch materi\u00e1lech AMOS jsou &hellip; <\/p>\n","protected":false},"author":20,"featured_media":0,"parent":0,"menu_order":0,"comment_status":"closed","ping_status":"closed","template":"","meta":{"footnotes":""},"class_list":["post-3549","page","type-page","status-publish","hentry"],"_links":{"self":[{"href":"https:\/\/nns.cz\/amos\/wp-json\/wp\/v2\/pages\/3549","targetHints":{"allow":["GET"]}}],"collection":[{"href":"https:\/\/nns.cz\/amos\/wp-json\/wp\/v2\/pages"}],"about":[{"href":"https:\/\/nns.cz\/amos\/wp-json\/wp\/v2\/types\/page"}],"author":[{"embeddable":true,"href":"https:\/\/nns.cz\/amos\/wp-json\/wp\/v2\/users\/20"}],"replies":[{"embeddable":true,"href":"https:\/\/nns.cz\/amos\/wp-json\/wp\/v2\/comments?post=3549"}],"version-history":[{"count":11,"href":"https:\/\/nns.cz\/amos\/wp-json\/wp\/v2\/pages\/3549\/revisions"}],"predecessor-version":[{"id":5431,"href":"https:\/\/nns.cz\/amos\/wp-json\/wp\/v2\/pages\/3549\/revisions\/5431"}],"wp:attachment":[{"href":"https:\/\/nns.cz\/amos\/wp-json\/wp\/v2\/media?parent=3549"}],"curies":[{"name":"wp","href":"https:\/\/api.w.org\/{rel}","templated":true}]}}