{"id":3144,"date":"2021-05-03T22:57:15","date_gmt":"2021-05-03T20:57:15","guid":{"rendered":"https:\/\/nns.cz\/amos\/?page_id=3144"},"modified":"2024-02-10T18:21:53","modified_gmt":"2024-02-10T17:21:53","slug":"jak-hodnotili-reprizu-online-seminare-amos-jeho-ucastnici-v-roce-2021","status":"publish","type":"page","link":"https:\/\/nns.cz\/amos\/jak-hodnotili-reprizu-online-seminare-amos-jeho-ucastnici-v-roce-2021\/","title":{"rendered":"Jak hodnotili repr\u00edzu online semin\u00e1\u0159e AMOS jeho \u00fa\u010dastn\u00edci v&nbsp;roce 2021?"},"content":{"rendered":"\n<p class=\"has-text-align-right\">zp\u011bt na p\u0159\u00edsp\u011bvek <a href=\"https:\/\/nns.cz\/amos\/webinar-amos-soubor-vzdelavacich-materialu-pro-1-rocnik-zdarma\" target=\"_blank\" rel=\"noreferrer noopener\">Online semin\u00e1\u0159 \u201eAMOS\u201c<\/a><\/p>\n\n\n\n<p>Velice d\u011bkujeme za Va\u0161e ohlasy a&nbsp;za mo\u017enost je zve\u0159ejnit:<\/p>\n\n\n\n<p><\/p>\n\n\n\n<blockquote class=\"wp-block-quote is-layout-flow wp-block-quote-is-layout-flow\">\n<p>Semin\u00e1\u0159 mi dal mo\u017enost pochopit syst\u00e9m v\u00fduky podle AMOSe, d\u011bkuji za skv\u011bl\u00e9 promy\u0161len\u00ed a&nbsp;propracov\u00e1n\u00ed PRO\u010c to tak vlastn\u011b je. Obrovskou pomoc mi to p\u0159ineslo v&nbsp;obdob\u00ed distan\u010dn\u00ed v\u00fduky v&nbsp;tomto roce, kdy hlavn\u011b v&nbsp;1.&nbsp;t\u0159\u00edd\u011b to bylo \u00fa\u017easn\u00fdm p\u0159\u00ednosem pro m\u011b i&nbsp;&#8222;M\u00c9&#8220; d\u011bti a&nbsp;rodi\u010de, kte\u0159\u00ed spole\u010dn\u011b se mnou mohli takto l\u00e9pe v\u00fduku zvl\u00e1dnout. \ud83d\ude42 Za co\u017e V\u00e1m pat\u0159\u00ed neskonal\u00fd d\u00edk. \ud83d\ude42 Je\u0161t\u011b jednou MNOHOKR\u00c1T D\u011aKUJI.<\/p>\n<cite>Mgr. Lenka Fridelov\u00e1<\/cite><\/blockquote>\n\n\n\n<blockquote class=\"wp-block-quote is-layout-flow wp-block-quote-is-layout-flow\">\n<p>V\u00fdborn\u00fd semin\u00e1\u0159 pro komplexn\u00ed n\u00e1hled na vyu\u017eit\u00ed, v\u010detn\u011b konkr\u00e9tn\u00edch tip\u016f z&nbsp;praxe. Nejen zaj\u00edmav\u00e9, ale i&nbsp;propracovan\u00e9.<\/p>\n<cite>Mgr. Bc. Hana \u010castul\u00edkov\u00e1<\/cite><\/blockquote>\n\n\n\n<blockquote class=\"wp-block-quote is-layout-flow wp-block-quote-is-layout-flow\">\n<p>Semin\u00e1\u0159 byl zaj\u00edmav\u00fd, pou\u010dn\u00fd a&nbsp;donutil m\u011b se zamyslet nad sebou a&nbsp;nad vlastn\u00edmi v\u00fdukov\u00fdmi metodami. Obdr\u017eela jsem podn\u011bty, co bych mohla zm\u011bnit, a&nbsp;dostala jsem \u0161anci nahl\u00e9dnout na n\u011bkter\u00e9 didaktick\u00e9 postupy z&nbsp;druh\u00e9 strany.<\/p>\n<cite>Mgr. Tereza Bene\u0161ov\u00e1<\/cite><\/blockquote>\n\n\n\n<blockquote class=\"wp-block-quote is-layout-flow wp-block-quote-is-layout-flow\">\n<p>Je vid\u011bt, \u017ee u\u010debnice nevznikaly od stolu, ale vych\u00e1z\u00ed z&nbsp;praxe. Velmi oce\u0148uji n\u00e1zornost, propojenost, souhlas\u00edm a&nbsp;t\u011b\u0161\u00edm se na sklonku sv\u00e9 pedagogick\u00e9 praxe (ve \u0161kolstv\u00ed pracuji od r. 1981) za\u017e\u00edt je\u0161t\u011b jednou poprv\u00e9.<\/p>\n<cite>Mgr. Blanka Kawanov\u00e1<\/cite><\/blockquote>\n\n\n\n<blockquote class=\"wp-block-quote is-layout-flow wp-block-quote-is-layout-flow\">\n<p>Semin\u00e1\u0159 AMOS mi uk\u00e1zal, jak lze elegantn\u011b a&nbsp;smyslupln\u011b propojit trio st\u011b\u017eejn\u00edch p\u0159edm\u011bt\u016f pro prv\u0148\u00e1\u010dky p\u0159irozenou a&nbsp;hravou formou. Velmi se mi l\u00edb\u00ed ohleduplnost ke v\u0161em d\u011btem a&nbsp;mo\u017enost nastaven\u00ed rychlosti IC dle schopnost\u00ed d\u011bt\u00ed. Mysl\u00edm, \u017ee v\u011bt\u0161ina d\u011bt\u00ed p\u0159i&nbsp;t\u00e9 z\u00e1bav\u011b ani nepozn\u00e1, \u017ee se u\u010d\u00ed. \ud83d\ude42<\/p>\n<cite> Mgr.&nbsp;Hana Lipovsk\u00e1<\/cite><\/blockquote>\n\n\n\n<blockquote class=\"wp-block-quote is-layout-flow wp-block-quote-is-layout-flow\">\n<p><em>Jako by mi n\u011bkdo otev\u0159el p\u0159iv\u0159en\u00e9 o\u010di. Ve sv\u00e9 dlouholet\u00e9 praxi jsem dost v\u011bc\u00ed znala, ale nezam\u00fd\u0161lela jsem se do hloubky. Pro\u010d, co a&nbsp;jak funguje. P\u00e1t\u00fd d\u00edl \u2013 pro m\u011b nadstandardn\u00ed. V&nbsp;dne\u0161n\u00ed dob\u011b maxim\u00e1ln\u011b vyu\u017eiteln\u00e9. Samostatnost d\u011bt\u00ed. Jsem nad\u0161en\u00e1. T\u011b\u0161\u00edm se na \u0161k. rok. Budeme \u010d\u00edst&nbsp;s&nbsp;Ag\u00e1tou, po\u010d\u00edtat s&nbsp;Mat\u00fdskem a&nbsp;zkoumat s&nbsp;Oskarem.<\/em><\/p>\n<cite>Mgr. Ludmila Bockov\u00e1<\/cite><\/blockquote>\n\n\n\n<blockquote class=\"wp-block-quote is-layout-flow wp-block-quote-is-layout-flow\">\n<p><em>\u010cekala jsem sezn\u00e1men\u00ed s&nbsp;u\u010debnicemi, ale ne\u010dekala jsem, \u017ee to bude tak dokonale podrobn\u00e9 sezn\u00e1men\u00ed s&nbsp;jejich vyu\u017e\u00edv\u00e1n\u00edm. Toto opravdu p\u0159ed\u010dilo v\u0161echna moje o\u010dek\u00e1v\u00e1n\u00ed. Na z\u00e1klad\u011b tohoto semin\u00e1\u0159e jako b\u00fdval\u00fd metodik a&nbsp;sou\u010dasn\u00fd Koordin\u00e1tor \u0160VP budu navrhovat za\u0159azen\u00ed t\u011bchto u\u010debnic do v\u00fduky v&nbsp;prvn\u00edm, po&nbsp;vyzkou\u0161en\u00ed i&nbsp;v&nbsp;dal\u0161\u00edch ro\u010dn\u00edc\u00edch.<\/em><\/p>\n<cite>Mgr. Iveta Dole\u017ealov\u00e1<\/cite><\/blockquote>\n\n\n\n<blockquote class=\"wp-block-quote is-layout-flow wp-block-quote-is-layout-flow\">\n<p><em>Semin\u00e1\u0159 byl pro mne velice zaj\u00edmav\u00fd. Byl pro mne inspirac\u00ed, zamy\u0161len\u00edm a&nbsp;uji\u0161t\u011bn\u00edm i&nbsp;pou\u010den\u00edm. Pan Novotn\u00fd je \u010dlov\u011bk na spr\u00e1vn\u00e9m m\u00edst\u011b. Svou pr\u00e1ci m\u00e1 jako sv\u00e9 posl\u00e1n\u00ed a&nbsp;je vid\u011bt, \u017ee ji d\u011bl\u00e1 dob\u0159e a&nbsp;r\u00e1d. V\u017edy p\u0159i\u0161el na zp\u016fsob, jak pomoci v\u0161em d\u011btem, aby u\u010divo pochopily v\u0161echny d\u011bti a&nbsp;z\u00edskaly je\u0161t\u011b sebev\u011bdom\u00ed. U\u010debn\u00ed materi\u00e1ly jsou moc hezky propracovan\u00e9 a&nbsp;na sebe navazuj\u00edc\u00ed. Smek\u00e1m, jak perfektn\u011b vymy\u0161len\u00e9.<\/em><\/p>\n<cite>Helena Jake\u0161ov\u00e1<\/cite><\/blockquote>\n\n\n\n<blockquote class=\"wp-block-quote is-layout-flow wp-block-quote-is-layout-flow\">\n<p><em>Semin\u00e1\u0159 AMOS byl moc fajn, na\u0161la jsem spoustu zaj\u00edmav\u00fdch n\u00e1pad\u016f a&nbsp;inspirac\u00ed. Pracuji ve speci\u00e1ln\u00ed \u0161kole, kde ur\u010dit\u011b vyu\u017eijeme n\u011bkter\u00e9 pracovn\u00ed listy \u010di&nbsp;jejich \u010d\u00e1sti. Na\u0161la jsem zde i&nbsp;mnoho podn\u011bt\u016f pro tvorbu vlastn\u00edch pracovn\u00edch list\u016f pro na\u0161e d\u011bti s&nbsp;MP. Velmi se mi l\u00edbila mockr\u00e1t opakovan\u00e1 v\u011bta, \u017ee &#8222;ka\u017ed\u00fd m\u00e1 pr\u00e1vo to pochopit n\u011bkdy jindy&#8220;. Tak trochu mi to v\u017edy p\u0159ipomn\u011blo motto na\u0161\u00ed organizace &#8222;jsme r\u016fzn\u00ed, ale pat\u0159\u00edme k&nbsp;sob\u011b&#8220;. D\u011bkuji.<\/em><\/p>\n<cite>Mgr. Zde\u0148ka Pecha\u010dov\u00e1<\/cite><\/blockquote>\n\n\n\n<blockquote class=\"wp-block-quote is-layout-flow wp-block-quote-is-layout-flow\">\n<p><em>Po letech praxe v&nbsp;1.&nbsp;t\u0159\u00edd\u011b nebudu muset vyr\u00e1b\u011bt a&nbsp;tvo\u0159it \u017e\u00e1dn\u00e9 pom\u016fcky tzv.&nbsp;na kolen\u011b. Ve vzd\u011bl\u00e1vac\u00edch a&nbsp;u\u010debn\u00edch materi\u00e1lech AMOS je v\u0161e. D\u011bkuji<\/em>.<\/p>\n<cite>Mgr. Helena Kr\u00e1tk\u00e1<\/cite><\/blockquote>\n\n\n\n<blockquote class=\"wp-block-quote is-layout-flow wp-block-quote-is-layout-flow\">\n<p><em>Tato ucelen\u00e1 \u0159ada je perfektn\u00ed, d\u011bti se nau\u010d\u00ed velmi rychle orientovat v&nbsp;pracovn\u00edch se\u0161itech, interaktivn\u00ed u\u010debnice dopl\u0148uje skv\u011ble u\u010divo, nen\u00ed pot\u0159eba kop\u00edrovat dal\u0161\u00ed materi\u00e1ly, v\u0161eho je na procvi\u010dov\u00e1n\u00ed dostatek, a&nbsp;d\u011bti tyto u\u010debnice velmi bav\u00ed, i&nbsp;pojmenov\u00e1n\u00ed u\u010debnic n\u00e1m vyhovuje, hlavn\u011b jsme v\u0161e ocenili v&nbsp;on-line v\u00fduce. Semin\u00e1\u0159 je velmi dob\u0159e sestaven a&nbsp;pom\u00e1h\u00e1 n\u00e1m zku\u0161en\u011bj\u0161\u00edm u\u010ditel\u016fm s&nbsp;prvn\u00ed t\u0159\u00eddou i&nbsp;za\u010d\u00ednaj\u00edc\u00edm u\u010ditel\u016fm. Promy\u0161len\u00e9 a&nbsp;navazuj\u00edc\u00ed \u010d\u00e1sti, prost\u011b skv\u011bl\u00e1 pr\u00e1ce pana Novotn\u00e9ho a&nbsp;cel\u00e9ho t\u00fdmu NOV\u00c9 \u0160KOLY. D\u011bkuji mnohokr\u00e1t<\/em>.<\/p>\n<cite>Mgr. Ren\u00e1ta Danicsov\u00e1<\/cite><\/blockquote>\n\n\n\n<blockquote class=\"wp-block-quote is-layout-flow wp-block-quote-is-layout-flow\">\n<p>V\u0161e se mi moc l\u00edbilo. U\u010debnice jsou vytvo\u0159eny velmi odborn\u011b, logicky a&nbsp;didakticky jsou jednotn\u00e9. L\u00edb\u00ed se mi dvoj\u00ed str\u00e1nkov\u00e1n\u00ed, piktogramy, my\u0161lenkov\u00e9 mapy, IC, pokusy\u2026 Vedou d\u011bti k&nbsp;samostatn\u00e9mu my\u0161len\u00ed, k&nbsp;rozvoji pam\u011bti\u2026 Jsou velk\u00fdm pomocn\u00edkem pro u\u010ditele, d\u011bti i&nbsp;rodi\u010de.<br>Moc za v\u0161e d\u011bkuji.<\/p>\n<cite>Mgr. Jana Pavl\u00ed\u010dkov\u00e1<\/cite><\/blockquote>\n\n\n\n<blockquote class=\"wp-block-quote is-layout-flow wp-block-quote-is-layout-flow\">\n<p>Semin\u00e1\u0159 se mi moc l\u00edbil, hlavn\u011b proto, \u017ee jsem mohla vyposlechnout nejen jak u\u010dit, ale hlavn\u011b pro\u010d zrovna t\u00edmto zp\u016fsobem. Nepoznala jsem za svoji kari\u00e9ru jin\u00e9 u\u010debnice, kde by bylo v\u0161e takto d\u016fmysln\u011b propojeno.<br>\u00da\u017easn\u00e9 je vyu\u017e\u00edv\u00e1n\u00ed znalosti &#8222;\u010dten\u00ed&#8220; od sam\u00e9ho za\u010d\u00e1tku.<\/p>\n<cite>Mgr. \u0160\u00e1rka Je\u017ekov\u00e1<\/cite><\/blockquote>\n\n\n\n<blockquote class=\"wp-block-quote is-layout-flow wp-block-quote-is-layout-flow\">\n<p>Velmi oce\u0148uji p\u0159\u00edstup lektora, kter\u00fd mnoho um\u00ed, ale m\u00e1 snahu lidsky p\u0159edat. Ur\u010dit\u011b v\u0161ichni zn\u00e1me a&nbsp;pro\u0161li jsme mnoh\u00e1 \u0161kolen\u00ed, tak\u00e9 s&nbsp;lidmi, kte\u0159\u00ed kdysi u\u010dili, ale patrn\u011b ji\u017e na tento fakt zapomn\u011bli. A&nbsp;hraj\u00ed si pouze na d\u016fle\u017eit\u00e9 v\u011bd\u00e1tory a&nbsp;n\u011bjak\u00fd &#8222;vy\u0161\u0161\u00ed level&#8220;. Jejich \u0161kolen\u00ed a&nbsp;kursy b\u00fdvaj\u00ed nudn\u00e9 s&nbsp;p\u0159\u00ednosem 0, pouze s&nbsp;n\u011bjakou pomyslnou \u010d\u00e1rkou za \u00fa\u010dast. Tady jsem rozum\u011bla v\u0161emu \u0159e\u010den\u00e9mu, pochopila mnoh\u00e9, kter\u00e9 by m\u011b v&nbsp;praxi asi nenapadlo. Spousta v\u011bc\u00ed, kter\u00e9 jsem doposud neznala, m\u011b takhle v&nbsp;kv\u011btnu po&nbsp;distan\u010dn\u00ed v\u00fduce v&nbsp;1.&nbsp;t\u0159\u00edd\u011b znovu dok\u00e1zala nadchnout a&nbsp;jak\u00fdmsi zp\u016fsobem dodat \u00fasm\u011bv a&nbsp;touhu\u2026 Jejda, ale tohle je super n\u00e1pad, to hned vyzkou\u0161\u00edm. Tak\u017ee za m\u011b naprosto skv\u011bl\u00fd materi\u00e1l, dodal mi nejen mno\u017estv\u00ed nov\u00fdch informac\u00ed, ale tak\u00e9 sil a&nbsp;radosti. D\u00edky za to.<\/p>\n<cite>Mgr. Hana Vavre\u010dkov\u00e1<\/cite><\/blockquote>\n\n\n\n<blockquote class=\"wp-block-quote is-layout-flow wp-block-quote-is-layout-flow\">\n<p>Semin\u00e1\u0159 byl pro m\u011b velmi p\u0159\u00ednosn\u00fd. Za svou praxi u\u017e jsem vyzkou\u0161ela n\u011bkolik u\u010debnic pro 1.&nbsp;t\u0159\u00eddu, zde se mi velmi l\u00edb\u00ed, jak je to v\u0161e promy\u0161len\u00e9 a&nbsp;propojen\u00e9 nap\u0159\u00ed\u010d v\u0161emi p\u0159edm\u011bty. \u00da\u017easn\u00e1 jsou v\u00fdukov\u00e1 videa, interaktivn\u00ed cvi\u010den\u00ed, zkr\u00e1tka je zn\u00e1t, \u017ee to vytv\u00e1\u0159el letit\u00fd praktik, kter\u00fd v\u00ed, o&nbsp;\u010dem mluv\u00ed!<\/p>\n<cite>Mgr. Alena Z\u00f6ldov\u00e1<\/cite><\/blockquote>\n\n\n\n<blockquote class=\"wp-block-quote is-layout-flow wp-block-quote-is-layout-flow\">\n<p>Jedn\u00edm slovem SUPER. Prost\u011b podrobn\u00fd, vysv\u011btluj\u00edc\u00ed, s&nbsp;pohledem na jeden probl\u00e9m z&nbsp;v\u00edce \u00fahl\u016f pohledu a&nbsp;v&nbsp;souvislostech, velice inspirativn\u00ed a&nbsp;veden poutav\u00fdm zp\u016fsobem tak, \u017ee ub\u011bhne cca 90 minut jak nic. Oce\u0148uji mo\u017enost zhl\u00e9dnut\u00ed v&nbsp;podstat\u011b kdykoli, proto\u017ee si mohu kter\u00fdkoli \u00fasek webin\u00e1\u0159e stopnout, vr\u00e1tit nebo pustit cel\u00fd d\u00edl znovu pro pln\u00e9 pochopen\u00ed.<\/p>\n<cite>Mgr. Hana Posp\u00ed\u0161ilov\u00e1<\/cite><\/blockquote>\n\n\n\n<p class=\"has-text-align-right\"> zp\u011bt na p\u0159\u00edsp\u011bvek <a href=\"https:\/\/nns.cz\/amos\/webinar-amos-soubor-vzdelavacich-materialu-pro-1-rocnik-zdarma\" target=\"_blank\" rel=\"noreferrer noopener\">Online semin\u00e1\u0159 \u201eAMOS\u201c<\/a><\/p>\n","protected":false},"excerpt":{"rendered":"<p>zp\u011bt na p\u0159\u00edsp\u011bvek Online semin\u00e1\u0159 \u201eAMOS\u201c Velice d\u011bkujeme za Va\u0161e ohlasy a&nbsp;za mo\u017enost je zve\u0159ejnit: Semin\u00e1\u0159 mi dal mo\u017enost pochopit syst\u00e9m v\u00fduky podle AMOSe, d\u011bkuji za skv\u011bl\u00e9 promy\u0161len\u00ed a&nbsp;propracov\u00e1n\u00ed PRO\u010c to tak vlastn\u011b je. Obrovskou pomoc mi to p\u0159ineslo v&nbsp;obdob\u00ed &hellip; <\/p>\n","protected":false},"author":20,"featured_media":0,"parent":0,"menu_order":0,"comment_status":"closed","ping_status":"closed","template":"","meta":{"footnotes":""},"class_list":["post-3144","page","type-page","status-publish","hentry"],"_links":{"self":[{"href":"https:\/\/nns.cz\/amos\/wp-json\/wp\/v2\/pages\/3144","targetHints":{"allow":["GET"]}}],"collection":[{"href":"https:\/\/nns.cz\/amos\/wp-json\/wp\/v2\/pages"}],"about":[{"href":"https:\/\/nns.cz\/amos\/wp-json\/wp\/v2\/types\/page"}],"author":[{"embeddable":true,"href":"https:\/\/nns.cz\/amos\/wp-json\/wp\/v2\/users\/20"}],"replies":[{"embeddable":true,"href":"https:\/\/nns.cz\/amos\/wp-json\/wp\/v2\/comments?post=3144"}],"version-history":[{"count":10,"href":"https:\/\/nns.cz\/amos\/wp-json\/wp\/v2\/pages\/3144\/revisions"}],"predecessor-version":[{"id":4268,"href":"https:\/\/nns.cz\/amos\/wp-json\/wp\/v2\/pages\/3144\/revisions\/4268"}],"wp:attachment":[{"href":"https:\/\/nns.cz\/amos\/wp-json\/wp\/v2\/media?parent=3144"}],"curies":[{"name":"wp","href":"https:\/\/api.w.org\/{rel}","templated":true}]}}