{"id":3142,"date":"2021-05-03T22:46:53","date_gmt":"2021-05-03T20:46:53","guid":{"rendered":"https:\/\/nns.cz\/amos\/?page_id=3142"},"modified":"2021-05-24T11:12:45","modified_gmt":"2021-05-24T09:12:45","slug":"repriza-amos","status":"publish","type":"page","link":"https:\/\/nns.cz\/amos\/repriza-amos\/","title":{"rendered":"Repr\u00edza akreditovan\u00e9ho semin\u00e1\u0159e AMOS od 15.&nbsp;do 23.&nbsp;5.&nbsp;2021"},"content":{"rendered":"\n<p>V\u00e1\u017een\u00ed vyu\u010duj\u00edc\u00ed, <\/p>\n\n\n\n<p>v z\u00e1v\u011bre\u010dn\u00e9m dotazn\u00edku se v\u00edcekr\u00e1t objevilo <strong>p\u0159\u00e1n\u00ed sd\u00edlet semin\u00e1\u0159 s&nbsp;kolegy<\/strong>, proto jsme se rozhodli semin\u00e1\u0159 <strong>AMOS \u2013 soubor vzd\u011bl\u00e1vac\u00edch materi\u00e1l\u016f pro 1.&nbsp;ro\u010dn\u00edk<\/strong> za t\u00edmto \u00fa\u010delem letos je\u0161t\u011b jednou zp\u0159\u00edstupnit.<\/p>\n\n\n\n<p class=\"has-background\" style=\"background-color:#f7c58d\">\u00da\u010dast na repr\u00edze bude bezplatn\u00e1. Tato speci\u00e1ln\u00ed repr\u00edza p\u0159\u00edstupn\u00e1 na doporu\u010den\u00ed absolvent\u016f bude prob\u00edhat <strong>od 15.&nbsp;do 23.&nbsp;5.&nbsp;2021 <\/strong>a zp\u0159\u00edstupn\u00edme v&nbsp;n\u00ed <strong>v\u0161echny \u010d\u00e1sti semin\u00e1\u0159e po cel\u00e9 toto obdob\u00ed<\/strong>.<\/p>\n\n\n\n<p>Semin\u00e1\u0159 obsahuje <strong>5.&nbsp;bonusovou \u010d\u00e1st<\/strong>, ve kter\u00e9 V\u00e1s sezn\u00e1m\u00edme s&nbsp;t\u00edm, <strong>co je za posledn\u00ed rok u&nbsp;AMOSe nov\u00e9ho<\/strong>.<\/p>\n\n\n\n<p>Za \u00fa\u010dast na t\u00e9to online verzi <strong>akreditovan\u00e9ho <\/strong>semin\u00e1\u0159e vystav\u00edme \u00fa\u010dastn\u00edk\u016fm <strong>osv\u011bd\u010den\u00ed o&nbsp;jeho absolvov\u00e1n\u00ed<\/strong> (podm\u00ednkou je zhl\u00e9dnut\u00ed obsahu v&nbsp;rozsahu alespo\u0148 8 vyu\u010dovac\u00edch hodin).<\/p>\n\n\n\n<p>V\u0161echny \u010d\u00e1sti semin\u00e1\u0159e budou pro p\u0159ihl\u00e1\u0161en\u00e9 \u00fa\u010dastn\u00edky p\u0159\u00edstupn\u00e9 <strong>od soboty 15.&nbsp;5.&nbsp;do ned\u011ble 23.&nbsp;5.&nbsp;2021<\/strong>. <\/p>\n\n\n\n<p><strong>Ka\u017edou \u010d\u00e1st budete moci zhl\u00e9dnout <\/strong>dle Va\u0161ich \u010dasov\u00fdch mo\u017enost\u00ed <strong>kdykoli b\u011bhem t\u011bchto dev\u00edti dn\u016f.<\/strong><\/p>\n\n\n\n<p><strong>P\u0159ihla\u0161ov\u00e1n\u00ed je ji\u017e uzav\u0159eno.<\/strong><\/p>\n\n\n\n<p><strong>V p\u0159\u00edpad\u011b dotaz\u016f se obra\u0165te na e-mail <a href=\"mailto:rehackova@nns.cz\">rehackova@nns.cz<\/a>.<\/strong><\/p>\n\n\n\n<p><a href=\"https:\/\/nns.cz\/amos\/jak-hodnotili-reprizu-online-seminare-amos-jeho-ucastnici-v-roce-2021\/\" target=\"_blank\" rel=\"noreferrer noopener\">Jak hodnotili online semin\u00e1\u0159 AMOS jeho \u00fa\u010dastn\u00edci?<\/a><\/p>\n\n\n\n<blockquote class=\"wp-block-quote is-layout-flow wp-block-quote-is-layout-flow\"><p>Velice inspiruj\u00edc\u00ed semin\u00e1\u0159. Pro mne s&nbsp;n\u011bkolika A-HA momenty a&nbsp;uv\u011bdom\u011bn\u00edm. Z\u00edskala jsem a&nbsp;vytvo\u0159ila si p\u0159edstavu sv\u00e9 v\u00fduky a&nbsp;veden\u00ed \u017e\u00e1k\u016f v&nbsp;m\u00e9 prvn\u00ed prvn\u00ed t\u0159\u00edd\u011b.<\/p><cite>Mgr. Guttenov\u00e1 Radka<\/cite><\/blockquote>\n\n\n\n<blockquote class=\"wp-block-quote is-layout-flow wp-block-quote-is-layout-flow\"><p><em>Velmi mi vyhovoval zp\u016fsob veden\u00ed semin\u00e1\u0159e, mo\u017enosti, kter\u00e9 online prezentace umo\u017e\u0148uje \u2013 vracen\u00ed se k&nbsp;t\u00e9mat\u016fm, op\u011btovn\u00e9 zhl\u00e9dnut\u00ed, mo\u017enost \u010dasov\u011b si rozvrhnout dobu pro zhl\u00e9dnut\u00ed .<\/em><\/p><cite>Mgr. Nad\u011b\u017eda Kol\u00e1\u0159ov\u00e1<\/cite><\/blockquote>\n\n\n\n<blockquote class=\"wp-block-quote is-layout-flow wp-block-quote-is-layout-flow\"><p>Semin\u00e1\u0159 byl vynikaj\u00edc\u00ed, mnohem lep\u0161\u00ed, ne\u017e jsem od n\u011bj o\u010dek\u00e1vala. V\u0161echno je kr\u00e1sn\u011b promy\u0161len\u00e9, propojen\u00e9, m\u00e1 to hlavu a&nbsp;patu. Znovu m\u011b &#8222;nakopl&#8220; k&nbsp;dal\u0161\u00ed pr\u00e1ci a&nbsp;u\u017e se t\u011b\u0161\u00edm na v\u00fduku prvn\u00ed t\u0159\u00eddy, a\u017e budu moci materi\u00e1l i&nbsp;poznatky z&nbsp;n\u011bj vyu\u017e\u00edt.<\/p><cite>Mgr. Magda Svobodov\u00e1<\/cite><\/blockquote>\n\n\n\n<p><a href=\"https:\/\/nns.cz\/amos\/jak-hodnotili-reprizu-online-seminare-amos-jeho-ucastnici-v-roce-2021\/\">Pokra\u010dovat na dal\u0161\u00ed hodnocen\u00ed.<\/a><\/p>\n\n\n\n<p><strong>Jak hodnot\u00ed v\u00fduku se souborem AMOS \u00fa\u010dastn\u00edci semin\u00e1\u0159e?<\/strong><\/p>\n\n\n\n<blockquote class=\"wp-block-quote is-layout-flow wp-block-quote-is-layout-flow\"><p><em>U\u010d\u00edm letos poprv\u00e9 podle Amose a&nbsp;je to \u00fapln\u00fd LUXUS, kter\u00fd v&nbsp;t\u00e9to dob\u011b nab\u00edz\u00edte.&nbsp;Samoz\u0159ejm\u011b nejv\u011bt\u0161\u00ed d\u00edky pat\u0159\u00ed panu Mgr.&nbsp;Novotn\u00e9mu za dokonal\u00e9 zpracov\u00e1n\u00ed. Je tomu rok, co jsem se z\u00fa\u010dastnila semin\u00e1\u0159e o&nbsp;u\u010debn\u00edch materi\u00e1lech AMOS, kter\u00fd m\u011b velmi nadchl a&nbsp;mluvil z&nbsp;du\u0161e \u2013 komplexnost u\u010debn\u00edch materi\u00e1l\u016f a&nbsp;propojen\u00ed jednotliv\u00fdch p\u0159edm\u011bt\u016f. V\u00fdukov\u00e1 videa m\u011b ubezpe\u010dila, \u017ee se nemus\u00edm ob\u00e1vat ani uzav\u0159en\u00ed \u0161koly. A&nbsp;hned 1.&nbsp;z\u00e1\u0159\u00ed jsem proto tak\u00e9 ujistila rodi\u010de, \u017ee s&nbsp;t\u011bmito nov\u00fdmi u\u010debn\u00edmi materi\u00e1ly zvl\u00e1dneme i&nbsp;p\u0159\u00edpadnou distan\u010dn\u00ed v\u00fduku. To jsem v\u016fbec netu\u0161ila, co n\u00e1s \u010dek\u00e1. Ve \u0161kole jsem d\u011bti z\u00e1hy sezn\u00e1mila s&nbsp;v\u00fdukou pana u\u010ditele, kter\u00fd jim pak ji\u017e v&nbsp;\u0159\u00edjnu pom\u00e1hal s&nbsp;prvn\u00edmi kroky v&nbsp;\u010desk\u00e9m jazyce i&nbsp;matematice. Nyn\u00ed n\u00e1m to &#8222;fr\u010d\u00ed&#8220; i&nbsp;p\u0159i on-line v\u00fduce.<\/em><\/p><cite>  Mgr.&nbsp;Marcela Ma\u0161kov\u00e1<\/cite><\/blockquote>\n\n\n\n<blockquote class=\"wp-block-quote is-layout-flow wp-block-quote-is-layout-flow\"><p>Jsem z&nbsp;\u0159ady AMOS nad\u0161en\u00e1, doporu\u010dila jsem ji i&nbsp;kolegyni, kter\u00e1 letos p\u016fjde do 1.&nbsp;t\u0159\u00eddy, semin\u00e1\u0159 hezky ukazuje metodick\u00e9 zp\u016fsoby, hlavn\u011b i&nbsp;pr\u00e1ci p\u0159i distan\u010dn\u00ed v\u00fduce, nato\u010den\u00e1 videa. To nem\u00e1 chybu. V\u017edy jsem se v&nbsp;prvn\u00ed t\u0159\u00edd\u011b dost &#8222;zapotila&#8220;, m\u00e1m 28 prv\u0148\u00e1\u010dk\u016f a&nbsp;letos mi tato \u0159ada usnadnila pr\u00e1ci s&nbsp;d\u011btmi. S&nbsp;AMOSem je pohoda.<\/p><cite>Martina Voj\u00edkov\u00e1<\/cite><\/blockquote>\n\n\n\n<blockquote class=\"wp-block-quote is-layout-flow wp-block-quote-is-layout-flow\"><p><em>Semin\u00e1\u0159 jsem absolvovala ji\u017e loni a&nbsp;letos u\u010dila po mate\u0159sk\u00e9 dovolen\u00e9 s&nbsp;AMOSem. T\u00edmto d\u011bkuji panu Novotn\u00e9mu za geni\u00e1ln\u011b promy\u0161len\u00fd syst\u00e9m u\u010debnic, interaktivn\u00edch cvi\u010den\u00ed a&nbsp;tak\u00e9 vz\u00e1jemn\u00e9 podpory vyu\u010duj\u00edc\u00edch d\u00edky Sd\u00edl\u00edme zku\u0161enosti s&nbsp;AMOSem. V&nbsp;p\u0159\u00ed\u0161t\u00edm roce budeme pokra\u010dovat a&nbsp;u\u017e se t\u011b\u0161\u00edm i&nbsp;na Start druh\u00e1ka.<\/em><\/p><cite>Radka Tulejov\u00e1<\/cite><\/blockquote>\n\n\n\n<blockquote class=\"wp-block-quote is-layout-flow wp-block-quote-is-layout-flow\"><p><em>Moc a&nbsp;moc d\u011bkuji za tyto materi\u00e1ly. M\u00e1m dlouholetou praxi ve \u0161kolstv\u00ed a&nbsp;tyto u\u010debnice a&nbsp;pracovn\u00ed se\u0161ity jsou opravdu p\u0159\u00ednosn\u00e9 pro u\u010ditele a&nbsp;p\u0159edev\u0161\u00edm pro \u017e\u00e1ky. I&nbsp;d\u00edt\u011b, kter\u00e9 pot\u0159ebuje na z\u00edsk\u00e1n\u00ed znalost\u00ed a&nbsp;dovednost\u00ed del\u0161\u00ed \u010das, se zde c\u00edt\u00ed dob\u0159e a&nbsp;do \u0161koly chod\u00ed r\u00e1do. Netrp\u00ed t\u00edm, \u017ee spolu\u017e\u00e1k u\u017e um\u00ed v\u00edce. Oce\u0148uji velmi piktogramy, nerozd\u011bluj\u00ed mi \u017e\u00e1ky na ty \u0161ikovn\u011bj\u0161\u00ed, co u\u017e um\u00ed \u010d\u00edst na za\u010d\u00e1tku \u0161koln\u00edho roku. Je\u0161t\u011b jednou moc d\u011bkuji a&nbsp;budu se t\u011b\u0161it na dal\u0161\u00ed spolupr\u00e1ci.<\/em><\/p><cite>Eva \u0160pa\u010dkov\u00e1<\/cite><\/blockquote>\n\n\n\n<blockquote class=\"wp-block-quote is-layout-flow wp-block-quote-is-layout-flow\"><p><em>Jsem nad\u0161en\u00e1. Podle NOV\u00c9 \u0160KOLY jsem m\u011bla mo\u017enost u\u010dit 1.&nbsp;ro\u010dn\u00edk. Nic lep\u0161\u00edho jsem dosud nem\u011bla v&nbsp;rukou. D\u011bkuji cel\u00e9mu t\u00fdmu a&nbsp;zvl\u00e1\u0161t\u011b autorovi. Je vid\u011bt, ze opravdu roky u\u010dil. Tohle se ned\u00e1 o\u0161idit. A&nbsp;d\u00edky tomu je V\u00e1\u0161 AMOS tak v\u00fdjime\u010dn\u00fd.<\/em><\/p><cite><br>Na\u010fa Ten\u010d\u00edkov\u00e1<\/cite><\/blockquote>\n\n\n\n<blockquote class=\"wp-block-quote is-layout-flow wp-block-quote-is-layout-flow\"><p><em>D\u011bkuji za velmi poutav\u00fd a&nbsp;p\u0159\u00ednosn\u00fd semin\u00e1\u0159. T\u011b\u0161\u00edm se na pr\u00e1ci s&nbsp;Va\u0161imi materi\u00e1ly. Skv\u011bl\u00e1 jsou v\u00fdukov\u00e1 videa, kter\u00e1 jsem pou\u017e\u00edvala ji\u017e v&nbsp;lo\u0148sk\u00e9m roce b\u011bhem distan\u010dn\u00ed v\u00fduky a&nbsp;pak i&nbsp;po n\u00e1vratu d\u011bt\u00ed do \u0161koly (kv\u011bten, \u010derven). V&nbsp;leto\u0161n\u00edm \u0161koln\u00edm roce pracujeme s&nbsp;pracovn\u00edm se\u0161item Jsem \u010dten\u00e1\u0159 1. Nad\u0161en\u00e1 nejsem pouze j\u00e1, ale i&nbsp;d\u011bti. D\u011bkuji za \u00fa\u017easn\u00e9 materi\u00e1ly.<\/em><\/p><cite>Karla \u010cernochov\u00e1<\/cite><\/blockquote>\n\n\n\n<h2 class=\"wp-block-heading\"><strong>Anotace akreditovan\u00e9ho semin\u00e1\u0159e:<\/strong><\/h2>\n\n\n\n<ul class=\"wp-block-list\"><li>\u00favodn\u00ed p\u0159edstaven\u00ed ucelen\u00e9ho souboru <strong><a href=\"https:\/\/nns.cz\/amos\/\">vzd\u011bl\u00e1vac\u00edch materi\u00e1l\u016f AMOS<\/a><\/strong> (\u010cteme a&nbsp;p\u00ed\u0161eme s&nbsp;Ag\u00e1tou, Mat\u00fdskova matematika, Oskarova prvouka)<\/li><li>sezn\u00e1men\u00ed s&nbsp;<strong>metodou t\u0159\u00ed start\u016f<\/strong> (analyticko-syntetick\u00e1 metoda vyu\u017e\u00edvaj\u00edc\u00ed prvky genetick\u00e9 metody)<\/li><li>inspirace pro budov\u00e1n\u00ed z\u00e1klad\u016f \u010dten\u00e1\u0159sk\u00e9 gramotnosti se souborem vzd\u011bl\u00e1vac\u00edch materi\u00e1l\u016f&nbsp;<strong><a href=\"https:\/\/nns.cz\/agata\/\">\u010cteme a&nbsp;p\u00ed\u0161eme s&nbsp;Ag\u00e1tou<\/a><\/strong><\/li><li>n\u00e1m\u011bty na dal\u0161\u00ed rozvoj \u010dten\u00e1\u0159sk\u00e9 gramotnosti ve 2.&nbsp;ro\u010dn\u00edku<\/li><li>sezn\u00e1men\u00ed se vzd\u011bl\u00e1vac\u00edmi materi\u00e1ly <strong>Mat\u00fdskova matematika<\/strong> pro 1.&nbsp;a\u017e 5.&nbsp;ro\u010dn\u00edk (v\u010detn\u011b n\u00e1m\u011bt\u016f pro vyu\u017eit\u00ed <a href=\"https:\/\/www.matyskova-matematika.cz\/\"><strong>v\u00fdukov\u00fdch vide\u00ed<\/strong><\/a> a&nbsp;dal\u0161\u00edch pom\u016fcek)<\/li><li> p\u0159edstaven\u00ed vzd\u011bl\u00e1vac\u00edch materi\u00e1l\u016f <strong><a href=\"https:\/\/nns.cz\/amos\/objevujeme-a-poznavame-s-oskarem\/\">Oskarova prvouka<\/a><\/strong><\/li><li> zodpov\u00edd\u00e1n\u00ed dotaz\u016f \u00fa\u010dastn\u00edk\u016f <\/li><\/ul>\n\n\n\n<p>\nRozsah: <strong>8 vyu\u010dovac\u00edch hodin<\/strong><\/p>\n\n\n\n<p>Lektor: Mgr.&nbsp;Milo\u0161 Novotn\u00fd<\/p>\n","protected":false},"excerpt":{"rendered":"<p>V\u00e1\u017een\u00ed vyu\u010duj\u00edc\u00ed, v&nbsp;z\u00e1v\u011bre\u010dn\u00e9m dotazn\u00edku se v\u00edcekr\u00e1t objevilo p\u0159\u00e1n\u00ed sd\u00edlet semin\u00e1\u0159 s&nbsp;kolegy, proto jsme se rozhodli semin\u00e1\u0159 AMOS \u2013 soubor vzd\u011bl\u00e1vac\u00edch materi\u00e1l\u016f pro 1.&nbsp;ro\u010dn\u00edk za t\u00edmto \u00fa\u010delem letos je\u0161t\u011b jednou zp\u0159\u00edstupnit. \u00da\u010dast na repr\u00edze bude bezplatn\u00e1. Tato speci\u00e1ln\u00ed repr\u00edza p\u0159\u00edstupn\u00e1 &hellip; <\/p>\n","protected":false},"author":20,"featured_media":0,"parent":0,"menu_order":0,"comment_status":"closed","ping_status":"closed","template":"","meta":{"footnotes":""},"class_list":["post-3142","page","type-page","status-publish","hentry"],"_links":{"self":[{"href":"https:\/\/nns.cz\/amos\/wp-json\/wp\/v2\/pages\/3142","targetHints":{"allow":["GET"]}}],"collection":[{"href":"https:\/\/nns.cz\/amos\/wp-json\/wp\/v2\/pages"}],"about":[{"href":"https:\/\/nns.cz\/amos\/wp-json\/wp\/v2\/types\/page"}],"author":[{"embeddable":true,"href":"https:\/\/nns.cz\/amos\/wp-json\/wp\/v2\/users\/20"}],"replies":[{"embeddable":true,"href":"https:\/\/nns.cz\/amos\/wp-json\/wp\/v2\/comments?post=3142"}],"version-history":[{"count":12,"href":"https:\/\/nns.cz\/amos\/wp-json\/wp\/v2\/pages\/3142\/revisions"}],"predecessor-version":[{"id":3260,"href":"https:\/\/nns.cz\/amos\/wp-json\/wp\/v2\/pages\/3142\/revisions\/3260"}],"wp:attachment":[{"href":"https:\/\/nns.cz\/amos\/wp-json\/wp\/v2\/media?parent=3142"}],"curies":[{"name":"wp","href":"https:\/\/api.w.org\/{rel}","templated":true}]}}