{"id":2910,"date":"2021-04-01T09:19:49","date_gmt":"2021-04-01T07:19:49","guid":{"rendered":"https:\/\/nns.cz\/amos\/?page_id=2910"},"modified":"2021-04-01T09:32:36","modified_gmt":"2021-04-01T07:32:36","slug":"pisanka-2dil-strana-43","status":"publish","type":"page","link":"https:\/\/nns.cz\/amos\/pisanka-2dil-strana-43\/","title":{"rendered":"P\u00edsanka 2.&nbsp;d\u00edl \u2013 strana 43"},"content":{"rendered":"\n<div class=\"wp-block-group\"><div class=\"wp-block-group__inner-container is-layout-flow wp-block-group-is-layout-flow\">\n<figure class=\"wp-block-embed is-type-video is-provider-youtube wp-block-embed-youtube wp-embed-aspect-16-9 wp-has-aspect-ratio\"><div class=\"wp-block-embed__wrapper\">\n<iframe loading=\"lazy\" title=\"P\u00edsanka 2 (opis a p\u0159epis slov, p\u0159epis a dopln\u011bn\u00ed v\u011bty), str. 43\" width=\"832\" height=\"468\" src=\"https:\/\/www.youtube.com\/embed\/I8g5z58aXUI?feature=oembed\" frameborder=\"0\" allow=\"accelerometer; autoplay; clipboard-write; encrypted-media; gyroscope; picture-in-picture; web-share\" allowfullscreen><\/iframe>\n<\/div><\/figure>\n<\/div><\/div>\n\n\n\n<div class=\"wp-block-columns is-layout-flex wp-container-core-columns-is-layout-9d6595d7 wp-block-columns-is-layout-flex\">\n<div class=\"wp-block-column is-layout-flow wp-block-column-is-layout-flow\" style=\"flex-basis:25%\">\n<figure class=\"wp-block-image size-large\"><a href=\"https:\/\/nns.cz\/amos\/pisanka-2dil-strana-42\/\"><img loading=\"lazy\" decoding=\"async\" width=\"100\" height=\"99\" src=\"https:\/\/nns.cz\/amos\/wp-content\/uploads\/2020\/08\/42.jpg\" alt=\"\" class=\"wp-image-1976\" srcset=\"https:\/\/nns.cz\/amos\/wp-content\/uploads\/2020\/08\/42.jpg 100w, https:\/\/nns.cz\/amos\/wp-content\/uploads\/2020\/08\/42-60x60.jpg 60w\" sizes=\"auto, (max-width: 100px) 100vw, 100px\" \/><\/a><\/figure>\n<\/div>\n\n\n\n<div class=\"wp-block-column is-layout-flow wp-block-column-is-layout-flow\" style=\"flex-basis:50%\">\n<div class=\"wp-block-image\"><figure class=\"aligncenter size-large is-resized\"><a href=\"https:\/\/nns.cz\/amos\/pisanka-2dil\/\"><img loading=\"lazy\" decoding=\"async\" src=\"https:\/\/nns.cz\/amos\/wp-content\/uploads\/2020\/08\/ag\u00e1ta_ABC.png\" alt=\"\" class=\"wp-image-2019\" width=\"238\" height=\"93\" srcset=\"https:\/\/nns.cz\/amos\/wp-content\/uploads\/2020\/08\/ag\u00e1ta_ABC.png 812w, https:\/\/nns.cz\/amos\/wp-content\/uploads\/2020\/08\/ag\u00e1ta_ABC-300x117.png 300w, https:\/\/nns.cz\/amos\/wp-content\/uploads\/2020\/08\/ag\u00e1ta_ABC-768x301.png 768w\" sizes=\"auto, (max-width: 238px) 100vw, 238px\" \/><\/a><\/figure><\/div>\n<\/div>\n\n\n\n<div class=\"wp-block-column is-layout-flow wp-block-column-is-layout-flow\" style=\"flex-basis:25%\">\n<div class=\"wp-block-image\"><figure class=\"alignright size-large\"><a href=\"https:\/\/nns.cz\/amos\/pisanka-2dil-strana-44\/\"><img loading=\"lazy\" decoding=\"async\" width=\"100\" height=\"99\" src=\"https:\/\/nns.cz\/amos\/wp-content\/uploads\/2020\/08\/44.jpg\" alt=\"\" class=\"wp-image-1978\" srcset=\"https:\/\/nns.cz\/amos\/wp-content\/uploads\/2020\/08\/44.jpg 100w, https:\/\/nns.cz\/amos\/wp-content\/uploads\/2020\/08\/44-60x60.jpg 60w\" sizes=\"auto, (max-width: 100px) 100vw, 100px\" \/><\/a><\/figure><\/div>\n<\/div>\n<\/div>\n\n\n\n<p><\/p>\n","protected":false},"excerpt":{"rendered":"","protected":false},"author":20,"featured_media":0,"parent":0,"menu_order":0,"comment_status":"closed","ping_status":"closed","template":"","meta":{"footnotes":""},"class_list":["post-2910","page","type-page","status-publish","hentry"],"_links":{"self":[{"href":"https:\/\/nns.cz\/amos\/wp-json\/wp\/v2\/pages\/2910","targetHints":{"allow":["GET"]}}],"collection":[{"href":"https:\/\/nns.cz\/amos\/wp-json\/wp\/v2\/pages"}],"about":[{"href":"https:\/\/nns.cz\/amos\/wp-json\/wp\/v2\/types\/page"}],"author":[{"embeddable":true,"href":"https:\/\/nns.cz\/amos\/wp-json\/wp\/v2\/users\/20"}],"replies":[{"embeddable":true,"href":"https:\/\/nns.cz\/amos\/wp-json\/wp\/v2\/comments?post=2910"}],"version-history":[{"count":2,"href":"https:\/\/nns.cz\/amos\/wp-json\/wp\/v2\/pages\/2910\/revisions"}],"predecessor-version":[{"id":2931,"href":"https:\/\/nns.cz\/amos\/wp-json\/wp\/v2\/pages\/2910\/revisions\/2931"}],"wp:attachment":[{"href":"https:\/\/nns.cz\/amos\/wp-json\/wp\/v2\/media?parent=2910"}],"curies":[{"name":"wp","href":"https:\/\/api.w.org\/{rel}","templated":true}]}}