{"id":2594,"date":"2021-01-22T11:16:48","date_gmt":"2021-01-22T10:16:48","guid":{"rendered":"https:\/\/nns.cz\/amos\/?page_id=2594"},"modified":"2021-01-22T11:16:50","modified_gmt":"2021-01-22T10:16:50","slug":"slabikar-2dil-strana-14","status":"publish","type":"page","link":"https:\/\/nns.cz\/amos\/slabikar-2dil-strana-14\/","title":{"rendered":"Slabik\u00e1\u0159 2.&nbsp;d\u00edl \u2013 strana 14"},"content":{"rendered":"\n<div class=\"wp-block-group is-layout-flow wp-block-group-is-layout-flow\"><div class=\"wp-block-group__inner-container\"><\/div><\/div>\n\n\n\n<h4 class=\"wp-block-heading\">Slabik\u00e1\u0159 2.&nbsp;d\u00edl, strana 14, cvi\u010den\u00ed 1<\/h4>\n\n\n\n<figure class=\"wp-block-embed-youtube wp-block-embed is-type-video is-provider-youtube wp-embed-aspect-4-3 wp-has-aspect-ratio\"><div class=\"wp-block-embed__wrapper\">\n<iframe loading=\"lazy\" title=\"P\u00edsmeno B (\u010dten\u00ed slov), SLABIK\u00c1\u0158 2, str. 14, cv.1\" width=\"832\" height=\"624\" src=\"https:\/\/www.youtube.com\/embed\/rKUFblSyOr0?feature=oembed\" frameborder=\"0\" allow=\"accelerometer; autoplay; clipboard-write; encrypted-media; gyroscope; picture-in-picture; web-share\" allowfullscreen><\/iframe>\n<\/div><\/figure>\n\n\n\n<h4 class=\"wp-block-heading\">Slabik\u00e1\u0159 2.&nbsp;d\u00edl, strana 14, cvi\u010den\u00ed 1 (procvi\u010dov\u00e1n\u00ed)<\/h4>\n\n\n\n<figure class=\"wp-block-embed-youtube wp-block-embed is-type-video is-provider-youtube wp-embed-aspect-4-3 wp-has-aspect-ratio\"><div class=\"wp-block-embed__wrapper\">\n<iframe loading=\"lazy\" title=\"P\u00edsmeno B (skl\u00e1d\u00e1n\u00ed slov), SLABIK\u00c1\u0158 2, str. 14, cv.1 procvi\u010dov\u00e1n\u00ed\" width=\"832\" height=\"624\" src=\"https:\/\/www.youtube.com\/embed\/oyulZ76HRJA?feature=oembed\" frameborder=\"0\" allow=\"accelerometer; autoplay; clipboard-write; encrypted-media; gyroscope; picture-in-picture; web-share\" allowfullscreen><\/iframe>\n<\/div><\/figure>\n\n\n\n<h4 class=\"wp-block-heading\">Slabik\u00e1\u0159 2.&nbsp;d\u00edl, strana 14, cvi\u010den\u00ed 2<\/h4>\n\n\n\n<figure class=\"wp-block-embed-youtube wp-block-embed is-type-video is-provider-youtube wp-embed-aspect-4-3 wp-has-aspect-ratio\"><div class=\"wp-block-embed__wrapper\">\n<iframe loading=\"lazy\" title=\"P\u00edsmeno B (psan\u00ed slov) , SLABIK\u00c1\u0158 2, str. 14, cv.2\" width=\"832\" height=\"624\" src=\"https:\/\/www.youtube.com\/embed\/uo-gW4npKIc?feature=oembed\" frameborder=\"0\" allow=\"accelerometer; autoplay; clipboard-write; encrypted-media; gyroscope; picture-in-picture; web-share\" allowfullscreen><\/iframe>\n<\/div><\/figure>\n\n\n\n<h4 class=\"wp-block-heading\">Slabik\u00e1\u0159 2.&nbsp;d\u00edl, strana 14, cvi\u010den\u00ed 3<\/h4>\n\n\n\n<figure class=\"wp-block-embed-youtube wp-block-embed is-type-video is-provider-youtube wp-embed-aspect-4-3 wp-has-aspect-ratio\"><div class=\"wp-block-embed__wrapper\">\n<iframe loading=\"lazy\" title=\"P\u00edsmeno B (psan\u00ed slov), SLABIK\u00c1\u0158 2, str. 14, cv.3\" width=\"832\" height=\"624\" src=\"https:\/\/www.youtube.com\/embed\/B6M-88YqBKs?feature=oembed\" frameborder=\"0\" allow=\"accelerometer; autoplay; clipboard-write; encrypted-media; gyroscope; picture-in-picture; web-share\" allowfullscreen><\/iframe>\n<\/div><\/figure>\n\n\n\n<h4 class=\"wp-block-heading\">Slabik\u00e1\u0159 2.&nbsp;d\u00edl, strana 14, cvi\u010den\u00ed 4<\/h4>\n\n\n\n<figure class=\"wp-block-embed-youtube wp-block-embed is-type-video is-provider-youtube wp-embed-aspect-4-3 wp-has-aspect-ratio\"><div class=\"wp-block-embed__wrapper\">\n<iframe loading=\"lazy\" title=\"P\u00edsmeno B (v\u00fdznam slov), SLABIK\u00c1\u0158 2, str. 14, cv.4\" width=\"832\" height=\"624\" src=\"https:\/\/www.youtube.com\/embed\/cHbW7qcphFk?feature=oembed\" frameborder=\"0\" allow=\"accelerometer; autoplay; clipboard-write; encrypted-media; gyroscope; picture-in-picture; web-share\" allowfullscreen><\/iframe>\n<\/div><\/figure>\n\n\n\n<div class=\"wp-block-columns is-layout-flex wp-container-core-columns-is-layout-9d6595d7 wp-block-columns-is-layout-flex\">\n<div class=\"wp-block-column is-layout-flow wp-block-column-is-layout-flow\" style=\"flex-basis:25%\">\n<figure class=\"wp-block-image size-large\"><a href=\"https:\/\/nns.cz\/amos\/slabikar-2dil-strana-13\/\"><img loading=\"lazy\" decoding=\"async\" width=\"100\" height=\"99\" src=\"https:\/\/nns.cz\/amos\/wp-content\/uploads\/2020\/08\/13.jpg\" alt=\"\" class=\"wp-image-1947\" srcset=\"https:\/\/nns.cz\/amos\/wp-content\/uploads\/2020\/08\/13.jpg 100w, https:\/\/nns.cz\/amos\/wp-content\/uploads\/2020\/08\/13-60x60.jpg 60w\" sizes=\"auto, (max-width: 100px) 100vw, 100px\" \/><\/a><\/figure>\n<\/div>\n\n\n\n<div class=\"wp-block-column is-layout-flow wp-block-column-is-layout-flow\" style=\"flex-basis:50%\">\n<div class=\"wp-block-image\"><figure class=\"aligncenter size-large is-resized\"><a href=\"https:\/\/nns.cz\/amos\/slabikar-2dil\/\"><img loading=\"lazy\" decoding=\"async\" src=\"https:\/\/nns.cz\/amos\/wp-content\/uploads\/2020\/08\/ag\u00e1ta_ABC.png\" alt=\"\" class=\"wp-image-2019\" width=\"238\" height=\"93\" srcset=\"https:\/\/nns.cz\/amos\/wp-content\/uploads\/2020\/08\/ag\u00e1ta_ABC.png 812w, https:\/\/nns.cz\/amos\/wp-content\/uploads\/2020\/08\/ag\u00e1ta_ABC-300x117.png 300w, https:\/\/nns.cz\/amos\/wp-content\/uploads\/2020\/08\/ag\u00e1ta_ABC-768x301.png 768w\" sizes=\"auto, (max-width: 238px) 100vw, 238px\" \/><\/a><\/figure><\/div>\n<\/div>\n\n\n\n<div class=\"wp-block-column is-layout-flow wp-block-column-is-layout-flow\" style=\"flex-basis:25%\">\n<div class=\"wp-block-image\"><figure class=\"alignright size-large\"><a href=\"https:\/\/nns.cz\/amos\/slabikar-2dil-strana-15\/\"><img loading=\"lazy\" decoding=\"async\" width=\"100\" height=\"99\" src=\"https:\/\/nns.cz\/amos\/wp-content\/uploads\/2020\/08\/15.jpg\" alt=\"\" class=\"wp-image-1949\" srcset=\"https:\/\/nns.cz\/amos\/wp-content\/uploads\/2020\/08\/15.jpg 100w, https:\/\/nns.cz\/amos\/wp-content\/uploads\/2020\/08\/15-60x60.jpg 60w\" sizes=\"auto, (max-width: 100px) 100vw, 100px\" \/><\/a><\/figure><\/div>\n<\/div>\n<\/div>\n\n\n\n<p><\/p>\n","protected":false},"excerpt":{"rendered":"<p>Slabik\u00e1\u0159 2.&nbsp;d\u00edl, strana 14, cvi\u010den\u00ed 1 Slabik\u00e1\u0159 2.&nbsp;d\u00edl, strana 14, cvi\u010den\u00ed 1 (procvi\u010dov\u00e1n\u00ed) Slabik\u00e1\u0159 2.&nbsp;d\u00edl, strana 14, cvi\u010den\u00ed 2 Slabik\u00e1\u0159 2.&nbsp;d\u00edl, strana 14, cvi\u010den\u00ed 3 Slabik\u00e1\u0159 2.&nbsp;d\u00edl, strana 14, cvi\u010den\u00ed 4<\/p>\n","protected":false},"author":20,"featured_media":0,"parent":0,"menu_order":0,"comment_status":"closed","ping_status":"closed","template":"","meta":{"footnotes":""},"class_list":["post-2594","page","type-page","status-publish","hentry"],"_links":{"self":[{"href":"https:\/\/nns.cz\/amos\/wp-json\/wp\/v2\/pages\/2594","targetHints":{"allow":["GET"]}}],"collection":[{"href":"https:\/\/nns.cz\/amos\/wp-json\/wp\/v2\/pages"}],"about":[{"href":"https:\/\/nns.cz\/amos\/wp-json\/wp\/v2\/types\/page"}],"author":[{"embeddable":true,"href":"https:\/\/nns.cz\/amos\/wp-json\/wp\/v2\/users\/20"}],"replies":[{"embeddable":true,"href":"https:\/\/nns.cz\/amos\/wp-json\/wp\/v2\/comments?post=2594"}],"version-history":[{"count":1,"href":"https:\/\/nns.cz\/amos\/wp-json\/wp\/v2\/pages\/2594\/revisions"}],"predecessor-version":[{"id":2595,"href":"https:\/\/nns.cz\/amos\/wp-json\/wp\/v2\/pages\/2594\/revisions\/2595"}],"wp:attachment":[{"href":"https:\/\/nns.cz\/amos\/wp-json\/wp\/v2\/media?parent=2594"}],"curies":[{"name":"wp","href":"https:\/\/api.w.org\/{rel}","templated":true}]}}