{"id":2410,"date":"2020-11-27T10:57:15","date_gmt":"2020-11-27T09:57:15","guid":{"rendered":"https:\/\/nns.cz\/amos\/?page_id=2410"},"modified":"2020-11-27T10:57:17","modified_gmt":"2020-11-27T09:57:17","slug":"slabikar-1dil-strana-30","status":"publish","type":"page","link":"https:\/\/nns.cz\/amos\/slabikar-1dil-strana-30\/","title":{"rendered":"Slabik\u00e1\u0159 1.&nbsp;d\u00edl \u2013 strana 30"},"content":{"rendered":"\n<div class=\"wp-block-group is-layout-flow wp-block-group-is-layout-flow\"><div class=\"wp-block-group__inner-container\"><\/div><\/div>\n\n\n\n<h4 class=\"wp-block-heading\">Slabik\u00e1\u0159 1.&nbsp;d\u00edl, strana 30, cvi\u010den\u00ed 1 (\u00favod)<\/h4>\n\n\n\n<figure class=\"wp-block-embed-youtube wp-block-embed is-type-video is-provider-youtube wp-embed-aspect-4-3 wp-has-aspect-ratio\"><div class=\"wp-block-embed__wrapper\">\n<iframe loading=\"lazy\" title=\"P\u00edsmeno D (vyvozen\u00ed), SLABIK\u00c1\u0158 1, str. 30, cv.1 \u00favod\" width=\"832\" height=\"624\" src=\"https:\/\/www.youtube.com\/embed\/XHqExS6u8h0?feature=oembed\" frameborder=\"0\" allow=\"accelerometer; autoplay; clipboard-write; encrypted-media; gyroscope; picture-in-picture; web-share\" allowfullscreen><\/iframe><script type=\"application\/json\" data-arve-oembed>{\"title\":\"P\u00edsmeno D (vyvozen\u00ed), SLABIK\u00c1\u0158 1, str. 30, cv.1 \u00favod\",\"author_name\":\"Online v\u00fduka\",\"author_url\":\"https:\/\/www.youtube.com\/@onlinevyuka5163\",\"type\":\"video\",\"height\":\"624\",\"width\":\"832\",\"version\":\"1.0\",\"provider_name\":\"YouTube\",\"provider_url\":\"https:\/\/www.youtube.com\/\",\"thumbnail_height\":\"360\",\"thumbnail_width\":\"480\",\"thumbnail_url\":\"https:\/\/i.ytimg.com\/vi\/XHqExS6u8h0\/hqdefault.jpg\",\"html\":\"&lt;iframe width=&quot;832&quot; height=&quot;624&quot; src=&quot;https:\/\/www.youtube.com\/embed\/XHqExS6u8h0?feature=oembed&quot; frameborder=&quot;0&quot; allow=&quot;accelerometer; autoplay; clipboard-write; encrypted-media; gyroscope; picture-in-picture; web-share&quot; allowfullscreen title=&quot;P\u00edsmeno D (vyvozen\u00ed), SLABIK\u00c1\u0158 1, str. 30, cv.1 \u00favod&quot;&gt;&lt;\/iframe&gt;\",\"arve_cachetime\":\"2023-10-28 07:39:11\",\"arve_url\":\"https:\/\/www.youtube.com\/watch?v=XHqExS6u8h0&amp;feature=youtu.be\",\"arve_srcset\":\"https:\/\/i.ytimg.com\/vi\/XHqExS6u8h0\/mqdefault.jpg 320w, https:\/\/i.ytimg.com\/vi\/XHqExS6u8h0\/hqdefault.jpg 480w, https:\/\/i.ytimg.com\/vi\/XHqExS6u8h0\/sddefault.jpg 640w, https:\/\/i.ytimg.com\/vi\/XHqExS6u8h0\/maxresdefault.jpg 1280w\"}<\/script>\n<\/div><\/figure>\n\n\n\n<h4 class=\"wp-block-heading\">Slabik\u00e1\u0159 1.&nbsp;d\u00edl, strana 30, cvi\u010den\u00ed 1<\/h4>\n\n\n\n<figure class=\"wp-block-embed-youtube wp-block-embed is-type-video is-provider-youtube wp-embed-aspect-4-3 wp-has-aspect-ratio\"><div class=\"wp-block-embed__wrapper\">\n<iframe loading=\"lazy\" title=\"P\u00edsmeno D (b\u00e1sni\u010dka), SLABIK\u00c1\u0158 1, str. 30, cv. 1\" width=\"832\" height=\"624\" src=\"https:\/\/www.youtube.com\/embed\/qs9P4qP0OM0?feature=oembed\" frameborder=\"0\" allow=\"accelerometer; autoplay; clipboard-write; encrypted-media; gyroscope; picture-in-picture; web-share\" allowfullscreen><\/iframe><script type=\"application\/json\" data-arve-oembed>{\"title\":\"P\u00edsmeno D (b\u00e1sni\u010dka), SLABIK\u00c1\u0158 1, str. 30, cv. 1\",\"author_name\":\"Online v\u00fduka\",\"author_url\":\"https:\/\/www.youtube.com\/@onlinevyuka5163\",\"type\":\"video\",\"height\":\"624\",\"width\":\"832\",\"version\":\"1.0\",\"provider_name\":\"YouTube\",\"provider_url\":\"https:\/\/www.youtube.com\/\",\"thumbnail_height\":\"360\",\"thumbnail_width\":\"480\",\"thumbnail_url\":\"https:\/\/i.ytimg.com\/vi\/qs9P4qP0OM0\/hqdefault.jpg\",\"html\":\"&lt;iframe width=&quot;832&quot; height=&quot;624&quot; src=&quot;https:\/\/www.youtube.com\/embed\/qs9P4qP0OM0?feature=oembed&quot; frameborder=&quot;0&quot; allow=&quot;accelerometer; autoplay; clipboard-write; encrypted-media; gyroscope; picture-in-picture; web-share&quot; allowfullscreen title=&quot;P\u00edsmeno D (b\u00e1sni\u010dka), SLABIK\u00c1\u0158 1, str. 30, cv. 1&quot;&gt;&lt;\/iframe&gt;\",\"arve_cachetime\":\"2023-10-28 07:39:12\",\"arve_url\":\"https:\/\/www.youtube.com\/watch?v=qs9P4qP0OM0&amp;feature=youtu.be\",\"arve_srcset\":\"https:\/\/i.ytimg.com\/vi\/qs9P4qP0OM0\/mqdefault.jpg 320w, https:\/\/i.ytimg.com\/vi\/qs9P4qP0OM0\/hqdefault.jpg 480w, https:\/\/i.ytimg.com\/vi\/qs9P4qP0OM0\/sddefault.jpg 640w, https:\/\/i.ytimg.com\/vi\/qs9P4qP0OM0\/maxresdefault.jpg 1280w\"}<\/script>\n<\/div><\/figure>\n\n\n\n<h4 class=\"wp-block-heading\">Slabik\u00e1\u0159 1.&nbsp;d\u00edl, strana 30, cvi\u010den\u00ed 2<\/h4>\n\n\n\n<figure class=\"wp-block-embed-youtube wp-block-embed is-type-video is-provider-youtube wp-embed-aspect-4-3 wp-has-aspect-ratio\"><div class=\"wp-block-embed__wrapper\">\n<iframe loading=\"lazy\" title=\"P\u00edsmeno D (my\u0161lenkov\u00e1 mapa prvn\u00edho p\u00edsmene), SLABIK\u00c1\u0158 1, str. 30, cv. 2\" width=\"832\" height=\"624\" src=\"https:\/\/www.youtube.com\/embed\/Dzy3EBwTd84?feature=oembed\" frameborder=\"0\" allow=\"accelerometer; autoplay; clipboard-write; encrypted-media; gyroscope; picture-in-picture; web-share\" allowfullscreen><\/iframe><script type=\"application\/json\" data-arve-oembed>{\"title\":\"P\u00edsmeno D (my\u0161lenkov\u00e1 mapa prvn\u00edho p\u00edsmene), SLABIK\u00c1\u0158 1, str. 30, cv. 2\",\"author_name\":\"Online v\u00fduka\",\"author_url\":\"https:\/\/www.youtube.com\/@onlinevyuka5163\",\"type\":\"video\",\"height\":\"624\",\"width\":\"832\",\"version\":\"1.0\",\"provider_name\":\"YouTube\",\"provider_url\":\"https:\/\/www.youtube.com\/\",\"thumbnail_height\":\"360\",\"thumbnail_width\":\"480\",\"thumbnail_url\":\"https:\/\/i.ytimg.com\/vi\/Dzy3EBwTd84\/hqdefault.jpg\",\"html\":\"&lt;iframe width=&quot;832&quot; height=&quot;624&quot; src=&quot;https:\/\/www.youtube.com\/embed\/Dzy3EBwTd84?feature=oembed&quot; frameborder=&quot;0&quot; allow=&quot;accelerometer; autoplay; clipboard-write; encrypted-media; gyroscope; picture-in-picture; web-share&quot; allowfullscreen title=&quot;P\u00edsmeno D (my\u0161lenkov\u00e1 mapa prvn\u00edho p\u00edsmene), SLABIK\u00c1\u0158 1, str. 30, cv. 2&quot;&gt;&lt;\/iframe&gt;\",\"arve_cachetime\":\"2023-10-28 07:39:12\",\"arve_url\":\"https:\/\/www.youtube.com\/watch?v=Dzy3EBwTd84&amp;feature=youtu.be\",\"arve_srcset\":\"https:\/\/i.ytimg.com\/vi\/Dzy3EBwTd84\/mqdefault.jpg 320w, https:\/\/i.ytimg.com\/vi\/Dzy3EBwTd84\/hqdefault.jpg 480w, https:\/\/i.ytimg.com\/vi\/Dzy3EBwTd84\/sddefault.jpg 640w, https:\/\/i.ytimg.com\/vi\/Dzy3EBwTd84\/maxresdefault.jpg 1280w\"}<\/script>\n<\/div><\/figure>\n\n\n\n<h4 class=\"wp-block-heading\">Slabik\u00e1\u0159 1.&nbsp;d\u00edl, strana 30, cvi\u010den\u00ed 2 (procvi\u010dov\u00e1n\u00ed)<\/h4>\n\n\n\n<figure class=\"wp-block-embed-youtube wp-block-embed is-type-video is-provider-youtube wp-embed-aspect-4-3 wp-has-aspect-ratio\"><div class=\"wp-block-embed__wrapper\">\n<iframe loading=\"lazy\" title=\"P\u00edsmeno D (prvn\u00ed p\u00edsmeno slova), SLABIK\u00c1\u0158 1, str. 30, cv.2 procvi\u010dov\u00e1n\u00ed\" width=\"832\" height=\"624\" src=\"https:\/\/www.youtube.com\/embed\/pYnuAUDq00U?feature=oembed\" frameborder=\"0\" allow=\"accelerometer; autoplay; clipboard-write; encrypted-media; gyroscope; picture-in-picture; web-share\" allowfullscreen><\/iframe><script type=\"application\/json\" data-arve-oembed>{\"title\":\"P\u00edsmeno D (prvn\u00ed p\u00edsmeno slova), SLABIK\u00c1\u0158 1, str. 30, cv.2 procvi\u010dov\u00e1n\u00ed\",\"author_name\":\"Online v\u00fduka\",\"author_url\":\"https:\/\/www.youtube.com\/@onlinevyuka5163\",\"type\":\"video\",\"height\":\"624\",\"width\":\"832\",\"version\":\"1.0\",\"provider_name\":\"YouTube\",\"provider_url\":\"https:\/\/www.youtube.com\/\",\"thumbnail_height\":\"360\",\"thumbnail_width\":\"480\",\"thumbnail_url\":\"https:\/\/i.ytimg.com\/vi\/pYnuAUDq00U\/hqdefault.jpg\",\"html\":\"&lt;iframe width=&quot;832&quot; height=&quot;624&quot; src=&quot;https:\/\/www.youtube.com\/embed\/pYnuAUDq00U?feature=oembed&quot; frameborder=&quot;0&quot; allow=&quot;accelerometer; autoplay; clipboard-write; encrypted-media; gyroscope; picture-in-picture; web-share&quot; allowfullscreen title=&quot;P\u00edsmeno D (prvn\u00ed p\u00edsmeno slova), SLABIK\u00c1\u0158 1, str. 30, cv.2 procvi\u010dov\u00e1n\u00ed&quot;&gt;&lt;\/iframe&gt;\",\"arve_cachetime\":\"2023-10-28 07:39:12\",\"arve_url\":\"https:\/\/www.youtube.com\/watch?v=pYnuAUDq00U&amp;feature=youtu.be\",\"arve_srcset\":\"https:\/\/i.ytimg.com\/vi\/pYnuAUDq00U\/mqdefault.jpg 320w, https:\/\/i.ytimg.com\/vi\/pYnuAUDq00U\/hqdefault.jpg 480w, https:\/\/i.ytimg.com\/vi\/pYnuAUDq00U\/sddefault.jpg 640w, https:\/\/i.ytimg.com\/vi\/pYnuAUDq00U\/maxresdefault.jpg 1280w\"}<\/script>\n<\/div><\/figure>\n\n\n\n<h4 class=\"wp-block-heading\">Slabik\u00e1\u0159 1.&nbsp;d\u00edl, strana 30, cvi\u010den\u00ed 3<\/h4>\n\n\n\n<figure class=\"wp-block-embed-youtube wp-block-embed is-type-video is-provider-youtube wp-embed-aspect-4-3 wp-has-aspect-ratio\"><div class=\"wp-block-embed__wrapper\">\n<iframe loading=\"lazy\" title=\"P\u00edsmeno D (slabika), SLABIK\u00c1\u0158 1, str. 30, cv.3\" width=\"832\" height=\"624\" src=\"https:\/\/www.youtube.com\/embed\/pd4iq1KgcmA?feature=oembed\" frameborder=\"0\" allow=\"accelerometer; autoplay; clipboard-write; encrypted-media; gyroscope; picture-in-picture; web-share\" allowfullscreen><\/iframe><script type=\"application\/json\" data-arve-oembed>{\"title\":\"P\u00edsmeno D (slabika), SLABIK\u00c1\u0158 1, str. 30, cv.3\",\"author_name\":\"Online v\u00fduka\",\"author_url\":\"https:\/\/www.youtube.com\/@onlinevyuka5163\",\"type\":\"video\",\"height\":\"624\",\"width\":\"832\",\"version\":\"1.0\",\"provider_name\":\"YouTube\",\"provider_url\":\"https:\/\/www.youtube.com\/\",\"thumbnail_height\":\"360\",\"thumbnail_width\":\"480\",\"thumbnail_url\":\"https:\/\/i.ytimg.com\/vi\/pd4iq1KgcmA\/hqdefault.jpg\",\"html\":\"&lt;iframe width=&quot;832&quot; height=&quot;624&quot; src=&quot;https:\/\/www.youtube.com\/embed\/pd4iq1KgcmA?feature=oembed&quot; frameborder=&quot;0&quot; allow=&quot;accelerometer; autoplay; clipboard-write; encrypted-media; gyroscope; picture-in-picture; web-share&quot; allowfullscreen title=&quot;P\u00edsmeno D (slabika), SLABIK\u00c1\u0158 1, str. 30, cv.3&quot;&gt;&lt;\/iframe&gt;\",\"arve_cachetime\":\"2023-10-28 07:39:13\",\"arve_url\":\"https:\/\/www.youtube.com\/watch?v=pd4iq1KgcmA&amp;feature=youtu.be\",\"arve_srcset\":\"https:\/\/i.ytimg.com\/vi\/pd4iq1KgcmA\/mqdefault.jpg 320w, https:\/\/i.ytimg.com\/vi\/pd4iq1KgcmA\/hqdefault.jpg 480w, https:\/\/i.ytimg.com\/vi\/pd4iq1KgcmA\/sddefault.jpg 640w, https:\/\/i.ytimg.com\/vi\/pd4iq1KgcmA\/maxresdefault.jpg 1280w\"}<\/script>\n<\/div><\/figure>\n\n\n\n<h4 class=\"wp-block-heading\">Slabik\u00e1\u0159 1.&nbsp;d\u00edl, strana 30, cvi\u010den\u00ed 4<\/h4>\n\n\n\n<figure class=\"wp-block-embed-youtube wp-block-embed is-type-video is-provider-youtube wp-embed-aspect-4-3 wp-has-aspect-ratio\"><div class=\"wp-block-embed__wrapper\">\n<iframe loading=\"lazy\" title=\"P\u00edsmeno D (psan\u00ed velk\u00e9ho tiskac\u00edho D a slabik), SLABIK\u00c1\u0158 1, str. 30, cv.4\" width=\"832\" height=\"624\" src=\"https:\/\/www.youtube.com\/embed\/SmA0jmCkGs8?feature=oembed\" frameborder=\"0\" allow=\"accelerometer; autoplay; clipboard-write; encrypted-media; gyroscope; picture-in-picture; web-share\" allowfullscreen><\/iframe><script type=\"application\/json\" data-arve-oembed>{\"title\":\"P\u00edsmeno D (psan\u00ed velk\u00e9ho tiskac\u00edho D a slabik), SLABIK\u00c1\u0158 1, str. 30, cv.4\",\"author_name\":\"Online v\u00fduka\",\"author_url\":\"https:\/\/www.youtube.com\/@onlinevyuka5163\",\"type\":\"video\",\"height\":\"624\",\"width\":\"832\",\"version\":\"1.0\",\"provider_name\":\"YouTube\",\"provider_url\":\"https:\/\/www.youtube.com\/\",\"thumbnail_height\":\"360\",\"thumbnail_width\":\"480\",\"thumbnail_url\":\"https:\/\/i.ytimg.com\/vi\/SmA0jmCkGs8\/hqdefault.jpg\",\"html\":\"&lt;iframe width=&quot;832&quot; height=&quot;624&quot; src=&quot;https:\/\/www.youtube.com\/embed\/SmA0jmCkGs8?feature=oembed&quot; frameborder=&quot;0&quot; allow=&quot;accelerometer; autoplay; clipboard-write; encrypted-media; gyroscope; picture-in-picture; web-share&quot; allowfullscreen title=&quot;P\u00edsmeno D (psan\u00ed velk\u00e9ho tiskac\u00edho D a slabik), SLABIK\u00c1\u0158 1, str. 30, cv.4&quot;&gt;&lt;\/iframe&gt;\",\"arve_cachetime\":\"2023-10-28 07:39:13\",\"arve_url\":\"https:\/\/www.youtube.com\/watch?v=SmA0jmCkGs8&amp;feature=youtu.be\",\"arve_srcset\":\"https:\/\/i.ytimg.com\/vi\/SmA0jmCkGs8\/mqdefault.jpg 320w, https:\/\/i.ytimg.com\/vi\/SmA0jmCkGs8\/hqdefault.jpg 480w, https:\/\/i.ytimg.com\/vi\/SmA0jmCkGs8\/sddefault.jpg 640w, https:\/\/i.ytimg.com\/vi\/SmA0jmCkGs8\/maxresdefault.jpg 1280w\"}<\/script>\n<\/div><\/figure>\n\n\n\n<h4 class=\"wp-block-heading\">Slabik\u00e1\u0159 1.&nbsp;d\u00edl, strana 30, cvi\u010den\u00ed 5<\/h4>\n\n\n\n<figure class=\"wp-block-embed-youtube wp-block-embed is-type-video is-provider-youtube wp-embed-aspect-4-3 wp-has-aspect-ratio\"><div class=\"wp-block-embed__wrapper\">\n<iframe loading=\"lazy\" title=\"P\u00edsmeno D (prvn\u00ed slabika slova), SLABIK\u00c1\u0158 1, str. 30, cv. 5\" width=\"832\" height=\"624\" src=\"https:\/\/www.youtube.com\/embed\/mYieRGKCAiU?feature=oembed\" frameborder=\"0\" allow=\"accelerometer; autoplay; clipboard-write; encrypted-media; gyroscope; picture-in-picture; web-share\" allowfullscreen><\/iframe><script type=\"application\/json\" data-arve-oembed>{\"title\":\"P\u00edsmeno D (prvn\u00ed slabika slova), SLABIK\u00c1\u0158 1, str. 30, cv. 5\",\"author_name\":\"Online v\u00fduka\",\"author_url\":\"https:\/\/www.youtube.com\/@onlinevyuka5163\",\"type\":\"video\",\"height\":\"624\",\"width\":\"832\",\"version\":\"1.0\",\"provider_name\":\"YouTube\",\"provider_url\":\"https:\/\/www.youtube.com\/\",\"thumbnail_height\":\"360\",\"thumbnail_width\":\"480\",\"thumbnail_url\":\"https:\/\/i.ytimg.com\/vi\/mYieRGKCAiU\/hqdefault.jpg\",\"html\":\"&lt;iframe width=&quot;832&quot; height=&quot;624&quot; src=&quot;https:\/\/www.youtube.com\/embed\/mYieRGKCAiU?feature=oembed&quot; frameborder=&quot;0&quot; allow=&quot;accelerometer; autoplay; clipboard-write; encrypted-media; gyroscope; picture-in-picture; web-share&quot; allowfullscreen title=&quot;P\u00edsmeno D (prvn\u00ed slabika slova), SLABIK\u00c1\u0158 1, str. 30, cv. 5&quot;&gt;&lt;\/iframe&gt;\",\"arve_cachetime\":\"2023-10-28 07:39:13\",\"arve_url\":\"https:\/\/www.youtube.com\/watch?v=mYieRGKCAiU&amp;feature=youtu.be\",\"arve_srcset\":\"https:\/\/i.ytimg.com\/vi\/mYieRGKCAiU\/mqdefault.jpg 320w, https:\/\/i.ytimg.com\/vi\/mYieRGKCAiU\/hqdefault.jpg 480w, https:\/\/i.ytimg.com\/vi\/mYieRGKCAiU\/sddefault.jpg 640w, https:\/\/i.ytimg.com\/vi\/mYieRGKCAiU\/maxresdefault.jpg 1280w\"}<\/script>\n<\/div><\/figure>\n\n\n\n<div class=\"wp-block-columns is-layout-flex wp-container-core-columns-is-layout-9d6595d7 wp-block-columns-is-layout-flex\">\n<div class=\"wp-block-column is-layout-flow wp-block-column-is-layout-flow\" style=\"flex-basis:25%\">\n<figure class=\"wp-block-image size-large\"><a href=\"https:\/\/nns.cz\/amos\/slabikar-1dil-strana-29\/\"><img loading=\"lazy\" decoding=\"async\" width=\"100\" height=\"99\" src=\"https:\/\/nns.cz\/amos\/wp-content\/uploads\/2020\/08\/29.jpg\" alt=\"\" class=\"wp-image-1963\" srcset=\"https:\/\/nns.cz\/amos\/wp-content\/uploads\/2020\/08\/29.jpg 100w, https:\/\/nns.cz\/amos\/wp-content\/uploads\/2020\/08\/29-60x60.jpg 60w\" sizes=\"auto, (max-width: 100px) 100vw, 100px\" \/><\/a><\/figure>\n<\/div>\n\n\n\n<div class=\"wp-block-column is-layout-flow wp-block-column-is-layout-flow\" style=\"flex-basis:50%\">\n<div class=\"wp-block-image\"><figure class=\"aligncenter size-large is-resized\"><a href=\"https:\/\/nns.cz\/amos\/slabikar-1dil\/\"><img loading=\"lazy\" decoding=\"async\" src=\"https:\/\/nns.cz\/amos\/wp-content\/uploads\/2020\/08\/ag\u00e1ta_ABC.png\" alt=\"\" class=\"wp-image-2019\" width=\"238\" height=\"93\" srcset=\"https:\/\/nns.cz\/amos\/wp-content\/uploads\/2020\/08\/ag\u00e1ta_ABC.png 812w, https:\/\/nns.cz\/amos\/wp-content\/uploads\/2020\/08\/ag\u00e1ta_ABC-300x117.png 300w, https:\/\/nns.cz\/amos\/wp-content\/uploads\/2020\/08\/ag\u00e1ta_ABC-768x301.png 768w\" sizes=\"auto, (max-width: 238px) 100vw, 238px\" \/><\/a><\/figure><\/div>\n\n\n\n<p><\/p>\n<\/div>\n\n\n\n<div class=\"wp-block-column is-layout-flow wp-block-column-is-layout-flow\" style=\"flex-basis:25%\">\n<div class=\"wp-block-image\"><figure class=\"alignright size-large\"><a href=\"https:\/\/nns.cz\/amos\/slabikar-1dil-strana-31\/\"><img loading=\"lazy\" decoding=\"async\" width=\"100\" height=\"99\" src=\"https:\/\/nns.cz\/amos\/wp-content\/uploads\/2020\/08\/31.jpg\" alt=\"\" class=\"wp-image-1965\" srcset=\"https:\/\/nns.cz\/amos\/wp-content\/uploads\/2020\/08\/31.jpg 100w, https:\/\/nns.cz\/amos\/wp-content\/uploads\/2020\/08\/31-60x60.jpg 60w\" sizes=\"auto, (max-width: 100px) 100vw, 100px\" \/><\/a><\/figure><\/div>\n<\/div>\n<\/div>\n\n\n\n<p><\/p>\n","protected":false},"excerpt":{"rendered":"<p>Slabik\u00e1\u0159 1.&nbsp;d\u00edl, strana 30, cvi\u010den\u00ed 1 (\u00favod) Slabik\u00e1\u0159 1.&nbsp;d\u00edl, strana 30, cvi\u010den\u00ed 1 Slabik\u00e1\u0159 1.&nbsp;d\u00edl, strana 30, cvi\u010den\u00ed 2 Slabik\u00e1\u0159 1.&nbsp;d\u00edl, strana 30, cvi\u010den\u00ed 2 (procvi\u010dov\u00e1n\u00ed) Slabik\u00e1\u0159 1.&nbsp;d\u00edl, strana 30, cvi\u010den\u00ed 3 Slabik\u00e1\u0159 1.&nbsp;d\u00edl, strana 30, cvi\u010den\u00ed 4 Slabik\u00e1\u0159 1.&nbsp;d\u00edl, &hellip; <\/p>\n","protected":false},"author":20,"featured_media":0,"parent":0,"menu_order":0,"comment_status":"closed","ping_status":"closed","template":"","meta":{"footnotes":""},"class_list":["post-2410","page","type-page","status-publish","hentry"],"_links":{"self":[{"href":"https:\/\/nns.cz\/amos\/wp-json\/wp\/v2\/pages\/2410","targetHints":{"allow":["GET"]}}],"collection":[{"href":"https:\/\/nns.cz\/amos\/wp-json\/wp\/v2\/pages"}],"about":[{"href":"https:\/\/nns.cz\/amos\/wp-json\/wp\/v2\/types\/page"}],"author":[{"embeddable":true,"href":"https:\/\/nns.cz\/amos\/wp-json\/wp\/v2\/users\/20"}],"replies":[{"embeddable":true,"href":"https:\/\/nns.cz\/amos\/wp-json\/wp\/v2\/comments?post=2410"}],"version-history":[{"count":1,"href":"https:\/\/nns.cz\/amos\/wp-json\/wp\/v2\/pages\/2410\/revisions"}],"predecessor-version":[{"id":2411,"href":"https:\/\/nns.cz\/amos\/wp-json\/wp\/v2\/pages\/2410\/revisions\/2411"}],"wp:attachment":[{"href":"https:\/\/nns.cz\/amos\/wp-json\/wp\/v2\/media?parent=2410"}],"curies":[{"name":"wp","href":"https:\/\/api.w.org\/{rel}","templated":true}]}}