{"id":2364,"date":"2020-11-13T09:59:53","date_gmt":"2020-11-13T08:59:53","guid":{"rendered":"https:\/\/nns.cz\/amos\/?page_id=2364"},"modified":"2020-11-13T09:59:55","modified_gmt":"2020-11-13T08:59:55","slug":"slabikar-1dil-strana-24","status":"publish","type":"page","link":"https:\/\/nns.cz\/amos\/slabikar-1dil-strana-24\/","title":{"rendered":"Slabik\u00e1\u0159 1.&nbsp;d\u00edl \u2013 strana 24"},"content":{"rendered":"\n<div class=\"wp-block-group is-layout-flow wp-block-group-is-layout-flow\"><div class=\"wp-block-group__inner-container\"><\/div><\/div>\n\n\n\n<h4 class=\"wp-block-heading\">Slabik\u00e1\u0159 1.&nbsp;d\u00edl, strana 24, cvi\u010den\u00ed 1 (\u00favod)<\/h4>\n\n\n\n<figure class=\"wp-block-embed-youtube wp-block-embed is-type-video is-provider-youtube wp-embed-aspect-4-3 wp-has-aspect-ratio\"><div class=\"wp-block-embed__wrapper\">\n<iframe loading=\"lazy\" title=\"P\u00edsmeno Z (vyvozen\u00ed), SLABIK\u00c1\u0158 1, str. 24, cv. 1 \u00favod\" width=\"832\" height=\"624\" src=\"https:\/\/www.youtube.com\/embed\/JTwQ9jE2yvY?feature=oembed\" frameborder=\"0\" allow=\"accelerometer; autoplay; clipboard-write; encrypted-media; gyroscope; picture-in-picture; web-share\" allowfullscreen><\/iframe>\n<\/div><\/figure>\n\n\n\n<h4 class=\"wp-block-heading\">Slabik\u00e1\u0159 1.&nbsp;d\u00edl, strana 24, cvi\u010den\u00ed 1<\/h4>\n\n\n\n<figure class=\"wp-block-embed-youtube wp-block-embed is-type-video is-provider-youtube wp-embed-aspect-4-3 wp-has-aspect-ratio\"><div class=\"wp-block-embed__wrapper\">\n<iframe loading=\"lazy\" title=\"P\u00edsmeno Z (b\u00e1sni\u010dka), SLABIK\u00c1\u0158 1, str. 24, cv.1\" width=\"832\" height=\"624\" src=\"https:\/\/www.youtube.com\/embed\/NVG3Lr5d-K8?feature=oembed\" frameborder=\"0\" allow=\"accelerometer; autoplay; clipboard-write; encrypted-media; gyroscope; picture-in-picture; web-share\" allowfullscreen><\/iframe>\n<\/div><\/figure>\n\n\n\n<h4 class=\"wp-block-heading\">Slabik\u00e1\u0159 1.&nbsp;d\u00edl, strana 24, cvi\u010den\u00ed 2<\/h4>\n\n\n\n<figure class=\"wp-block-embed-youtube wp-block-embed is-type-video is-provider-youtube wp-embed-aspect-4-3 wp-has-aspect-ratio\"><div class=\"wp-block-embed__wrapper\">\n<iframe loading=\"lazy\" title=\"P\u00edsmeno Z (my\u0161lenkov\u00e1 mapa prvn\u00edho p\u00edsmene), SLABIK\u00c1\u0158 1, str. 24, cv.2\" width=\"832\" height=\"624\" src=\"https:\/\/www.youtube.com\/embed\/RBhxqLCumJM?feature=oembed\" frameborder=\"0\" allow=\"accelerometer; autoplay; clipboard-write; encrypted-media; gyroscope; picture-in-picture; web-share\" allowfullscreen><\/iframe>\n<\/div><\/figure>\n\n\n\n<h4 class=\"wp-block-heading\">Slabik\u00e1\u0159 1.&nbsp;d\u00edl, strana 24, cvi\u010den\u00ed 2 (procvi\u010dov\u00e1n\u00ed)<\/h4>\n\n\n\n<figure class=\"wp-block-embed-youtube wp-block-embed is-type-video is-provider-youtube wp-embed-aspect-4-3 wp-has-aspect-ratio\"><div class=\"wp-block-embed__wrapper\">\n<iframe loading=\"lazy\" title=\"P\u00edsmeno Z (prvn\u00ed slabika slova), SLABIK\u00c1\u0158 1, str. 24, cv.2 procvi\u010dov\u00e1n\u00ed\" width=\"832\" height=\"624\" src=\"https:\/\/www.youtube.com\/embed\/mQx_TrJGZfM?feature=oembed\" frameborder=\"0\" allow=\"accelerometer; autoplay; clipboard-write; encrypted-media; gyroscope; picture-in-picture; web-share\" allowfullscreen><\/iframe>\n<\/div><\/figure>\n\n\n\n<h4 class=\"wp-block-heading\">Slabik\u00e1\u0159 1.&nbsp;d\u00edl, strana 24, cvi\u010den\u00ed 3<\/h4>\n\n\n\n<figure class=\"wp-block-embed-youtube wp-block-embed is-type-video is-provider-youtube wp-embed-aspect-4-3 wp-has-aspect-ratio\"><div class=\"wp-block-embed__wrapper\">\n<iframe loading=\"lazy\" title=\"P\u00edsmeno Z (slabiky), SLABIK\u00c1\u0158 1, str. 24, cv.3\" width=\"832\" height=\"624\" src=\"https:\/\/www.youtube.com\/embed\/uM-j78ETBN0?feature=oembed\" frameborder=\"0\" allow=\"accelerometer; autoplay; clipboard-write; encrypted-media; gyroscope; picture-in-picture; web-share\" allowfullscreen><\/iframe>\n<\/div><\/figure>\n\n\n\n<h4 class=\"wp-block-heading\">Slabik\u00e1\u0159 1.&nbsp;d\u00edl, strana 24, cvi\u010den\u00ed 4<\/h4>\n\n\n\n<figure class=\"wp-block-embed-youtube wp-block-embed is-type-video is-provider-youtube wp-embed-aspect-4-3 wp-has-aspect-ratio\"><div class=\"wp-block-embed__wrapper\">\n<iframe loading=\"lazy\" title=\"P\u00edsmeno Z (psan\u00ed velk\u00e9ho tiskac\u00edho Z a slabik), SLABIK\u00c1\u0158 1, str. 24, cv.4\" width=\"832\" height=\"624\" src=\"https:\/\/www.youtube.com\/embed\/oMnhu8Yxh4E?feature=oembed\" frameborder=\"0\" allow=\"accelerometer; autoplay; clipboard-write; encrypted-media; gyroscope; picture-in-picture; web-share\" allowfullscreen><\/iframe>\n<\/div><\/figure>\n\n\n\n<h4 class=\"wp-block-heading\">Slabik\u00e1\u0159 1.&nbsp;d\u00edl, strana 24, cvi\u010den\u00ed 5<\/h4>\n\n\n\n<figure class=\"wp-block-embed-youtube wp-block-embed is-type-video is-provider-youtube wp-embed-aspect-4-3 wp-has-aspect-ratio\"><div class=\"wp-block-embed__wrapper\">\n<iframe loading=\"lazy\" title=\"P\u00edsmeno Z (prvn\u00ed slabika slova), SLABIK\u00c1\u0158 1, str. 24, cv.5\" width=\"832\" height=\"624\" src=\"https:\/\/www.youtube.com\/embed\/Vl3mN0iUIfA?feature=oembed\" frameborder=\"0\" allow=\"accelerometer; autoplay; clipboard-write; encrypted-media; gyroscope; picture-in-picture; web-share\" allowfullscreen><\/iframe>\n<\/div><\/figure>\n\n\n\n<div class=\"wp-block-columns is-layout-flex wp-container-core-columns-is-layout-9d6595d7 wp-block-columns-is-layout-flex\">\n<div class=\"wp-block-column is-layout-flow wp-block-column-is-layout-flow\" style=\"flex-basis:25%\">\n<figure class=\"wp-block-image size-large\"><a href=\"https:\/\/nns.cz\/amos\/slabikar-1dil-strana-23\/\"><img loading=\"lazy\" decoding=\"async\" width=\"100\" height=\"99\" src=\"https:\/\/nns.cz\/amos\/wp-content\/uploads\/2020\/08\/23.jpg\" alt=\"\" class=\"wp-image-1957\" srcset=\"https:\/\/nns.cz\/amos\/wp-content\/uploads\/2020\/08\/23.jpg 100w, https:\/\/nns.cz\/amos\/wp-content\/uploads\/2020\/08\/23-60x60.jpg 60w\" sizes=\"auto, (max-width: 100px) 100vw, 100px\" \/><\/a><\/figure>\n<\/div>\n\n\n\n<div class=\"wp-block-column is-layout-flow wp-block-column-is-layout-flow\" style=\"flex-basis:50%\">\n<div class=\"wp-block-image\"><figure class=\"aligncenter size-large is-resized\"><a href=\"https:\/\/nns.cz\/amos\/slabikar-1dil\/\"><img loading=\"lazy\" decoding=\"async\" src=\"https:\/\/nns.cz\/amos\/wp-content\/uploads\/2020\/08\/ag\u00e1ta_ABC.png\" alt=\"\" class=\"wp-image-2019\" width=\"238\" height=\"93\" srcset=\"https:\/\/nns.cz\/amos\/wp-content\/uploads\/2020\/08\/ag\u00e1ta_ABC.png 812w, https:\/\/nns.cz\/amos\/wp-content\/uploads\/2020\/08\/ag\u00e1ta_ABC-300x117.png 300w, https:\/\/nns.cz\/amos\/wp-content\/uploads\/2020\/08\/ag\u00e1ta_ABC-768x301.png 768w\" sizes=\"auto, (max-width: 238px) 100vw, 238px\" \/><\/a><\/figure><\/div>\n\n\n\n<p><\/p>\n<\/div>\n\n\n\n<div class=\"wp-block-column is-layout-flow wp-block-column-is-layout-flow\" style=\"flex-basis:25%\">\n<div class=\"wp-block-image\"><figure class=\"alignright size-large\"><a href=\"https:\/\/nns.cz\/amos\/slabikar-1dil-strana-25\/\"><img loading=\"lazy\" decoding=\"async\" width=\"100\" height=\"99\" src=\"https:\/\/nns.cz\/amos\/wp-content\/uploads\/2020\/08\/25.jpg\" alt=\"\" class=\"wp-image-1959\" srcset=\"https:\/\/nns.cz\/amos\/wp-content\/uploads\/2020\/08\/25.jpg 100w, https:\/\/nns.cz\/amos\/wp-content\/uploads\/2020\/08\/25-60x60.jpg 60w\" sizes=\"auto, (max-width: 100px) 100vw, 100px\" \/><\/a><\/figure><\/div>\n<\/div>\n<\/div>\n\n\n\n<p><\/p>\n","protected":false},"excerpt":{"rendered":"<p>Slabik\u00e1\u0159 1.&nbsp;d\u00edl, strana 24, cvi\u010den\u00ed 1 (\u00favod) Slabik\u00e1\u0159 1.&nbsp;d\u00edl, strana 24, cvi\u010den\u00ed 1 Slabik\u00e1\u0159 1.&nbsp;d\u00edl, strana 24, cvi\u010den\u00ed 2 Slabik\u00e1\u0159 1.&nbsp;d\u00edl, strana 24, cvi\u010den\u00ed 2 (procvi\u010dov\u00e1n\u00ed) Slabik\u00e1\u0159 1.&nbsp;d\u00edl, strana 24, cvi\u010den\u00ed 3 Slabik\u00e1\u0159 1.&nbsp;d\u00edl, strana 24, cvi\u010den\u00ed 4 Slabik\u00e1\u0159 1.&nbsp;d\u00edl, &hellip; <\/p>\n","protected":false},"author":20,"featured_media":0,"parent":0,"menu_order":0,"comment_status":"closed","ping_status":"closed","template":"","meta":{"footnotes":""},"class_list":["post-2364","page","type-page","status-publish","hentry"],"_links":{"self":[{"href":"https:\/\/nns.cz\/amos\/wp-json\/wp\/v2\/pages\/2364","targetHints":{"allow":["GET"]}}],"collection":[{"href":"https:\/\/nns.cz\/amos\/wp-json\/wp\/v2\/pages"}],"about":[{"href":"https:\/\/nns.cz\/amos\/wp-json\/wp\/v2\/types\/page"}],"author":[{"embeddable":true,"href":"https:\/\/nns.cz\/amos\/wp-json\/wp\/v2\/users\/20"}],"replies":[{"embeddable":true,"href":"https:\/\/nns.cz\/amos\/wp-json\/wp\/v2\/comments?post=2364"}],"version-history":[{"count":1,"href":"https:\/\/nns.cz\/amos\/wp-json\/wp\/v2\/pages\/2364\/revisions"}],"predecessor-version":[{"id":2365,"href":"https:\/\/nns.cz\/amos\/wp-json\/wp\/v2\/pages\/2364\/revisions\/2365"}],"wp:attachment":[{"href":"https:\/\/nns.cz\/amos\/wp-json\/wp\/v2\/media?parent=2364"}],"curies":[{"name":"wp","href":"https:\/\/api.w.org\/{rel}","templated":true}]}}