{"id":2240,"date":"2020-10-15T10:34:50","date_gmt":"2020-10-15T08:34:50","guid":{"rendered":"https:\/\/nns.cz\/amos\/?page_id=2240"},"modified":"2020-10-15T10:34:52","modified_gmt":"2020-10-15T08:34:52","slug":"ziva-abeceda-strana-54","status":"publish","type":"page","link":"https:\/\/nns.cz\/amos\/ziva-abeceda-strana-54\/","title":{"rendered":"\u017div\u00e1 abeceda \u2013 strana 54"},"content":{"rendered":"\n<div class=\"wp-block-group is-layout-flow wp-block-group-is-layout-flow\"><div class=\"wp-block-group__inner-container\"><\/div><\/div>\n\n\n\n<h4 class=\"wp-block-heading\">\u017div\u00e1 abeceda, strana 54, cvi\u010den\u00ed 1<\/h4>\n\n\n\n<figure class=\"wp-block-embed-youtube wp-block-embed is-type-video is-provider-youtube wp-embed-aspect-4-3 wp-has-aspect-ratio\"><div class=\"wp-block-embed__wrapper\">\n<iframe loading=\"lazy\" title=\"P\u00edsmeno I (\u010dten\u00ed p\u00edsmen), \u017dIV\u00c1 ABECEDA, str. 54, cv.1\" width=\"832\" height=\"624\" src=\"https:\/\/www.youtube.com\/embed\/Fjvi4AKQBGI?feature=oembed\" frameborder=\"0\" allow=\"accelerometer; autoplay; clipboard-write; encrypted-media; gyroscope; picture-in-picture; web-share\" allowfullscreen><\/iframe>\n<\/div><\/figure>\n\n\n\n<h4 class=\"wp-block-heading\">\u017div\u00e1 abeceda, strana 54, cvi\u010den\u00ed 1 (dikt\u00e1t)<\/h4>\n\n\n\n<figure class=\"wp-block-embed-youtube wp-block-embed is-type-video is-provider-youtube wp-embed-aspect-4-3 wp-has-aspect-ratio\"><div class=\"wp-block-embed__wrapper\">\n<iframe loading=\"lazy\" title=\"P\u00edsmeno I (dikt\u00e1t p\u00edsmen), \u017dIV\u00c1 ABECEDA, str. 54, cv.1 dikt\u00e1t\" width=\"832\" height=\"624\" src=\"https:\/\/www.youtube.com\/embed\/I4MjeVM7uyk?feature=oembed\" frameborder=\"0\" allow=\"accelerometer; autoplay; clipboard-write; encrypted-media; gyroscope; picture-in-picture; web-share\" allowfullscreen><\/iframe>\n<\/div><\/figure>\n\n\n\n<h4 class=\"wp-block-heading\">\u017div\u00e1 abeceda, strana 54, cvi\u010den\u00ed 2<\/h4>\n\n\n\n<figure class=\"wp-block-embed-youtube wp-block-embed is-type-video is-provider-youtube wp-embed-aspect-4-3 wp-has-aspect-ratio\"><div class=\"wp-block-embed__wrapper\">\n<iframe loading=\"lazy\" title=\"P\u00edsmeno I (\u010dten\u00ed p\u00edsmen a slov), \u017dIV\u00c1 ABECEDA, str. 54, cv.2\" width=\"832\" height=\"624\" src=\"https:\/\/www.youtube.com\/embed\/3wWDWE1xaew?feature=oembed\" frameborder=\"0\" allow=\"accelerometer; autoplay; clipboard-write; encrypted-media; gyroscope; picture-in-picture; web-share\" allowfullscreen><\/iframe>\n<\/div><\/figure>\n\n\n\n<h4 class=\"wp-block-heading\">\u017div\u00e1 abeceda, strana 54, cvi\u010den\u00ed 3<\/h4>\n\n\n\n<figure class=\"wp-block-embed-youtube wp-block-embed is-type-video is-provider-youtube wp-embed-aspect-4-3 wp-has-aspect-ratio\"><div class=\"wp-block-embed__wrapper\">\n<iframe loading=\"lazy\" title=\"P\u00edsmeno I (\u010dten\u00ed slabik), \u017dIV\u00c1 ABECEDA, str. 54, cv.3\" width=\"832\" height=\"624\" src=\"https:\/\/www.youtube.com\/embed\/5CKK3cwFqx0?feature=oembed\" frameborder=\"0\" allow=\"accelerometer; autoplay; clipboard-write; encrypted-media; gyroscope; picture-in-picture; web-share\" allowfullscreen><\/iframe>\n<\/div><\/figure>\n\n\n\n<h4 class=\"wp-block-heading\">\u017div\u00e1 abeceda, strana 54, cvi\u010den\u00ed 4<\/h4>\n\n\n\n<figure class=\"wp-block-embed-youtube wp-block-embed is-type-video is-provider-youtube wp-embed-aspect-4-3 wp-has-aspect-ratio\"><div class=\"wp-block-embed__wrapper\">\n<iframe loading=\"lazy\" title=\"P\u00edsmeno I (\u010dten\u00ed slabik), \u017dIV\u00c1 ABECEDA, str. 54, cv.4\" width=\"832\" height=\"624\" src=\"https:\/\/www.youtube.com\/embed\/5Jeipb8yu0Q?feature=oembed\" frameborder=\"0\" allow=\"accelerometer; autoplay; clipboard-write; encrypted-media; gyroscope; picture-in-picture; web-share\" allowfullscreen><\/iframe>\n<\/div><\/figure>\n\n\n\n<h4 class=\"wp-block-heading\">\u017div\u00e1 abeceda, strana 54, cvi\u010den\u00ed 4 (dikt\u00e1t)<\/h4>\n\n\n\n<figure class=\"wp-block-embed-youtube wp-block-embed is-type-video is-provider-youtube wp-embed-aspect-4-3 wp-has-aspect-ratio\"><div class=\"wp-block-embed__wrapper\">\n<iframe loading=\"lazy\" title=\"P\u00edsmeno I (dikt\u00e1t p\u00edsmen), \u017dIV\u00c1 ABECEDA, str. 54, cv.4 dikt\u00e1t\" width=\"832\" height=\"624\" src=\"https:\/\/www.youtube.com\/embed\/JXowugPm9Go?feature=oembed\" frameborder=\"0\" allow=\"accelerometer; autoplay; clipboard-write; encrypted-media; gyroscope; picture-in-picture; web-share\" allowfullscreen><\/iframe>\n<\/div><\/figure>\n\n\n\n<h4 class=\"wp-block-heading\">\u017div\u00e1 abeceda, strana 54, cvi\u010den\u00ed 5<\/h4>\n\n\n\n<figure class=\"wp-block-embed-youtube wp-block-embed is-type-video is-provider-youtube wp-embed-aspect-4-3 wp-has-aspect-ratio\"><div class=\"wp-block-embed__wrapper\">\n<iframe loading=\"lazy\" title=\"P\u00edsmeno I (\u010dten\u00ed slabik a slov), \u017dIV\u00c1 ABECEDA, str. 54, cv.5\" width=\"832\" height=\"624\" src=\"https:\/\/www.youtube.com\/embed\/msSRY1CN63Q?feature=oembed\" frameborder=\"0\" allow=\"accelerometer; autoplay; clipboard-write; encrypted-media; gyroscope; picture-in-picture; web-share\" allowfullscreen><\/iframe>\n<\/div><\/figure>\n\n\n\n<h4 class=\"wp-block-heading\">\u017div\u00e1 abeceda, strana 54, cvi\u010den\u00ed 5 (dikt\u00e1t)<\/h4>\n\n\n\n<figure class=\"wp-block-embed-youtube wp-block-embed is-type-video is-provider-youtube wp-embed-aspect-4-3 wp-has-aspect-ratio\"><div class=\"wp-block-embed__wrapper\">\n<iframe loading=\"lazy\" title=\"P\u00edsmena I (dikt\u00e1t slov), \u017dIV\u00c1 ABECEDA, str. 54, cv.5 dikt\u00e1t\" width=\"832\" height=\"624\" src=\"https:\/\/www.youtube.com\/embed\/rL6WCxyDeA4?feature=oembed\" frameborder=\"0\" allow=\"accelerometer; autoplay; clipboard-write; encrypted-media; gyroscope; picture-in-picture; web-share\" allowfullscreen><\/iframe>\n<\/div><\/figure>\n\n\n\n<div class=\"wp-block-columns is-layout-flex wp-container-core-columns-is-layout-9d6595d7 wp-block-columns-is-layout-flex\">\n<div class=\"wp-block-column is-layout-flow wp-block-column-is-layout-flow\" style=\"flex-basis:25%\">\n<div class=\"wp-block-image\"><figure class=\"alignleft size-large\"><a href=\"https:\/\/nns.cz\/amos\/ziva-abeceda-strana-53\/\"><img loading=\"lazy\" decoding=\"async\" width=\"100\" height=\"99\" src=\"https:\/\/nns.cz\/amos\/wp-content\/uploads\/2020\/08\/53.jpg\" alt=\"\" class=\"wp-image-1987\" srcset=\"https:\/\/nns.cz\/amos\/wp-content\/uploads\/2020\/08\/53.jpg 100w, https:\/\/nns.cz\/amos\/wp-content\/uploads\/2020\/08\/53-60x60.jpg 60w\" sizes=\"auto, (max-width: 100px) 100vw, 100px\" \/><\/a><\/figure><\/div>\n<\/div>\n\n\n\n<div class=\"wp-block-column is-layout-flow wp-block-column-is-layout-flow\" style=\"flex-basis:50%\">\n<div class=\"wp-block-image\"><figure class=\"aligncenter size-large is-resized\"><a href=\"https:\/\/nns.cz\/amos\/ziva-abeceda\/\"><img loading=\"lazy\" decoding=\"async\" src=\"https:\/\/nns.cz\/amos\/wp-content\/uploads\/2020\/08\/ag\u00e1ta_ABC.png\" alt=\"\" class=\"wp-image-2019\" width=\"245\" height=\"96\" srcset=\"https:\/\/nns.cz\/amos\/wp-content\/uploads\/2020\/08\/ag\u00e1ta_ABC.png 812w, https:\/\/nns.cz\/amos\/wp-content\/uploads\/2020\/08\/ag\u00e1ta_ABC-300x117.png 300w, https:\/\/nns.cz\/amos\/wp-content\/uploads\/2020\/08\/ag\u00e1ta_ABC-768x301.png 768w\" sizes=\"auto, (max-width: 245px) 100vw, 245px\" \/><\/a><\/figure><\/div>\n\n\n\n<p><\/p>\n<\/div>\n\n\n\n<div class=\"wp-block-column is-layout-flow wp-block-column-is-layout-flow\" style=\"flex-basis:25%\">\n<div class=\"wp-block-image\"><figure class=\"alignright size-large\"><a href=\"https:\/\/nns.cz\/amos\/ziva-abeceda-strana-55\/\"><img loading=\"lazy\" decoding=\"async\" width=\"100\" height=\"99\" src=\"https:\/\/nns.cz\/amos\/wp-content\/uploads\/2020\/08\/55.jpg\" alt=\"\" class=\"wp-image-1989\" srcset=\"https:\/\/nns.cz\/amos\/wp-content\/uploads\/2020\/08\/55.jpg 100w, https:\/\/nns.cz\/amos\/wp-content\/uploads\/2020\/08\/55-60x60.jpg 60w\" sizes=\"auto, (max-width: 100px) 100vw, 100px\" \/><\/a><\/figure><\/div>\n<\/div>\n<\/div>\n\n\n\n<p><\/p>\n","protected":false},"excerpt":{"rendered":"<p>\u017div\u00e1 abeceda, strana 54, cvi\u010den\u00ed 1 \u017div\u00e1 abeceda, strana 54, cvi\u010den\u00ed 1 (dikt\u00e1t) \u017div\u00e1 abeceda, strana 54, cvi\u010den\u00ed 2 \u017div\u00e1 abeceda, strana 54, cvi\u010den\u00ed 3 \u017div\u00e1 abeceda, strana 54, cvi\u010den\u00ed 4 \u017div\u00e1 abeceda, strana 54, cvi\u010den\u00ed 4 (dikt\u00e1t) \u017div\u00e1 abeceda, &hellip; <\/p>\n","protected":false},"author":20,"featured_media":0,"parent":0,"menu_order":0,"comment_status":"closed","ping_status":"closed","template":"","meta":{"footnotes":""},"class_list":["post-2240","page","type-page","status-publish","hentry"],"_links":{"self":[{"href":"https:\/\/nns.cz\/amos\/wp-json\/wp\/v2\/pages\/2240","targetHints":{"allow":["GET"]}}],"collection":[{"href":"https:\/\/nns.cz\/amos\/wp-json\/wp\/v2\/pages"}],"about":[{"href":"https:\/\/nns.cz\/amos\/wp-json\/wp\/v2\/types\/page"}],"author":[{"embeddable":true,"href":"https:\/\/nns.cz\/amos\/wp-json\/wp\/v2\/users\/20"}],"replies":[{"embeddable":true,"href":"https:\/\/nns.cz\/amos\/wp-json\/wp\/v2\/comments?post=2240"}],"version-history":[{"count":1,"href":"https:\/\/nns.cz\/amos\/wp-json\/wp\/v2\/pages\/2240\/revisions"}],"predecessor-version":[{"id":2241,"href":"https:\/\/nns.cz\/amos\/wp-json\/wp\/v2\/pages\/2240\/revisions\/2241"}],"wp:attachment":[{"href":"https:\/\/nns.cz\/amos\/wp-json\/wp\/v2\/media?parent=2240"}],"curies":[{"name":"wp","href":"https:\/\/api.w.org\/{rel}","templated":true}]}}