{"id":2033,"date":"2020-08-19T11:28:31","date_gmt":"2020-08-19T09:28:31","guid":{"rendered":"https:\/\/nns.cz\/amos\/?page_id=2033"},"modified":"2020-08-19T12:03:42","modified_gmt":"2020-08-19T10:03:42","slug":"ziva-abeceda-strana-2","status":"publish","type":"page","link":"https:\/\/nns.cz\/amos\/ziva-abeceda-strana-2\/","title":{"rendered":"\u017div\u00e1 abeceda \u2013 strana 2"},"content":{"rendered":"\n<div class=\"wp-block-group is-layout-flow wp-block-group-is-layout-flow\"><div class=\"wp-block-group__inner-container\"><\/div><\/div>\n\n\n\n<h4 class=\"wp-block-heading\">\u017div\u00e1 abeceda, strana 2, cvi\u010den\u00ed 1<\/h4>\n\n\n\n<figure class=\"wp-block-embed-youtube wp-block-embed is-type-video is-provider-youtube wp-embed-aspect-4-3 wp-has-aspect-ratio\"><div class=\"wp-block-embed__wrapper\">\n<iframe loading=\"lazy\" title=\"T\u0159\u00edda, \u017dIV\u00c1 ABECEDA, str. 2, cv.1\" width=\"832\" height=\"624\" src=\"https:\/\/www.youtube.com\/embed\/Qb2IPYNNeHw?feature=oembed\" frameborder=\"0\" allow=\"accelerometer; autoplay; clipboard-write; encrypted-media; gyroscope; picture-in-picture; web-share\" allowfullscreen><\/iframe><script type=\"application\/json\" data-arve-oembed>{\"title\":\"T\u0159\u00edda, \u017dIV\u00c1 ABECEDA, str. 2, cv.1\",\"author_name\":\"Online v\u00fduka\",\"author_url\":\"https:\/\/www.youtube.com\/@onlinevyuka5163\",\"type\":\"video\",\"height\":\"624\",\"width\":\"832\",\"version\":\"1.0\",\"provider_name\":\"YouTube\",\"provider_url\":\"https:\/\/www.youtube.com\/\",\"thumbnail_height\":\"360\",\"thumbnail_width\":\"480\",\"thumbnail_url\":\"https:\/\/i.ytimg.com\/vi\/Qb2IPYNNeHw\/hqdefault.jpg\",\"html\":\"&lt;iframe width=&quot;832&quot; height=&quot;624&quot; src=&quot;https:\/\/www.youtube.com\/embed\/Qb2IPYNNeHw?feature=oembed&quot; frameborder=&quot;0&quot; allow=&quot;accelerometer; autoplay; clipboard-write; encrypted-media; gyroscope; picture-in-picture; web-share&quot; allowfullscreen title=&quot;T\u0159\u00edda, \u017dIV\u00c1 ABECEDA, str. 2, cv.1&quot;&gt;&lt;\/iframe&gt;\",\"arve_cachetime\":\"2023-10-28 07:37:46\",\"arve_url\":\"https:\/\/www.youtube.com\/watch?v=Qb2IPYNNeHw&amp;feature=youtu.be\",\"arve_srcset\":\"https:\/\/i.ytimg.com\/vi\/Qb2IPYNNeHw\/mqdefault.jpg 320w, https:\/\/i.ytimg.com\/vi\/Qb2IPYNNeHw\/hqdefault.jpg 480w, https:\/\/i.ytimg.com\/vi\/Qb2IPYNNeHw\/sddefault.jpg 640w\"}<\/script>\n<\/div><\/figure>\n\n\n\n<h4 class=\"wp-block-heading\">\u017div\u00e1 abeceda, strana 2, cvi\u010den\u00ed 2<\/h4>\n\n\n\n<figure class=\"wp-block-embed-youtube wp-block-embed is-type-video is-provider-youtube wp-embed-aspect-4-3 wp-has-aspect-ratio\"><div class=\"wp-block-embed__wrapper\">\n<iframe loading=\"lazy\" title=\"Vyvozen\u00ed zad\u00e1n\u00ed: &quot;\u010cti \u0159\u00e1dek&quot;, \u017dIV\u00c1 ABECEDA, str. 2, cv.2\" width=\"832\" height=\"624\" src=\"https:\/\/www.youtube.com\/embed\/1e_CoDfLIBc?feature=oembed\" frameborder=\"0\" allow=\"accelerometer; autoplay; clipboard-write; encrypted-media; gyroscope; picture-in-picture; web-share\" allowfullscreen><\/iframe><script type=\"application\/json\" data-arve-oembed>{\"title\":\"Vyvozen\u00ed zad\u00e1n\u00ed: &quot;\u010cti \u0159\u00e1dek&quot;, \u017dIV\u00c1 ABECEDA, str. 2, cv.2\",\"author_name\":\"Online v\u00fduka\",\"author_url\":\"https:\/\/www.youtube.com\/@onlinevyuka5163\",\"type\":\"video\",\"height\":\"624\",\"width\":\"832\",\"version\":\"1.0\",\"provider_name\":\"YouTube\",\"provider_url\":\"https:\/\/www.youtube.com\/\",\"thumbnail_height\":\"360\",\"thumbnail_width\":\"480\",\"thumbnail_url\":\"https:\/\/i.ytimg.com\/vi\/1e_CoDfLIBc\/hqdefault.jpg\",\"html\":\"&lt;iframe width=&quot;832&quot; height=&quot;624&quot; src=&quot;https:\/\/www.youtube.com\/embed\/1e_CoDfLIBc?feature=oembed&quot; frameborder=&quot;0&quot; allow=&quot;accelerometer; autoplay; clipboard-write; encrypted-media; gyroscope; picture-in-picture; web-share&quot; allowfullscreen title=&quot;Vyvozen\u00ed zad\u00e1n\u00ed: &quot;\u010cti \u0159\u00e1dek&quot;, \u017dIV\u00c1 ABECEDA, str. 2, cv.2&quot;&gt;&lt;\/iframe&gt;\",\"arve_cachetime\":\"2023-10-28 07:37:47\",\"arve_url\":\"https:\/\/www.youtube.com\/watch?v=1e_CoDfLIBc&amp;feature=youtu.be\",\"arve_srcset\":\"https:\/\/i.ytimg.com\/vi\/1e_CoDfLIBc\/mqdefault.jpg 320w, https:\/\/i.ytimg.com\/vi\/1e_CoDfLIBc\/hqdefault.jpg 480w, https:\/\/i.ytimg.com\/vi\/1e_CoDfLIBc\/sddefault.jpg 640w, https:\/\/i.ytimg.com\/vi\/1e_CoDfLIBc\/maxresdefault.jpg 1280w\"}<\/script>\n<\/div><\/figure>\n\n\n\n<h4 class=\"wp-block-heading\">\u017div\u00e1 abeceda, strana 2, cvi\u010den\u00ed 3<\/h4>\n\n\n\n<figure class=\"wp-block-embed-youtube wp-block-embed is-type-video is-provider-youtube wp-embed-aspect-4-3 wp-has-aspect-ratio\"><div class=\"wp-block-embed__wrapper\">\n<iframe loading=\"lazy\" title=\"Vyvozen\u00ed zad\u00e1n\u00ed: &quot;\u010cti sloupce&quot;, \u017dIV\u00c1 ABECEDA, str. 2, cv.3\" width=\"832\" height=\"624\" src=\"https:\/\/www.youtube.com\/embed\/7Pq1g0JRReE?feature=oembed\" frameborder=\"0\" allow=\"accelerometer; autoplay; clipboard-write; encrypted-media; gyroscope; picture-in-picture; web-share\" allowfullscreen><\/iframe><script type=\"application\/json\" data-arve-oembed>{\"title\":\"Vyvozen\u00ed zad\u00e1n\u00ed: &quot;\u010cti sloupce&quot;, \u017dIV\u00c1 ABECEDA, str. 2, cv.3\",\"author_name\":\"Online v\u00fduka\",\"author_url\":\"https:\/\/www.youtube.com\/@onlinevyuka5163\",\"type\":\"video\",\"height\":\"624\",\"width\":\"832\",\"version\":\"1.0\",\"provider_name\":\"YouTube\",\"provider_url\":\"https:\/\/www.youtube.com\/\",\"thumbnail_height\":\"360\",\"thumbnail_width\":\"480\",\"thumbnail_url\":\"https:\/\/i.ytimg.com\/vi\/7Pq1g0JRReE\/hqdefault.jpg\",\"html\":\"&lt;iframe width=&quot;832&quot; height=&quot;624&quot; src=&quot;https:\/\/www.youtube.com\/embed\/7Pq1g0JRReE?feature=oembed&quot; frameborder=&quot;0&quot; allow=&quot;accelerometer; autoplay; clipboard-write; encrypted-media; gyroscope; picture-in-picture; web-share&quot; allowfullscreen title=&quot;Vyvozen\u00ed zad\u00e1n\u00ed: &quot;\u010cti sloupce&quot;, \u017dIV\u00c1 ABECEDA, str. 2, cv.3&quot;&gt;&lt;\/iframe&gt;\",\"arve_cachetime\":\"2023-10-28 07:37:48\",\"arve_url\":\"https:\/\/www.youtube.com\/watch?v=7Pq1g0JRReE&amp;feature=youtu.be\",\"arve_srcset\":\"https:\/\/i.ytimg.com\/vi\/7Pq1g0JRReE\/mqdefault.jpg 320w, https:\/\/i.ytimg.com\/vi\/7Pq1g0JRReE\/hqdefault.jpg 480w, https:\/\/i.ytimg.com\/vi\/7Pq1g0JRReE\/sddefault.jpg 640w\"}<\/script>\n<\/div><\/figure>\n\n\n\n<div class=\"wp-block-columns is-layout-flex wp-container-core-columns-is-layout-9d6595d7 wp-block-columns-is-layout-flex\">\n<div class=\"wp-block-column is-layout-flow wp-block-column-is-layout-flow\" style=\"flex-basis:25%\">\n<div class=\"wp-block-image\"><figure class=\"alignleft size-large is-resized\"><a href=\"https:\/\/nns.cz\/amos\/ziva-abeceda-strana-1\/\"><img loading=\"lazy\" decoding=\"async\" src=\"https:\/\/nns.cz\/amos\/wp-content\/uploads\/2020\/08\/1.jpg\" alt=\"\" class=\"wp-image-1935\" width=\"100\" height=\"99\" srcset=\"https:\/\/nns.cz\/amos\/wp-content\/uploads\/2020\/08\/1.jpg 100w, https:\/\/nns.cz\/amos\/wp-content\/uploads\/2020\/08\/1-60x60.jpg 60w\" sizes=\"auto, (max-width: 100px) 100vw, 100px\" \/><\/a><\/figure><\/div>\n<\/div>\n\n\n\n<div class=\"wp-block-column is-layout-flow wp-block-column-is-layout-flow\" style=\"flex-basis:50%\">\n<div class=\"wp-block-image\"><figure class=\"aligncenter size-large is-resized\"><a href=\"https:\/\/nns.cz\/amos\/ziva-abeceda\/\"><img loading=\"lazy\" decoding=\"async\" src=\"https:\/\/nns.cz\/amos\/wp-content\/uploads\/2020\/08\/ag\u00e1ta_ABC.png\" alt=\"\" class=\"wp-image-2019\" width=\"245\" height=\"96\" srcset=\"https:\/\/nns.cz\/amos\/wp-content\/uploads\/2020\/08\/ag\u00e1ta_ABC.png 812w, https:\/\/nns.cz\/amos\/wp-content\/uploads\/2020\/08\/ag\u00e1ta_ABC-300x117.png 300w, https:\/\/nns.cz\/amos\/wp-content\/uploads\/2020\/08\/ag\u00e1ta_ABC-768x301.png 768w\" sizes=\"auto, (max-width: 245px) 100vw, 245px\" \/><\/a><\/figure><\/div>\n\n\n\n<p><\/p>\n<\/div>\n\n\n\n<div class=\"wp-block-column is-layout-flow wp-block-column-is-layout-flow\" style=\"flex-basis:25%\">\n<div class=\"wp-block-image\"><figure class=\"alignright size-large\"><a href=\"https:\/\/nns.cz\/amos\/ziva-abeceda-strana-3\/\"><img loading=\"lazy\" decoding=\"async\" width=\"100\" height=\"99\" src=\"https:\/\/nns.cz\/amos\/wp-content\/uploads\/2020\/08\/3.jpg\" alt=\"\" class=\"wp-image-1937\" srcset=\"https:\/\/nns.cz\/amos\/wp-content\/uploads\/2020\/08\/3.jpg 100w, https:\/\/nns.cz\/amos\/wp-content\/uploads\/2020\/08\/3-60x60.jpg 60w\" sizes=\"auto, (max-width: 100px) 100vw, 100px\" \/><\/a><\/figure><\/div>\n<\/div>\n<\/div>\n\n\n\n<p><\/p>\n","protected":false},"excerpt":{"rendered":"<p>\u017div\u00e1 abeceda, strana 2, cvi\u010den\u00ed 1 \u017div\u00e1 abeceda, strana 2, cvi\u010den\u00ed 2 \u017div\u00e1 abeceda, strana 2, cvi\u010den\u00ed 3<\/p>\n","protected":false},"author":5,"featured_media":0,"parent":0,"menu_order":0,"comment_status":"closed","ping_status":"closed","template":"","meta":{"footnotes":""},"class_list":["post-2033","page","type-page","status-publish","hentry"],"_links":{"self":[{"href":"https:\/\/nns.cz\/amos\/wp-json\/wp\/v2\/pages\/2033","targetHints":{"allow":["GET"]}}],"collection":[{"href":"https:\/\/nns.cz\/amos\/wp-json\/wp\/v2\/pages"}],"about":[{"href":"https:\/\/nns.cz\/amos\/wp-json\/wp\/v2\/types\/page"}],"author":[{"embeddable":true,"href":"https:\/\/nns.cz\/amos\/wp-json\/wp\/v2\/users\/5"}],"replies":[{"embeddable":true,"href":"https:\/\/nns.cz\/amos\/wp-json\/wp\/v2\/comments?post=2033"}],"version-history":[{"count":3,"href":"https:\/\/nns.cz\/amos\/wp-json\/wp\/v2\/pages\/2033\/revisions"}],"predecessor-version":[{"id":2039,"href":"https:\/\/nns.cz\/amos\/wp-json\/wp\/v2\/pages\/2033\/revisions\/2039"}],"wp:attachment":[{"href":"https:\/\/nns.cz\/amos\/wp-json\/wp\/v2\/media?parent=2033"}],"curies":[{"name":"wp","href":"https:\/\/api.w.org\/{rel}","templated":true}]}}