{"id":1878,"date":"2020-07-22T10:58:10","date_gmt":"2020-07-22T08:58:10","guid":{"rendered":"https:\/\/nns.cz\/amos\/?page_id=1878"},"modified":"2025-03-31T11:11:44","modified_gmt":"2025-03-31T09:11:44","slug":"vyukova-videa","status":"publish","type":"page","link":"https:\/\/nns.cz\/amos\/vyukova-videa\/","title":{"rendered":"V\u00fdukov\u00e1 videa"},"content":{"rendered":"\n<p>Tato v\u00fdukov\u00e1 videa mohou <strong>pomoci<\/strong> \u017e\u00e1k\u016fm:<\/p>\n\n\n\n<ul class=\"wp-block-list\">\n<li>p\u0159i dom\u00e1c\u00ed p\u0159\u00edprav\u011b<\/li>\n\n\n\n<li>p\u0159i opakov\u00e1n\u00ed probran\u00e9ho u\u010diva<\/li>\n\n\n\n<li>v dob\u011b nemoci<\/li>\n\n\n\n<li>v dom\u00e1c\u00edm vzd\u011bl\u00e1v\u00e1n\u00ed<\/li>\n\n\n\n<li>v inkluzivn\u00edm vzd\u011bl\u00e1v\u00e1n\u00ed<\/li>\n<\/ul>\n\n\n\n<h3 class=\"wp-block-heading\">Mat\u00fdskova matematika <strong>od 1.\u00a0do 5.\u00a0ro\u010dn\u00edku<\/strong><\/h3>\n\n\n\n<p>V\u00edce ne\u017e 5&nbsp;000 vide\u00ed je p\u0159ehledn\u011b rozt\u0159\u00edd\u011bno podle jednotliv\u00fdch<br>u\u010debnic a&nbsp;podle jejich stran. Ke ka\u017ed\u00e9 str\u00e1nce v&nbsp;u\u010debnici je p\u0159ipravena<br>videoprezentace s&nbsp;koment\u00e1\u0159em spoluautora u\u010debnic<br>Mat\u00fdskova matematika. Videa jsou obsahem a&nbsp;formou obdobn\u00e1<br>tomu, co \u017e\u00e1ci mohou sly\u0161et ve \u0161kole od sv\u00fdch vyu\u010duj\u00edc\u00edch.<\/p>\n\n\n\n<p>V\u00fdukov\u00e1 videa najdete na <a href=\"https:\/\/www.matyskova-matematika.cz\/vyukova-videa\/\"><strong>www.matyskova-matematika.cz<\/strong><\/a><\/p>\n\n\n\n<h3 class=\"wp-block-heading\">\u010cteme a&nbsp;p\u00ed\u0161eme s&nbsp;Ag\u00e1tou<\/h3>\n\n\n\n<p>S motivac\u00ed pomoci \u0161kol\u00e1m a\u00a0\u017e\u00e1k\u016fm tak\u00e9 v\u00a0oblasti element\u00e1rn\u00edho \u010dten\u00ed jsme zve\u0159ejnili\u00a0<strong>v\u00fdukov\u00e1 videa k\u00a0\u017div\u00e9 abeced\u011b<\/strong>,<strong>\u00a0Slabik\u00e1\u0159i<\/strong>, 1.\u00a0d\u00edl a\u00a02.\u00a0d\u00edl,\u00a0<strong>P\u00edsanky<\/strong>, 1.\u00a0a\u00a02.\u00a0d\u00edl, z\u00a0\u0159ady u\u010debnic\u00a0<strong>\u010cteme a\u00a0p\u00ed\u0161eme s\u00a0Ag\u00e1tou<\/strong>.<\/p>\n\n\n\n<p><a href=\"https:\/\/nns.cz\/amos\/ziva-abeceda\/\"><strong>\u017div\u00e1 abeceda<\/strong><\/a><\/p>\n\n\n\n<p><a href=\"https:\/\/nns.cz\/amos\/slabikar-1dil\/\"><strong>Slabik\u00e1\u0159 1.&nbsp;d\u00edl<\/strong><\/a><\/p>\n\n\n\n<p><a href=\"https:\/\/nns.cz\/amos\/slabikar-2dil\/\"><strong>Slabik\u00e1\u0159 2.&nbsp;d\u00edl<\/strong><\/a><\/p>\n\n\n\n<p><a href=\"https:\/\/nns.cz\/amos\/pisanka-1dil\/\"><strong>P\u00edsanka 1.&nbsp;d\u00edl<\/strong><\/a><\/p>\n\n\n\n<p><a href=\"https:\/\/nns.cz\/amos\/pisanka-2dil\/\"><strong>P\u00edsanka 2.&nbsp;d\u00edl<\/strong><\/a><\/p>\n\n\n\n<p><strong><a href=\"https:\/\/nns.cz\/amos\/pisanka-3dil\/\">P\u00edsanka 3.&nbsp;d\u00edl<\/a><\/strong><\/p>\n\n\n\n<p><\/p>\n","protected":false},"excerpt":{"rendered":"<p>Tato v\u00fdukov\u00e1 videa mohou pomoci \u017e\u00e1k\u016fm: Mat\u00fdskova matematika od 1.\u00a0do 5.\u00a0ro\u010dn\u00edku V\u00edce ne\u017e 5&nbsp;000 vide\u00ed je p\u0159ehledn\u011b rozt\u0159\u00edd\u011bno podle jednotliv\u00fdchu\u010debnic a&nbsp;podle jejich stran. Ke ka\u017ed\u00e9 str\u00e1nce v&nbsp;u\u010debnici je p\u0159ipravenavideoprezentace s&nbsp;koment\u00e1\u0159em spoluautora u\u010debnicMat\u00fdskova matematika. Videa jsou obsahem a&nbsp;formou obdobn\u00e1tomu, co \u017e\u00e1ci &hellip; <\/p>\n","protected":false},"author":20,"featured_media":0,"parent":0,"menu_order":0,"comment_status":"closed","ping_status":"closed","template":"","meta":{"footnotes":""},"class_list":["post-1878","page","type-page","status-publish","hentry"],"_links":{"self":[{"href":"https:\/\/nns.cz\/amos\/wp-json\/wp\/v2\/pages\/1878","targetHints":{"allow":["GET"]}}],"collection":[{"href":"https:\/\/nns.cz\/amos\/wp-json\/wp\/v2\/pages"}],"about":[{"href":"https:\/\/nns.cz\/amos\/wp-json\/wp\/v2\/types\/page"}],"author":[{"embeddable":true,"href":"https:\/\/nns.cz\/amos\/wp-json\/wp\/v2\/users\/20"}],"replies":[{"embeddable":true,"href":"https:\/\/nns.cz\/amos\/wp-json\/wp\/v2\/comments?post=1878"}],"version-history":[{"count":40,"href":"https:\/\/nns.cz\/amos\/wp-json\/wp\/v2\/pages\/1878\/revisions"}],"predecessor-version":[{"id":4836,"href":"https:\/\/nns.cz\/amos\/wp-json\/wp\/v2\/pages\/1878\/revisions\/4836"}],"wp:attachment":[{"href":"https:\/\/nns.cz\/amos\/wp-json\/wp\/v2\/media?parent=1878"}],"curies":[{"name":"wp","href":"https:\/\/api.w.org\/{rel}","templated":true}]}}