{"id":1319,"date":"2019-07-03T11:46:41","date_gmt":"2019-07-03T09:46:41","guid":{"rendered":"https:\/\/nns.cz\/amos\/community\/"},"modified":"2025-09-09T09:06:08","modified_gmt":"2025-09-09T07:06:08","slug":"community","status":"publish","type":"page","link":"https:\/\/nns.cz\/amos\/community\/","title":{"rendered":"Sd\u00edl\u00edme zku\u0161enosti s&nbsp;AMOSem"},"content":{"rendered":"","protected":true},"excerpt":{"rendered":"","protected":true},"author":5,"featured_media":0,"parent":0,"menu_order":0,"comment_status":"closed","ping_status":"closed","template":"","meta":{"footnotes":""},"class_list":["post-1319","page","type-page","status-publish","post-password-required","hentry"],"_links":{"self":[{"href":"https:\/\/nns.cz\/amos\/wp-json\/wp\/v2\/pages\/1319","targetHints":{"allow":["GET"]}}],"collection":[{"href":"https:\/\/nns.cz\/amos\/wp-json\/wp\/v2\/pages"}],"about":[{"href":"https:\/\/nns.cz\/amos\/wp-json\/wp\/v2\/types\/page"}],"author":[{"embeddable":true,"href":"https:\/\/nns.cz\/amos\/wp-json\/wp\/v2\/users\/5"}],"replies":[{"embeddable":true,"href":"https:\/\/nns.cz\/amos\/wp-json\/wp\/v2\/comments?post=1319"}],"version-history":[{"count":2,"href":"https:\/\/nns.cz\/amos\/wp-json\/wp\/v2\/pages\/1319\/revisions"}],"predecessor-version":[{"id":4891,"href":"https:\/\/nns.cz\/amos\/wp-json\/wp\/v2\/pages\/1319\/revisions\/4891"}],"wp:attachment":[{"href":"https:\/\/nns.cz\/amos\/wp-json\/wp\/v2\/media?parent=1319"}],"curies":[{"name":"wp","href":"https:\/\/api.w.org\/{rel}","templated":true}]}}