{"id":873,"date":"2018-05-24T03:16:00","date_gmt":"2018-05-24T01:16:00","guid":{"rendered":"http:\/\/nns.cz\/agata\/?page_id=873"},"modified":"2018-05-24T22:17:56","modified_gmt":"2018-05-24T20:17:56","slug":"souhlas-s-posilanim-obchodnich-sdeleni-udeleny-prostrednictvim-formularu-na-webech-spolecnosti-nova-skola-s-r-o","status":"publish","type":"page","link":"https:\/\/nns.cz\/agata\/souhlas-s-posilanim-obchodnich-sdeleni-udeleny-prostrednictvim-formularu-na-webech-spolecnosti-nova-skola-s-r-o\/","title":{"rendered":"Chcete z\u00edsk\u00e1vat novinky o&nbsp;\u010cteme a&nbsp;p\u00ed\u0161eme s&nbsp;Ag\u00e1tou?"},"content":{"rendered":"<p>[mailpoet_form id=&#8220;2&#8243;]<\/p>\n<p>&nbsp;<\/p>\n<p>Zad\u00e1n\u00edm e-mailu a&nbsp;kliknut\u00edm na \u201eodeb\u00edrat novinky\u201c d\u00e1v\u00e1te souhlas, aby zadan\u00fd e-mail byl za\u0159azen do seznamu pro zas\u00edl\u00e1n\u00ed novinek o&nbsp;\u010cteme a&nbsp;p\u00ed\u0161eme s&nbsp;Ag\u00e1tou (obchodn\u00edch sd\u011blen\u00ed spole\u010dnosti NOV\u00c1 \u0160KOLA, s.r.o.). Abychom V\u00e1m mohli zas\u00edlat relevantn\u00ed obchodn\u00ed sd\u011blen\u00ed, m\u016f\u017eeme zpracov\u00e1vat \u00fadaje o&nbsp;tom, zda V\u00e1s obchodn\u00ed sd\u011blen\u00ed oslovilo (zejm\u00e9na zda jste klikli na odkazy v&nbsp;obchodn\u00edm sd\u011blen\u00ed). M\u016f\u017eeme tak\u00e9 zpracov\u00e1vat \u00fadaje z&nbsp;cookies, kter\u00e9 jsou um\u00edst\u011bny na internetov\u00fdch str\u00e1nk\u00e1ch, na kter\u00fdch byl tento souhlas ud\u011blen, a&nbsp;to jen v&nbsp;p\u0159\u00edpad\u011b, \u017ee m\u00e1te cookies ve webov\u00e9m prohl\u00ed\u017ee\u010di povoleny. Tento souhlas z\u016fst\u00e1v\u00e1 v&nbsp;platnosti, dokud jej neodvol\u00e1te. Pokud jej odvol\u00e1te, nen\u00ed t\u00edm dot\u010deno dosavadn\u00ed zpracov\u00e1n\u00ed Va\u0161ich osobn\u00edch \u00fadaj\u016f. Odvol\u00e1n\u00ed lze prov\u00e9st kliknut\u00edm na odkaz odhl\u00e1\u0161en\u00ed odb\u011bru v&nbsp;kter\u00e9mkoli obdr\u017een\u00e9m obchodn\u00edm sd\u011blen\u00ed z&nbsp;webu \u010cteme a&nbsp;p\u00ed\u0161eme s&nbsp;Ag\u00e1tou.<\/p>\n<p>Abychom v\u011bd\u011bli, \u017ee jste e-mail na na\u0161em webu zadali opravdu vy, za\u0161leme V\u00e1m nejprve \u017e\u00e1dost o&nbsp;potvrzen\u00ed va\u0161eho odb\u011bru.<\/p>\n<p>Podrobn\u00e9 informace najdete v&nbsp;<a href=\"http:\/\/nns.cz\/blog\/zasady-zpracovani-osobnich-udaju\/\">Z\u00e1sad\u00e1ch zpracov\u00e1n\u00ed osobn\u00edch \u00fadaj\u016f pro z\u00e1kazn\u00edky spole\u010dnosti NOV\u00c1 \u0160KOLA, s.r.o., dle GDPR.<\/a><\/p>\n","protected":false},"excerpt":{"rendered":"<p>[mailpoet_form id=&#8220;2&#8243;] &nbsp; Zad\u00e1n\u00edm e-mailu a&nbsp;kliknut\u00edm na \u201eodeb\u00edrat novinky\u201c d\u00e1v\u00e1te souhlas, aby zadan\u00fd e-mail byl za\u0159azen do seznamu pro zas\u00edl\u00e1n\u00ed novinek o&nbsp;\u010cteme a&nbsp;p\u00ed\u0161eme s&nbsp;Ag\u00e1tou (obchodn\u00edch sd\u011blen\u00ed spole\u010dnosti NOV\u00c1 \u0160KOLA, s.r.o.). Abychom V\u00e1m mohli zas\u00edlat relevantn\u00ed obchodn\u00ed sd\u011blen\u00ed, m\u016f\u017eeme zpracov\u00e1vat \u00fadaje &hellip; <\/p>\n","protected":false},"author":1,"featured_media":0,"parent":0,"menu_order":0,"comment_status":"closed","ping_status":"closed","template":"","meta":{"footnotes":""},"class_list":["post-873","page","type-page","status-publish","hentry"],"_links":{"self":[{"href":"https:\/\/nns.cz\/agata\/wp-json\/wp\/v2\/pages\/873","targetHints":{"allow":["GET"]}}],"collection":[{"href":"https:\/\/nns.cz\/agata\/wp-json\/wp\/v2\/pages"}],"about":[{"href":"https:\/\/nns.cz\/agata\/wp-json\/wp\/v2\/types\/page"}],"author":[{"embeddable":true,"href":"https:\/\/nns.cz\/agata\/wp-json\/wp\/v2\/users\/1"}],"replies":[{"embeddable":true,"href":"https:\/\/nns.cz\/agata\/wp-json\/wp\/v2\/comments?post=873"}],"version-history":[{"count":11,"href":"https:\/\/nns.cz\/agata\/wp-json\/wp\/v2\/pages\/873\/revisions"}],"predecessor-version":[{"id":877,"href":"https:\/\/nns.cz\/agata\/wp-json\/wp\/v2\/pages\/873\/revisions\/877"}],"wp:attachment":[{"href":"https:\/\/nns.cz\/agata\/wp-json\/wp\/v2\/media?parent=873"}],"curies":[{"name":"wp","href":"https:\/\/api.w.org\/{rel}","templated":true}]}}