{"id":77,"date":"2017-02-11T13:31:55","date_gmt":"2017-02-11T12:31:55","guid":{"rendered":"http:\/\/nns.cz\/agata\/?page_id=77"},"modified":"2025-03-13T20:04:07","modified_gmt":"2025-03-13T19:04:07","slug":"ucelena-rada","status":"publish","type":"page","link":"https:\/\/nns.cz\/agata\/ucelena-rada\/","title":{"rendered":"Ucelen\u00e1 \u0159ada \u010desk\u00fd jazyk pro 1.&nbsp;stupe\u0148 od NOV\u00c1 \u0160KOLA, s.r.o."},"content":{"rendered":"\n<h3 class=\"wp-block-heading\">1.&nbsp;ro\u010dn\u00edk<\/h3>\n\n\n\n<h4 class=\"wp-block-heading\">Varianta \u201e<a href=\"\/\/nns.cz\/agata\" target=\"_blank\" rel=\"noopener noreferrer\">\u010cteme a&nbsp;p\u00ed\u0161eme s&nbsp;Ag\u00e1tou<\/a>\u201c<\/h4>\n\n\n\n<ul class=\"wp-block-list\">\n<li><strong>\u017div\u00e1 abeceda<\/strong> \u2013 u\u010debnice<\/li>\n\n\n\n<li><strong>Uvol\u0148ovac\u00ed cviky<\/strong> \u2013 pracovn\u00ed se\u0161it<\/li>\n\n\n\n<li><strong>Slabik\u00e1\u0159,<\/strong> <strong>1.\u20133.&nbsp;d\u00edl<\/strong>\u00a0\u2013 u\u010debnice<\/li>\n\n\n\n<li><strong>P\u00edsanka, 1.\u20133.&nbsp;d\u00edl<\/strong> \u2013 pracovn\u00ed se\u0161it<\/li>\n\n\n\n<li>Soubor <a href=\"\/\/nns.cz\/agata\/zdokonalujeme-cteni\/\"><strong>Zdokonalujeme \u010dten\u00ed<\/strong><\/a><\/li>\n\n\n\n<li><strong><a href=\"\/\/nns.cz\/agata\/ostatni-doplnkove-materialy-cteme-a-piseme-s-agatou\">Dopl\u0148kov\u00e9 materi\u00e1ly<\/a><\/strong><\/li>\n\n\n\n<li><strong><a href=\"\/\/nns.cz\/agata\/metodicka-prirucka-cteme-a-piseme-s-agatou\/\">Metodick\u00fd pr\u016fvodce<\/a><\/strong> k&nbsp;v\u00fduce \u010dten\u00ed a&nbsp;psan\u00ed v&nbsp;1.&nbsp;ro\u010dn\u00edku \u201e\u010cteme a&nbsp;p\u00ed\u0161eme s&nbsp;Ag\u00e1tou\u201c<\/li>\n<\/ul>\n\n\n\n<h4 class=\"wp-block-heading\">Varianta \u201e<a href=\"https:\/\/www.nns.cz\/blog\/cesky-jazyk-1-stupen\/\" target=\"_blank\" rel=\"noopener noreferrer\">DUHOV\u00c1 \u0158ADA<\/a>\u201c<\/h4>\n\n\n\n<ul class=\"wp-block-list\">\n<li><strong>\u017div\u00e1 abeceda<\/strong> \u2013 u\u010debnice<\/li>\n\n\n\n<li><strong>Moje prvn\u00ed psan\u00ed<\/strong> \u2013 pracovn\u00ed se\u0161it<\/li>\n\n\n\n<li><strong>Slabik\u00e1\u0159<\/strong> \u2013 u\u010debnice<\/li>\n\n\n\n<li><strong>P\u00edsanka 1\u20134<\/strong> \u2013 pracovn\u00ed se\u0161it<\/li>\n\n\n\n<li>Dopl\u0148kov\u00e9 materi\u00e1ly<\/li>\n\n\n\n<li><strong>Metodick\u00fd pr\u016fvodce k&nbsp;\u017div\u00e9 abeced\u011b, Slabik\u00e1\u0159i a&nbsp;p\u00edsank\u00e1m<br><\/strong><\/li>\n<\/ul>\n\n\n\n<h4 class=\"wp-block-heading\">Varianta <strong>\u201e<a href=\"http:\/\/www.pisemetiskacim.cz\/\" target=\"_blank\" rel=\"noopener noreferrer\">P\u00ed\u0161eme tiskac\u00edm p\u00edsmem<\/a>\u201c<\/strong><\/h4>\n\n\n\n<ul class=\"wp-block-list\">\n<li><strong>\u017div\u00e1 abeceda \u201eP\u00ed\u0161eme tiskac\u00edm p\u00edsmem\u201c<\/strong> \u2013 u\u010debnice<\/li>\n\n\n\n<li><strong>P\u00edsanka k&nbsp;\u017div\u00e9 abeced\u011b \u201eP\u00ed\u0161eme tiskac\u00edm p\u00edsmem\u201c<\/strong><\/li>\n\n\n\n<li><strong>Slabik\u00e1\u0159 \u201eP\u00ed\u0161eme tiskac\u00edm p\u00edsmem\u201c<\/strong> \u2013 u\u010debnice<\/li>\n\n\n\n<li><strong>P\u00edsanka ke Slabik\u00e1\u0159i, 1.\u20133.&nbsp;d\u00edl,<\/strong> \u201eP\u00ed\u0161eme tiskac\u00edm p\u00edsmem\u201c<\/li>\n\n\n\n<li><strong>Metodick\u00fd pr\u016fvodce k&nbsp;\u017div\u00e9 abeced\u011b a&nbsp;Slabik\u00e1\u0159i<\/strong> \u2013 dopl\u0148kov\u00fd materi\u00e1l<\/li>\n<\/ul>\n\n\n\n<h3 class=\"wp-block-heading\">2.&nbsp;ro\u010dn\u00edk<\/h3>\n\n\n\n<p>Varianta \u201e\u010cteme a&nbsp;p\u00ed\u0161eme s&nbsp;Ag\u00e1tou\u201c<\/p>\n\n\n\n<h3 class=\"wp-block-heading has-background has-medium-font-size\" style=\"background-color:#e4c8fe\">Nov\u011b m\u016f\u017eete ROZV\u00cdJEJET \u010cTEN\u00c1\u0158SKOU A&nbsp;PISATELSKOU GRAMOTNOST<br>v ide\u00e1ln\u00ed n\u00e1vaznosti na \u010cteme a&nbsp;p\u00ed\u0161eme s&nbsp;Ag\u00e1tou pro 1.&nbsp;ro\u010dn\u00edk<br><strong>s nov\u00fdmi <a href=\"http:\/\/nns.cz\/amos2\">pracovn\u00edmi u\u010debnicemi AMOS \u010cesk\u00fd jazyk 2<\/a><\/strong><\/h3>\n\n\n\n<p>Varianta \u201e<a href=\"https:\/\/www.nns.cz\/blog\/cesky-jazyk-1-stupen\/\" target=\"_blank\" rel=\"noopener noreferrer\">DUHOV\u00c1 \u0158ADA<\/a>\u201c<\/p>\n\n\n\n<ul class=\"wp-block-list\">\n<li><strong>\u010cesk\u00fd jazyk 2<\/strong> \u2013 u\u010debnice<\/li>\n\n\n\n<li><strong>\u010cesk\u00fd jazyk 2 nov\u011b, 1.&nbsp;d\u00edl<\/strong> \u2013 pracovn\u00ed se\u0161it<\/li>\n\n\n\n<li><strong>\u010cesk\u00fd jazyk 2 nov\u011b, 2.&nbsp;d\u00edl<\/strong> \u2013 pracovn\u00ed se\u0161it<\/li>\n\n\n\n<li><strong>\u010c\u00edtanka pro 2.&nbsp;ro\u010dn\u00edk<\/strong> \u2013 \u010d\u00edtanka<\/li>\n\n\n\n<li><strong>\u010c\u00edtanka pro 2.&nbsp;ro\u010dn\u00edk vhodn\u00e1 i&nbsp;pro \u017e\u00e1ky se SVP<\/strong> (2018) \u2013 \u010d\u00edtanka<\/li>\n\n\n\n<li><strong>P\u00edsanka 2, 1.\u20132.&nbsp;d\u00edl<\/strong> \u2013 pracovn\u00ed se\u0161it<\/li>\n\n\n\n<li><strong>P\u00edsanka 2, 1.\u20132.&nbsp;d\u00edl, \u201eP\u00ed\u0161eme tiskac\u00edm p\u00edsmem\u201c<\/strong> \u2013 pracovn\u00ed se\u0161it<\/li>\n\n\n\n<li><strong>Procvi\u010dujeme tvrd\u00e9 a&nbsp;m\u011bkk\u00e9 slabiky<\/strong> \u2013 dopl\u0148kov\u00fd materi\u00e1l<\/li>\n<\/ul>\n\n\n\n<h3 class=\"wp-block-heading\">3.&nbsp;ro\u010dn\u00edk<\/h3>\n\n\n\n<ul class=\"wp-block-list\">\n<li><strong>\u010cesk\u00fd jazyk 3<\/strong> \u2013 u\u010debnice<\/li>\n\n\n\n<li><strong>\u010cesk\u00fd jazyk 3, 1.&nbsp;d\u00edl<\/strong> \u2013 pracovn\u00ed se\u0161it<\/li>\n\n\n\n<li><strong>\u010cesk\u00fd jazyk 3, 2.&nbsp;d\u00edl<\/strong> \u2013 pracovn\u00ed se\u0161it<\/li>\n\n\n\n<li><strong>\u010c\u00edtanka pro 3.&nbsp;ro\u010dn\u00edk<\/strong> \u2013 u\u010debnice<\/li>\n\n\n\n<li><strong>\u010c\u00edtanka pro 3.&nbsp;ro\u010dn\u00edk vhodn\u00e1 i&nbsp;pro \u017e\u00e1ky se SVP<\/strong> (2018) \u2013 u\u010debnice<\/li>\n\n\n\n<li><strong>P\u00edsanka 3, 1.\u20132.&nbsp;d\u00edl<\/strong> \u2013 pracovn\u00ed se\u0161it<\/li>\n\n\n\n<li><strong>P\u00edsanka 3, 1.\u20132.&nbsp;d\u00edl, \u201eP\u00ed\u0161eme tiskac\u00edm p\u00edsmem\u201c<\/strong> \u2013 pracovn\u00ed se\u0161it<\/li>\n\n\n\n<li><strong>Jak ps\u00e1t tiskac\u00edm od 3.&nbsp;ro\u010dn\u00edku,<\/strong> <strong>\u201eP\u00ed\u0161eme tiskac\u00edm p\u00edsmem\u201c \u2013<\/strong> pracovn\u00ed se\u0161it<\/li>\n\n\n\n<li><strong>Procvi\u010dujeme slovn\u00ed druhy<\/strong> \u2013 dopl\u0148kov\u00fd pracovn\u00ed se\u0161it<\/li>\n\n\n\n<li><strong>Procvi\u010dujeme vyjmenovan\u00e1 slova<\/strong> \u2013 dopl\u0148kov\u00fd pracovn\u00ed se\u0161it<\/li>\n\n\n\n<li><strong>Hrav\u00e1 vyjmenovan\u00e1 slova<\/strong> \u2013 dopl\u0148kov\u00fd pracovn\u00ed se\u0161it<\/li>\n<\/ul>\n\n\n\n<h3 class=\"wp-block-heading\">4.&nbsp;ro\u010dn\u00edk<\/h3>\n\n\n\n<ul class=\"wp-block-list\">\n<li><strong>\u010cesk\u00fd jazyk 4<\/strong> \u2013 u\u010debnice<\/li>\n\n\n\n<li><strong>\u010cesk\u00fd jazyk 4, 1.&nbsp;d\u00edl<\/strong> \u2013 pracovn\u00ed se\u0161it<\/li>\n\n\n\n<li><strong>\u010cesk\u00fd jazyk 4, 2.&nbsp;d\u00edl<\/strong> \u2013 pracovn\u00ed se\u0161it<\/li>\n\n\n\n<li><strong>\u010c\u00edtanka pro 4.&nbsp;ro\u010dn\u00edk<\/strong> \u2013 \u010d\u00edtanka<\/li>\n\n\n\n<li><strong>\u010c\u00edtanka pro 4.&nbsp;ro\u010dn\u00edk vhodn\u00e1 i&nbsp;pro \u017e\u00e1ky se SVP<\/strong> (novinka) \u2013 \u010d\u00edtanka<\/li>\n\n\n\n<li><strong>Pravopis podstatn\u00fdch jmen hrou<\/strong> \u2013 dopl\u0148kov\u00fd pracovn\u00ed se\u0161it<\/li>\n\n\n\n<li><strong>Procvi\u010dujeme pravopis podstatn\u00fdch jmen rodu st\u0159edn\u00edho a&nbsp;\u017eensk\u00e9ho<\/strong> \u2013 dopl\u0148kov\u00fd pracovn\u00ed se\u0161it<\/li>\n\n\n\n<li><strong>Procvi\u010dujeme pravopis podstatn\u00fdch jmen rodu mu\u017esk\u00e9ho<\/strong> \u2013 dopl\u0148kov\u00fd pracovn\u00ed se\u0161it<\/li>\n\n\n\n<li><strong>Procvi\u010dujeme shodu p\u0159\u00edsudku s&nbsp;podm\u011btem<\/strong> \u2013 dopl\u0148kov\u00fd pracovn\u00ed se\u0161it<\/li>\n<\/ul>\n\n\n\n<h3 class=\"wp-block-heading\">5.&nbsp;ro\u010dn\u00edk<\/h3>\n\n\n\n<ul class=\"wp-block-list\">\n<li><strong>\u010cesk\u00fd jazyk 5<\/strong> \u2013 u\u010debnice<\/li>\n\n\n\n<li><strong>\u010cesk\u00fd jazyk 5 nov\u011b, 1.&nbsp;d\u00edl<\/strong> \u2013 pracovn\u00ed se\u0161it<\/li>\n\n\n\n<li><strong>\u010cesk\u00fd jazyk 5 nov\u011b, 2.&nbsp;d\u00edl<\/strong> \u2013 pracovn\u00ed se\u0161it<\/li>\n\n\n\n<li><strong>\u010c\u00edtanka pro 5.&nbsp;ro\u010dn\u00edk<\/strong> \u2013 \u010d\u00edtanka<\/li>\n\n\n\n<li><strong>\u010c\u00edtanka pro 5.&nbsp;ro\u010dn\u00edk vhodn\u00e1 i&nbsp;pro \u017e\u00e1ky se SVP <\/strong>\u2013 \u010d\u00edtanka<\/li>\n\n\n\n<li><strong>Procvi\u010dujeme u\u010divo \u010desk\u00e9ho jazyka ze 3.\u20135.&nbsp;ro\u010dn\u00edku<\/strong> \u2013 dopl\u0148kov\u00fd pracovn\u00ed se\u0161it<\/li>\n<\/ul>\n\n\n\n<p><strong>V\u00edce informac\u00ed o&nbsp;t\u011bchto titulech i&nbsp;kompletn\u00ed nab\u00eddku NOV\u00c1 \u0160KOLA, s.r.o. najdete na <a href=\"http:\/\/www.nns.cz\/\">www.nns.cz<\/a>.<\/strong><\/p>\n","protected":false},"excerpt":{"rendered":"<p>1.&nbsp;ro\u010dn\u00edk Varianta \u201e\u010cteme a&nbsp;p\u00ed\u0161eme s&nbsp;Ag\u00e1tou\u201c Varianta \u201eDUHOV\u00c1 \u0158ADA\u201c Varianta \u201eP\u00ed\u0161eme tiskac\u00edm p\u00edsmem\u201c 2.&nbsp;ro\u010dn\u00edk Varianta \u201e\u010cteme a&nbsp;p\u00ed\u0161eme s&nbsp;Ag\u00e1tou\u201c Nov\u011b m\u016f\u017eete ROZV\u00cdJEJET \u010cTEN\u00c1\u0158SKOU A&nbsp;PISATELSKOU GRAMOTNOSTv ide\u00e1ln\u00ed n\u00e1vaznosti na \u010cteme a&nbsp;p\u00ed\u0161eme s&nbsp;Ag\u00e1tou pro 1.&nbsp;ro\u010dn\u00edks nov\u00fdmi pracovn\u00edmi u\u010debnicemi AMOS \u010cesk\u00fd jazyk 2 Varianta \u201eDUHOV\u00c1 &hellip; <\/p>\n","protected":false},"author":1,"featured_media":0,"parent":0,"menu_order":0,"comment_status":"closed","ping_status":"closed","template":"","meta":{"footnotes":""},"class_list":["post-77","page","type-page","status-publish","hentry"],"_links":{"self":[{"href":"https:\/\/nns.cz\/agata\/wp-json\/wp\/v2\/pages\/77","targetHints":{"allow":["GET"]}}],"collection":[{"href":"https:\/\/nns.cz\/agata\/wp-json\/wp\/v2\/pages"}],"about":[{"href":"https:\/\/nns.cz\/agata\/wp-json\/wp\/v2\/types\/page"}],"author":[{"embeddable":true,"href":"https:\/\/nns.cz\/agata\/wp-json\/wp\/v2\/users\/1"}],"replies":[{"embeddable":true,"href":"https:\/\/nns.cz\/agata\/wp-json\/wp\/v2\/comments?post=77"}],"version-history":[{"count":16,"href":"https:\/\/nns.cz\/agata\/wp-json\/wp\/v2\/pages\/77\/revisions"}],"predecessor-version":[{"id":1387,"href":"https:\/\/nns.cz\/agata\/wp-json\/wp\/v2\/pages\/77\/revisions\/1387"}],"wp:attachment":[{"href":"https:\/\/nns.cz\/agata\/wp-json\/wp\/v2\/media?parent=77"}],"curies":[{"name":"wp","href":"https:\/\/api.w.org\/{rel}","templated":true}]}}