{"id":75,"date":"2017-02-11T13:31:46","date_gmt":"2017-02-11T12:31:46","guid":{"rendered":"http:\/\/nns.cz\/agata\/?page_id=75"},"modified":"2023-11-23T10:59:13","modified_gmt":"2023-11-23T09:59:13","slug":"ukazkove-strany","status":"publish","type":"page","link":"https:\/\/nns.cz\/agata\/ukazkove-strany\/","title":{"rendered":"Uk\u00e1zkov\u00e9 strany"},"content":{"rendered":"<p><em>\u201eKreativn\u00ed u\u010debnice, kter\u00e1 bav\u00ed i&nbsp;m\u011b \u2013 u\u010ditele. Vhodn\u00e1 pro n\u011bkoho, kdo nechce sed\u011bt jen za stolem, ale chce si to u\u010den\u00ed s&nbsp;d\u011btmi u\u017e\u00edt.\u201c<\/em> J. \u0160. (u\u010ditelka)<\/p>\n<p><strong>Prohl\u00e9dn\u011bte si cel\u00e9 u\u010debnice v\u010detn\u011b dopl\u0148kov\u00e9ho obsahu v&nbsp;elekronick\u00e9 verzi MIU\u010d+ na ucebnice-online.cz <a href=\"https:\/\/mediacreator.cz\/mc\/index.php?sellcode=1A01\" target=\"_blank\" rel=\"noreferrer noopener\">kliknut\u00edm zde<\/a>.<\/strong><\/p>\n<p><strong>P\u0159ipravili jsme pro V\u00e1s uk\u00e1zky z&nbsp;jednotliv\u00fdch titul\u016f \u0159ady \u201e\u010cteme a&nbsp;p\u00ed\u0161eme s&nbsp;Ag\u00e1tou\u201c<\/strong> (kvalita uk\u00e1zek je oproti ti\u0161t\u011bn\u00fdm titul\u016fm pro rychlej\u0161\u00ed na\u010d\u00edt\u00e1n\u00ed p\u0159es internet sn\u00ed\u017eena):<\/p>\n<p><strong>U\u010debnice<\/strong><br \/>\n<a href=\"https:\/\/nns.cz\/agata\/wp-content\/uploads\/1A-01-\u017div\u00e1-abeceda-\u010cteme-a-p\u00ed\u0161eme-s-Ag\u00e1tou-uk\u00e1zka-zmen\u0161eno.pdf\">\u017div\u00e1 abeceda<\/a><br \/>\n<a href=\"https:\/\/nns.cz\/agata\/wp-content\/uploads\/1A-02-Slabik\u00e1\u0159-1.d\u00edl-\u010cteme-a-p\u00ed\u0161eme-s-Ag\u00e1tou-uk\u00e1zka-zmen\u0161eno.pdf\">Slabik\u00e1\u0159, 1.&nbsp;d\u00edl<\/a><br \/>\n<a href=\"https:\/\/nns.cz\/agata\/wp-content\/uploads\/1A-03-Slabik\u00e1\u0159-2.d\u00edl-\u010cteme-a-p\u00ed\u0161eme-s-Ag\u00e1tou-uk\u00e1zka-zmen\u0161eno.pdf\">Slabik\u00e1\u0159, 2.&nbsp;d\u00edl<\/a><br \/>\n<a href=\"https:\/\/nns.cz\/agata\/wp-content\/uploads\/1A-04-Slabik%C3%A1%C5%99-3.d%C3%ADl-%C4%8Cteme-a-p%C3%AD%C5%A1eme-s-Ag%C3%A1tou-uk%C3%A1zka-zmen%C5%A1eno.pdf\">Slabik\u00e1\u0159, 3.&nbsp;d\u00edl<\/a><\/p>\n<p><strong>P\u00edsanky<\/strong><br \/>\n<a href=\"https:\/\/nns.cz\/agata\/wp-content\/uploads\/1A-11-Uvol\u0148ovac\u00ed-cviky-\u010cteme-a-p\u00ed\u0161eme-s-Ag\u00e1tou-uk\u00e1zka-zmen\u0161eno.pdf\">Uvol\u0148ovac\u00ed cviky a&nbsp;Psan\u00ed \u010d\u00edslic<\/a><br \/>\n<a href=\"https:\/\/nns.cz\/agata\/wp-content\/uploads\/1A-12-P\u00edsanka-1.-d\u00edl-\u010cteme-a-p\u00ed\u0161eme-s-Ag\u00e1tou-uk\u00e1zka-zmen\u0161eno.pdf\">P\u00edsanka, 1.&nbsp;d\u00edl<\/a><br \/>\n<a href=\"https:\/\/nns.cz\/agata\/wp-content\/uploads\/1A-13-P%C3%ADsanka-2.-d%C3%ADl-%C4%8Cteme-a-p%C3%AD%C5%A1eme-s-Ag%C3%A1tou-uk%C3%A1zka-zmen%C5%A1eno.pdf\">P\u00edsanka, 2.&nbsp;d\u00edl<\/a><br \/>\n<a href=\"https:\/\/nns.cz\/agata\/wp-content\/uploads\/1A-14-P%C3%ADsanka-3.-d%C3%ADl-%C4%8Cteme-a-p%C3%AD%C5%A1eme-s-Ag%C3%A1tou-uk%C3%A1zka-zmen%C5%A1eno.pdf\">P\u00edsanka, 3.&nbsp;d\u00edl<\/a><\/p>\n<p><strong>Zdokonalujeme \u010dten\u00ed<\/strong><br \/>\n<a href=\"https:\/\/nns.cz\/agata\/wp-content\/uploads\/1A-21-Zdokonalujeme-\u010dten\u00ed-k-\u017div\u00e9-abeced\u011b-\u010cteme-a-p\u00ed\u0161eme-s-Ag\u00e1tou-uk\u00e1zka-zmen\u0161eno-1.pdf\">Zdokonalujeme \u010dten\u00ed k&nbsp;u\u010debnici \u017div\u00e1 abeceda <\/a><br \/>\n<a href=\"https:\/\/nns.cz\/agata\/wp-content\/uploads\/1A-22-Zdokonalujeme-%C4%8Dten%C3%AD-ke-Slabik%C3%A1%C5%99i-1.d%C3%ADl-%C4%8Cteme-a-p%C3%AD%C5%A1eme-s-Ag%C3%A1tou-uk%C3%A1zka-zmen%C5%A1eno.pdf\">Zdokonalujeme \u010dten\u00ed k&nbsp;u\u010debnici Slabik\u00e1\u0159, 1.&nbsp;d\u00edl<\/a><br \/>\n<a href=\"https:\/\/nns.cz\/agata\/wp-content\/uploads\/1A-23-Zdokonalujeme-%C4%8Dten%C3%AD-ke-Slabik%C3%A1%C5%99i-2.d%C3%ADl-%C4%8Cteme-a-p%C3%AD%C5%A1eme-s-Ag%C3%A1tou-uk%C3%A1zka-zmen%C5%A1eno.pdf\">Zdokonalujeme \u010dten\u00ed k&nbsp;u\u010debnici Slabik\u00e1\u0159, 2.&nbsp;d\u00edl<\/a><br \/>\n<a href=\"https:\/\/nns.cz\/agata\/wp-content\/uploads\/1A-24-Zdokonalujeme-%C4%8Dten%C3%AD-ke-Slabik%C3%A1%C5%99i-3.d%C3%ADl-%C4%8Cteme-a-p%C3%AD%C5%A1eme-s-Ag%C3%A1tou-uk%C3%A1zka-zmen%C5%A1eno.pdf\">Zdokonalujeme \u010dten\u00ed k&nbsp;u\u010debnici Slabik\u00e1\u0159, 3.&nbsp;d\u00edl<\/a><\/p>\n<p><strong>Metodick\u00fd pr\u016fvodce<\/strong><br \/>\n<a href=\"https:\/\/nns.cz\/agata\/wp-content\/uploads\/1A-06-Metodick%C3%BD-pr%C5%AFvodce-%C4%8Cteme-a-p%C3%AD%C5%A1eme-s-Ag%C3%A1tou_web.pdf\">Metodick\u00fd pr\u016fvodce k&nbsp;v\u00fduce \u010dten\u00ed a&nbsp;psan\u00ed v&nbsp;1.&nbsp;ro\u010dn\u00edku<\/a><\/p>\n","protected":false},"excerpt":{"rendered":"<p>\u201eKreativn\u00ed u\u010debnice, kter\u00e1 bav\u00ed i&nbsp;m\u011b \u2013 u\u010ditele. Vhodn\u00e1 pro n\u011bkoho, kdo nechce sed\u011bt jen za stolem, ale chce si to u\u010den\u00ed s&nbsp;d\u011btmi u\u017e\u00edt.\u201c J. \u0160. (u\u010ditelka) Prohl\u00e9dn\u011bte si cel\u00e9 u\u010debnice v\u010detn\u011b dopl\u0148kov\u00e9ho obsahu v&nbsp;elekronick\u00e9 verzi MIU\u010d+ na ucebnice-online.cz kliknut\u00edm zde. &hellip; <\/p>\n","protected":false},"author":1,"featured_media":0,"parent":0,"menu_order":0,"comment_status":"closed","ping_status":"closed","template":"","meta":{"footnotes":""},"class_list":["post-75","page","type-page","status-publish","hentry"],"_links":{"self":[{"href":"https:\/\/nns.cz\/agata\/wp-json\/wp\/v2\/pages\/75","targetHints":{"allow":["GET"]}}],"collection":[{"href":"https:\/\/nns.cz\/agata\/wp-json\/wp\/v2\/pages"}],"about":[{"href":"https:\/\/nns.cz\/agata\/wp-json\/wp\/v2\/types\/page"}],"author":[{"embeddable":true,"href":"https:\/\/nns.cz\/agata\/wp-json\/wp\/v2\/users\/1"}],"replies":[{"embeddable":true,"href":"https:\/\/nns.cz\/agata\/wp-json\/wp\/v2\/comments?post=75"}],"version-history":[{"count":41,"href":"https:\/\/nns.cz\/agata\/wp-json\/wp\/v2\/pages\/75\/revisions"}],"predecessor-version":[{"id":1328,"href":"https:\/\/nns.cz\/agata\/wp-json\/wp\/v2\/pages\/75\/revisions\/1328"}],"wp:attachment":[{"href":"https:\/\/nns.cz\/agata\/wp-json\/wp\/v2\/media?parent=75"}],"curies":[{"name":"wp","href":"https:\/\/api.w.org\/{rel}","templated":true}]}}