{"id":481,"date":"2017-06-18T11:24:27","date_gmt":"2017-06-18T09:24:27","guid":{"rendered":"http:\/\/nns.cz\/agata\/?page_id=481"},"modified":"2021-03-11T09:28:32","modified_gmt":"2021-03-11T08:28:32","slug":"seminare-pro-vyucujici","status":"publish","type":"page","link":"https:\/\/nns.cz\/agata\/seminare-pro-vyucujici\/","title":{"rendered":"Akreditovan\u00e9 semin\u00e1\u0159e pro vyu\u010duj\u00edc\u00ed"},"content":{"rendered":"<p>Po\u0159\u00e1d\u00e1me pro V\u00e1s prezen\u010dn\u00ed akreditovan\u00e9 vzd\u011bl\u00e1vac\u00ed semin\u00e1\u0159e veden\u00e9 spoluautory u\u010debn\u00edch materi\u00e1l\u016f \u201e<strong>\u010cteme a&nbsp;p\u00ed\u0161eme s&nbsp;Ag\u00e1tou<\/strong>\u201c, \u201e<strong>Mat\u00fdskova matematika<\/strong>\u201c a&nbsp;\u201e<strong>Objevujeme a&nbsp;pozn\u00e1v\u00e1me s&nbsp;Oskarem<\/strong>\u201c, na kter\u00fdch bychom V\u00e1s r\u00e1di sezn\u00e1mili p\u0159edev\u0161\u00edm s&nbsp;t\u00edm, co prost\u0159ednictv\u00edm metodick\u00e9 p\u0159\u00edru\u010dky nelze sd\u011blit.<\/p>\n<hr \/>\n<p>V\u00edce informac\u00ed najdete <span style=\"text-decoration: underline;\"><span style=\"color: #ff0000;\"><a style=\"color: #ff0000; text-decoration: underline;\" href=\"https:\/\/nns.cz\/amos\/seminare-pro-vyucujici\/\" target=\"_blank\" rel=\"noopener noreferrer\">ZDE<\/a><\/span><\/span>.<\/p>\n<hr \/>\n<p><img loading=\"lazy\" decoding=\"async\" class=\"alignleft wp-image-535 size-large\" src=\"https:\/\/nns.cz\/agata\/wp-content\/uploads\/2017.08.29-Semin\u00e1\u0159-Brno-1-1024x683.jpg\" alt=\"\" width=\"832\" height=\"555\" srcset=\"https:\/\/nns.cz\/agata\/wp-content\/uploads\/2017.08.29-Semin\u00e1\u0159-Brno-1-1024x683.jpg 1024w, https:\/\/nns.cz\/agata\/wp-content\/uploads\/2017.08.29-Semin\u00e1\u0159-Brno-1-300x200.jpg 300w, https:\/\/nns.cz\/agata\/wp-content\/uploads\/2017.08.29-Semin\u00e1\u0159-Brno-1-768x512.jpg 768w, https:\/\/nns.cz\/agata\/wp-content\/uploads\/2017.08.29-Semin\u00e1\u0159-Brno-1-600x400.jpg 600w\" sizes=\"auto, (max-width: 832px) 100vw, 832px\" \/> <img loading=\"lazy\" decoding=\"async\" class=\"alignleft wp-image-536 size-large\" src=\"https:\/\/nns.cz\/agata\/wp-content\/uploads\/2017.08.29-Semin\u00e1\u0159-Brno-2-1024x683.jpg\" alt=\"\" width=\"832\" height=\"555\" srcset=\"https:\/\/nns.cz\/agata\/wp-content\/uploads\/2017.08.29-Semin\u00e1\u0159-Brno-2-1024x683.jpg 1024w, https:\/\/nns.cz\/agata\/wp-content\/uploads\/2017.08.29-Semin\u00e1\u0159-Brno-2-300x200.jpg 300w, https:\/\/nns.cz\/agata\/wp-content\/uploads\/2017.08.29-Semin\u00e1\u0159-Brno-2-768x512.jpg 768w, https:\/\/nns.cz\/agata\/wp-content\/uploads\/2017.08.29-Semin\u00e1\u0159-Brno-2-600x400.jpg 600w\" sizes=\"auto, (max-width: 832px) 100vw, 832px\" \/> <img loading=\"lazy\" decoding=\"async\" class=\"alignleft wp-image-537 size-large\" src=\"https:\/\/nns.cz\/agata\/wp-content\/uploads\/2017.08.29-Semin\u00e1\u0159-Brno-3-1024x683.jpg\" alt=\"\" width=\"832\" height=\"555\" srcset=\"https:\/\/nns.cz\/agata\/wp-content\/uploads\/2017.08.29-Semin\u00e1\u0159-Brno-3-1024x683.jpg 1024w, https:\/\/nns.cz\/agata\/wp-content\/uploads\/2017.08.29-Semin\u00e1\u0159-Brno-3-300x200.jpg 300w, https:\/\/nns.cz\/agata\/wp-content\/uploads\/2017.08.29-Semin\u00e1\u0159-Brno-3-768x512.jpg 768w, https:\/\/nns.cz\/agata\/wp-content\/uploads\/2017.08.29-Semin\u00e1\u0159-Brno-3-600x400.jpg 600w\" sizes=\"auto, (max-width: 832px) 100vw, 832px\" \/> <img loading=\"lazy\" decoding=\"async\" class=\"alignleft wp-image-538 size-large\" src=\"https:\/\/nns.cz\/agata\/wp-content\/uploads\/2017.08.29-Semin\u00e1\u0159-Brno-4-1024x683.jpg\" alt=\"\" width=\"832\" height=\"555\" srcset=\"https:\/\/nns.cz\/agata\/wp-content\/uploads\/2017.08.29-Semin\u00e1\u0159-Brno-4-1024x683.jpg 1024w, https:\/\/nns.cz\/agata\/wp-content\/uploads\/2017.08.29-Semin\u00e1\u0159-Brno-4-300x200.jpg 300w, https:\/\/nns.cz\/agata\/wp-content\/uploads\/2017.08.29-Semin\u00e1\u0159-Brno-4-768x512.jpg 768w, https:\/\/nns.cz\/agata\/wp-content\/uploads\/2017.08.29-Semin\u00e1\u0159-Brno-4-600x400.jpg 600w\" sizes=\"auto, (max-width: 832px) 100vw, 832px\" \/> <img loading=\"lazy\" decoding=\"async\" class=\"alignleft wp-image-539 size-large\" src=\"https:\/\/nns.cz\/agata\/wp-content\/uploads\/2017.08.29-Semin\u00e1\u0159-Brno-5-1024x683.jpg\" alt=\"\" width=\"832\" height=\"555\" srcset=\"https:\/\/nns.cz\/agata\/wp-content\/uploads\/2017.08.29-Semin\u00e1\u0159-Brno-5-1024x683.jpg 1024w, https:\/\/nns.cz\/agata\/wp-content\/uploads\/2017.08.29-Semin\u00e1\u0159-Brno-5-300x200.jpg 300w, https:\/\/nns.cz\/agata\/wp-content\/uploads\/2017.08.29-Semin\u00e1\u0159-Brno-5-768x512.jpg 768w, https:\/\/nns.cz\/agata\/wp-content\/uploads\/2017.08.29-Semin\u00e1\u0159-Brno-5-600x400.jpg 600w\" sizes=\"auto, (max-width: 832px) 100vw, 832px\" \/> <img loading=\"lazy\" decoding=\"async\" class=\"alignleft wp-image-540 size-large\" src=\"https:\/\/nns.cz\/agata\/wp-content\/uploads\/2017.08.29-Semin\u00e1\u0159-Brno-6-1024x683.jpg\" alt=\"\" width=\"832\" height=\"555\" srcset=\"https:\/\/nns.cz\/agata\/wp-content\/uploads\/2017.08.29-Semin\u00e1\u0159-Brno-6-1024x683.jpg 1024w, https:\/\/nns.cz\/agata\/wp-content\/uploads\/2017.08.29-Semin\u00e1\u0159-Brno-6-300x200.jpg 300w, https:\/\/nns.cz\/agata\/wp-content\/uploads\/2017.08.29-Semin\u00e1\u0159-Brno-6-768x512.jpg 768w, https:\/\/nns.cz\/agata\/wp-content\/uploads\/2017.08.29-Semin\u00e1\u0159-Brno-6-600x400.jpg 600w\" sizes=\"auto, (max-width: 832px) 100vw, 832px\" \/> <img loading=\"lazy\" decoding=\"async\" class=\"size-large wp-image-533 alignleft\" src=\"https:\/\/nns.cz\/agata\/wp-content\/uploads\/2017.08.31-Semin\u00e1\u0159-Liberec-1-1024x633.jpg\" alt=\"\" width=\"832\" height=\"514\" srcset=\"https:\/\/nns.cz\/agata\/wp-content\/uploads\/2017.08.31-Semin\u00e1\u0159-Liberec-1-1024x633.jpg 1024w, https:\/\/nns.cz\/agata\/wp-content\/uploads\/2017.08.31-Semin\u00e1\u0159-Liberec-1-300x185.jpg 300w, https:\/\/nns.cz\/agata\/wp-content\/uploads\/2017.08.31-Semin\u00e1\u0159-Liberec-1-768x475.jpg 768w, https:\/\/nns.cz\/agata\/wp-content\/uploads\/2017.08.31-Semin\u00e1\u0159-Liberec-1-600x371.jpg 600w\" sizes=\"auto, (max-width: 832px) 100vw, 832px\" \/><\/p>\n\n\n<p><\/p>\n","protected":false},"excerpt":{"rendered":"<p>Po\u0159\u00e1d\u00e1me pro V\u00e1s prezen\u010dn\u00ed akreditovan\u00e9 vzd\u011bl\u00e1vac\u00ed semin\u00e1\u0159e veden\u00e9 spoluautory u\u010debn\u00edch materi\u00e1l\u016f \u201e\u010cteme a&nbsp;p\u00ed\u0161eme s&nbsp;Ag\u00e1tou\u201c, \u201eMat\u00fdskova matematika\u201c a&nbsp;\u201eObjevujeme a&nbsp;pozn\u00e1v\u00e1me s&nbsp;Oskarem\u201c, na kter\u00fdch bychom V\u00e1s r\u00e1di sezn\u00e1mili p\u0159edev\u0161\u00edm s&nbsp;t\u00edm, co prost\u0159ednictv\u00edm metodick\u00e9 p\u0159\u00edru\u010dky nelze sd\u011blit. V\u00edce informac\u00ed najdete ZDE.<\/p>\n","protected":false},"author":1,"featured_media":0,"parent":0,"menu_order":0,"comment_status":"closed","ping_status":"closed","template":"","meta":{"footnotes":""},"class_list":["post-481","page","type-page","status-publish","hentry"],"_links":{"self":[{"href":"https:\/\/nns.cz\/agata\/wp-json\/wp\/v2\/pages\/481","targetHints":{"allow":["GET"]}}],"collection":[{"href":"https:\/\/nns.cz\/agata\/wp-json\/wp\/v2\/pages"}],"about":[{"href":"https:\/\/nns.cz\/agata\/wp-json\/wp\/v2\/types\/page"}],"author":[{"embeddable":true,"href":"https:\/\/nns.cz\/agata\/wp-json\/wp\/v2\/users\/1"}],"replies":[{"embeddable":true,"href":"https:\/\/nns.cz\/agata\/wp-json\/wp\/v2\/comments?post=481"}],"version-history":[{"count":132,"href":"https:\/\/nns.cz\/agata\/wp-json\/wp\/v2\/pages\/481\/revisions"}],"predecessor-version":[{"id":1187,"href":"https:\/\/nns.cz\/agata\/wp-json\/wp\/v2\/pages\/481\/revisions\/1187"}],"wp:attachment":[{"href":"https:\/\/nns.cz\/agata\/wp-json\/wp\/v2\/media?parent=481"}],"curies":[{"name":"wp","href":"https:\/\/api.w.org\/{rel}","templated":true}]}}