{"id":302,"date":"2017-02-18T15:35:24","date_gmt":"2017-02-18T14:35:24","guid":{"rendered":"http:\/\/nns.cz\/agata\/?page_id=302"},"modified":"2019-11-13T13:06:42","modified_gmt":"2019-11-13T12:06:42","slug":"ostatni-doplnkove-materialy-cteme-a-piseme-s-agatou","status":"publish","type":"page","link":"https:\/\/nns.cz\/agata\/ostatni-doplnkove-materialy-cteme-a-piseme-s-agatou\/","title":{"rendered":"Pom\u016fcky"},"content":{"rendered":"<h3>Hry se slabikami \u201e\u010cteme a&nbsp;p\u00ed\u0161eme s&nbsp;Ag\u00e1tou\u201c<\/h3>\n<p style=\"text-align: justify;\">Soubor Hry se slabikami \u201e\u010cteme a&nbsp;p\u00ed\u0161eme s&nbsp;Ag\u00e1tou\u201c obsahuje \u0161estn\u00e1ct karet v&nbsp;osmi sad\u00e1ch se\u0159azen\u00fdch postupn\u011b podle p\u00edsmen prob\u00edran\u00fdch v&nbsp;\u017div\u00e9 abeced\u011b (pou\u017e\u00edvaj\u00ed se pouze velk\u00e1 tiskac\u00ed p\u00edsmena). Ka\u017ed\u00e1 sada se skl\u00e1d\u00e1 z&nbsp;jedn\u00e9 karty s&nbsp;obr\u00e1zky a&nbsp;k&nbsp;n\u00ed vhodn\u00fdch karet se slabikami.<\/p>\n<p style=\"text-align: justify;\">Hry se slabikami slou\u017e\u00ed k&nbsp;procvi\u010dov\u00e1n\u00ed sluchov\u00e9 anal\u00fdzy p\u00edsmen a&nbsp;slabik na za\u010d\u00e1tku slov podle obr\u00e1zk\u016f. Spojov\u00e1n\u00ed slabik s&nbsp;obr\u00e1zky podporuje n\u00e1cvik \u010dten\u00ed slabiky v&nbsp;celku, nikoli po jednotliv\u00fdch p\u00edsmenech.<\/p>\n<h3>Skl\u00e1dac\u00ed abeceda \u201e\u010cteme a&nbsp;p\u00ed\u0161eme s&nbsp;Ag\u00e1tou\u201c<\/h3>\n<p style=\"text-align: justify;\">Skl\u00e1dac\u00ed abeceda \u201e\u010cteme a&nbsp;p\u00ed\u0161eme s&nbsp;Ag\u00e1tou\u201c je ur\u010dena k&nbsp;rozst\u0159\u00edh\u00e1n\u00ed a&nbsp;r\u016fzn\u00fdm manipula\u010dn\u00edm \u010dinnostem. St\u011b\u017eejn\u00ed pr\u00e1ce s&nbsp;touto pom\u016fckou je ur\u010dena pro obdob\u00ed vyvozov\u00e1n\u00ed prvn\u00edch p\u00edsmen, prvn\u00edch slabik a&nbsp;prvn\u00edch slov.<\/p>\n<p style=\"text-align: justify;\">Pr\u00e1ce se Skl\u00e1dac\u00ed abecedou \u017e\u00e1k\u016fm pom\u016f\u017ee l\u00e9pe porozum\u011bt anal\u00fdze a&nbsp;synt\u00e9ze slabik a&nbsp;slov. Pro snadn\u011bj\u0161\u00ed pr\u00e1ci se Skl\u00e1dac\u00ed abecedou jsou p\u00edsmena i&nbsp;slabiky \u0159azeny na listech tak, jak n\u00e1sleduj\u00ed za sebou v&nbsp;\u017div\u00e9 abeced\u011b a&nbsp;jednotliv\u00fdch d\u00edlech Slabik\u00e1\u0159e z&nbsp;\u0159ady \u201e\u010cteme a&nbsp;p\u00ed\u0161eme s&nbsp;Ag\u00e1tou\u201c. P\u0159edch\u00e1z\u00ed se tak rozst\u0159\u00edh\u00e1n\u00ed n\u011bkolika list\u016f najednou a&nbsp;ztr\u00e1t\u00e1m p\u00edsmen \u010di slabik, kter\u00e9 se \u017e\u00e1ci je\u0161t\u011b neu\u010dili.<\/p>\n<h3>P\u00edsankov\u00fd se\u0161it s&nbsp;pomocn\u00fdmi linkami 511+ a&nbsp;512+<\/h3>\n<p>P\u00edsankov\u00e9 se\u0161ity jsou ur\u010deny p\u0159edev\u0161\u00edm pro \u017e\u00e1ky 1.&nbsp;a&nbsp;2.&nbsp;ro\u010dn\u00edk\u016f Z\u0160. Jsou opat\u0159eny pomocn\u00fdmi linkami, r\u00e1me\u010dkem a&nbsp;speci\u00e1ln\u00ed podlo\u017ekou slou\u017e\u00edc\u00ed k&nbsp;n\u00e1cviku sklonu p\u00edsma. Pro lep\u0161\u00ed orientaci \u017e\u00e1ka v&nbsp;se\u0161it\u011b jsou jeho vnit\u0159n\u00ed strany dvoubarevn\u00e9. Se\u0161it 511+ vych\u00e1z\u00ed z&nbsp;typu \u010d. 511 se \u0161\u00ed\u0159kou \u0159\u00e1dk\u016f 20 mm. Pomocn\u00e9 linky ud\u00e1vaj\u00ed velikost p\u00edsmene p\u0159i psan\u00ed a&nbsp;umo\u017e\u0148uj\u00ed \u017e\u00e1k\u016fm soust\u0159edit se zejm\u00e9na na tvar a&nbsp;sklon p\u00edsmene. P\u00edsankov\u00fd se\u0161it 512+ je dvoubarevn\u00fd se\u0161it vych\u00e1zej\u00edc\u00ed z&nbsp;typu \u010d. 512 se \u0161\u00ed\u0159kou \u0159\u00e1dk\u016f 16 mm.<\/p>\n<h3><img loading=\"lazy\" decoding=\"async\" class=\"aligncenter size-large wp-image-307\" src=\"https:\/\/nns.cz\/agata\/wp-content\/uploads\/2017\/02\/p\u00edsankov\u00e9-se\u0161ity-st\u00edrateln\u00e1-p\u00edsanka-a-tabulka-1024x366.png\" alt=\"\" width=\"832\" height=\"297\" srcset=\"https:\/\/nns.cz\/agata\/wp-content\/uploads\/2017\/02\/p\u00edsankov\u00e9-se\u0161ity-st\u00edrateln\u00e1-p\u00edsanka-a-tabulka-1024x366.png 1024w, https:\/\/nns.cz\/agata\/wp-content\/uploads\/2017\/02\/p\u00edsankov\u00e9-se\u0161ity-st\u00edrateln\u00e1-p\u00edsanka-a-tabulka-300x107.png 300w, https:\/\/nns.cz\/agata\/wp-content\/uploads\/2017\/02\/p\u00edsankov\u00e9-se\u0161ity-st\u00edrateln\u00e1-p\u00edsanka-a-tabulka-768x275.png 768w\" sizes=\"auto, (max-width: 832px) 100vw, 832px\" \/><\/h3>\n<h3>St\u00edrateln\u00e1 p\u00edsanka \u2013 procvi\u010dujeme psan\u00ed p\u00edsmen, \u010d\u00edslic a&nbsp;znak\u016f<\/h3>\n<p style=\"text-align: justify;\">Tato p\u00edsanka obsahuje st\u00edrateln\u00e9 strany k&nbsp;procvi\u010dov\u00e1n\u00ed psan\u00ed p\u00edsmen, \u010d\u00edslic a&nbsp;znak\u016f a&nbsp;jednu stranu se hrou \u201elod\u011b\u201c. \u017d\u00e1ci mohou do \u0159\u00e1dk\u016f ps\u00e1t p\u00edsmena podle vzoru a&nbsp;n\u00e1sledn\u011b je jednodu\u0161e smazat. Pro lep\u0161\u00ed orientaci \u017e\u00e1ka v&nbsp;se\u0161it\u011b jsou jeho vnit\u0159n\u00ed strany dvoubarevn\u00e9 a&nbsp;opat\u0159en\u00e9 r\u00e1me\u010dkem. Pomocn\u00e9 linky ud\u00e1vaj\u00ed velikost p\u00edsmene p\u0159i psan\u00ed a&nbsp;umo\u017e\u0148uj\u00ed \u017e\u00e1k\u016fm soust\u0159edit se zejm\u00e9na na tvar a&nbsp;sklon p\u00edsmene. V\u00fdhodou je, \u017ee \u017e\u00e1ci do t\u00e9to p\u00edsanky p\u00ed\u0161ou bez nadm\u011brn\u00e9ho p\u0159\u00edtlaku, a&nbsp;tak se jim neunav\u00ed ruka.<\/p>\n<h3>St\u00edrateln\u00e1 tabulka na procvi\u010dov\u00e1n\u00ed psan\u00ed, hodin a&nbsp;na kreslen\u00ed<\/h3>\n<p>St\u00edrateln\u00e1 tabulka form\u00e1tu A4 umo\u017e\u0148uje \u017e\u00e1k\u016fm procvi\u010dovat psan\u00ed a&nbsp;hodiny. Tabulka obsahuje pomocn\u00e9 linky. Nav\u00edc si \u017e\u00e1ci mohou na tabulku tak\u00e9 kreslit. St\u00edratelnost funguje s&nbsp;fixami, jejich\u017e stopu lze zasucha lehce set\u0159\u00edt.<\/p>\n","protected":false},"excerpt":{"rendered":"<p>Hry se slabikami \u201e\u010cteme a&nbsp;p\u00ed\u0161eme s&nbsp;Ag\u00e1tou\u201c Soubor Hry se slabikami \u201e\u010cteme a&nbsp;p\u00ed\u0161eme s&nbsp;Ag\u00e1tou\u201c obsahuje \u0161estn\u00e1ct karet v&nbsp;osmi sad\u00e1ch se\u0159azen\u00fdch postupn\u011b podle p\u00edsmen prob\u00edran\u00fdch v&nbsp;\u017div\u00e9 abeced\u011b (pou\u017e\u00edvaj\u00ed se pouze velk\u00e1 tiskac\u00ed p\u00edsmena). Ka\u017ed\u00e1 sada se skl\u00e1d\u00e1 z&nbsp;jedn\u00e9 karty s&nbsp;obr\u00e1zky a&nbsp;k&nbsp;n\u00ed vhodn\u00fdch &hellip; <\/p>\n","protected":false},"author":1,"featured_media":0,"parent":0,"menu_order":0,"comment_status":"closed","ping_status":"closed","template":"","meta":{"footnotes":""},"class_list":["post-302","page","type-page","status-publish","hentry"],"_links":{"self":[{"href":"https:\/\/nns.cz\/agata\/wp-json\/wp\/v2\/pages\/302","targetHints":{"allow":["GET"]}}],"collection":[{"href":"https:\/\/nns.cz\/agata\/wp-json\/wp\/v2\/pages"}],"about":[{"href":"https:\/\/nns.cz\/agata\/wp-json\/wp\/v2\/types\/page"}],"author":[{"embeddable":true,"href":"https:\/\/nns.cz\/agata\/wp-json\/wp\/v2\/users\/1"}],"replies":[{"embeddable":true,"href":"https:\/\/nns.cz\/agata\/wp-json\/wp\/v2\/comments?post=302"}],"version-history":[{"count":8,"href":"https:\/\/nns.cz\/agata\/wp-json\/wp\/v2\/pages\/302\/revisions"}],"predecessor-version":[{"id":1109,"href":"https:\/\/nns.cz\/agata\/wp-json\/wp\/v2\/pages\/302\/revisions\/1109"}],"wp:attachment":[{"href":"https:\/\/nns.cz\/agata\/wp-json\/wp\/v2\/media?parent=302"}],"curies":[{"name":"wp","href":"https:\/\/api.w.org\/{rel}","templated":true}]}}