{"id":297,"date":"2017-02-18T15:30:46","date_gmt":"2017-02-18T14:30:46","guid":{"rendered":"http:\/\/nns.cz\/agata\/?page_id=297"},"modified":"2026-02-25T11:13:01","modified_gmt":"2026-02-25T10:13:01","slug":"metodicky-pruvodce-cteme-a-piseme-s-agatou","status":"publish","type":"page","link":"https:\/\/nns.cz\/agata\/metodicky-pruvodce-cteme-a-piseme-s-agatou\/","title":{"rendered":"Metodick\u00fd pr\u016fvodce &#8222;\u010cteme a&nbsp;p\u00ed\u0161eme s&nbsp;Ag\u00e1tou&#8220;"},"content":{"rendered":"<p style=\"text-align: justify;\"><i>\u201eZ m\u00e9ho pohledu je v\u0161e v\u00fdborn\u011b pops\u00e1no a&nbsp;vysv\u011btleno, co\u017e je pro mne jako za\u010d\u00ednaj\u00edc\u00ed u\u010ditelku skv\u011bl\u00e9. Nejen, \u017ee mi uleh\u010d\u00ed start, ale i&nbsp;pomohou s&nbsp;metodikou.\u201c\u00a0<\/i><i> <\/i><\/p>\n<p style=\"text-align: justify;\">Metodick\u00fd pr\u016fvodce je p\u0159ipraven tak, aby vyu\u010duj\u00edc\u00edm pomohl s&nbsp;v\u00fdukou \u010dten\u00ed a&nbsp;psan\u00ed v&nbsp;1.&nbsp;ro\u010dn\u00edku. Sezn\u00e1m\u00ed vyu\u010duj\u00edc\u00edho se v\u0161emi materi\u00e1ly, kter\u00e9 jsou k&nbsp;v\u00fduce p\u0159ipraveny, a&nbsp;tak\u00e9 s&nbsp;postupy, jak s&nbsp;t\u011bmito materi\u00e1ly pracovat. Vyu\u010duj\u00edc\u00ed v&nbsp;n\u011bm najde <strong>n\u00e1vrh \u010dasov\u00e9ho rozlo\u017een\u00ed u\u010diva<\/strong>. V&nbsp;metodick\u00fdch pozn\u00e1mk\u00e1ch k&nbsp;jednotliv\u00fdm stran\u00e1m jsou za\u0159azeny tak\u00e9 pozn\u00e1mky, kter\u00e9 maj\u00ed pomoci <strong>vyhnout se \u00faskal\u00edm<\/strong>, na n\u011b\u017e m\u016f\u017ee vyu\u010duj\u00edc\u00ed p\u0159i v\u00fduce narazit, a&nbsp;kter\u00e1 \u017e\u00e1ky p\u0159i prvopo\u010d\u00e1te\u010dn\u00ed v\u00fduce \u010dten\u00ed a&nbsp;psan\u00ed \u010dasto prov\u00e1zej\u00ed. Metodick\u00fd pr\u016fvodce se rovn\u011b\u017e v\u011bnuje <strong>mezip\u0159edm\u011btov\u00fdm vazb\u00e1m<\/strong>, a&nbsp;to tak, aby vyu\u010duj\u00edc\u00ed mohl u\u010divo snadn\u011bji vz\u00e1jemn\u011b propojovat.<\/p>\n<p>Nyn\u00ed V\u00e1m nab\u00edz\u00edme mo\u017enost sta\u017een\u00ed prvn\u00edch 56 stran <a href=\"https:\/\/nns.cz\/agata\/wp-content\/uploads\/1A-06-Metodick\u00fd-pr\u016fvodce-\u010cteme-a-p\u00ed\u0161eme-s-Ag\u00e1tou_web.pdf\">Metodick\u00e9ho pr\u016fvodce\u00a0<strong>zdarma<\/strong><\/a>.<\/p>\n<p>Na t\u011bchto stran\u00e1ch se sezn\u00e1m\u00edte:<\/p>\n<ul>\n<li>s\u00a0popisem metodick\u00fdch materi\u00e1l\u016f, charakteristikou a&nbsp;c\u00edli vyu\u010dovac\u00edho p\u0159edm\u011btu<\/li>\n<li>s\u00a0charakteristikou v\u00fdukov\u00e9 metody pojmenovanou jako metoda t\u0159\u00ed start\u016f<\/li>\n<li>s\u00a0u\u010debn\u00edm harmonogramem<\/li>\n<li>s\u00a0metodick\u00fdmi pozn\u00e1mkami k\u00a0pr\u00e1ci s\u00a0\u017divou abecedou<\/li>\n<\/ul>\n<p style=\"text-align: justify;\">\n","protected":false},"excerpt":{"rendered":"<p>\u201eZ m\u00e9ho pohledu je v\u0161e v\u00fdborn\u011b pops\u00e1no a&nbsp;vysv\u011btleno, co\u017e je pro mne jako za\u010d\u00ednaj\u00edc\u00ed u\u010ditelku skv\u011bl\u00e9. Nejen, \u017ee mi uleh\u010d\u00ed start, ale i&nbsp;pomohou s&nbsp;metodikou.\u201c\u00a0 Metodick\u00fd pr\u016fvodce je p\u0159ipraven tak, aby vyu\u010duj\u00edc\u00edm pomohl s&nbsp;v\u00fdukou \u010dten\u00ed a&nbsp;psan\u00ed v&nbsp;1.&nbsp;ro\u010dn\u00edku. Sezn\u00e1m\u00ed vyu\u010duj\u00edc\u00edho se v\u0161emi &hellip; <\/p>\n","protected":false},"author":1,"featured_media":0,"parent":0,"menu_order":0,"comment_status":"closed","ping_status":"closed","template":"","meta":{"footnotes":""},"class_list":["post-297","page","type-page","status-publish","hentry"],"_links":{"self":[{"href":"https:\/\/nns.cz\/agata\/wp-json\/wp\/v2\/pages\/297","targetHints":{"allow":["GET"]}}],"collection":[{"href":"https:\/\/nns.cz\/agata\/wp-json\/wp\/v2\/pages"}],"about":[{"href":"https:\/\/nns.cz\/agata\/wp-json\/wp\/v2\/types\/page"}],"author":[{"embeddable":true,"href":"https:\/\/nns.cz\/agata\/wp-json\/wp\/v2\/users\/1"}],"replies":[{"embeddable":true,"href":"https:\/\/nns.cz\/agata\/wp-json\/wp\/v2\/comments?post=297"}],"version-history":[{"count":15,"href":"https:\/\/nns.cz\/agata\/wp-json\/wp\/v2\/pages\/297\/revisions"}],"predecessor-version":[{"id":1469,"href":"https:\/\/nns.cz\/agata\/wp-json\/wp\/v2\/pages\/297\/revisions\/1469"}],"wp:attachment":[{"href":"https:\/\/nns.cz\/agata\/wp-json\/wp\/v2\/media?parent=297"}],"curies":[{"name":"wp","href":"https:\/\/api.w.org\/{rel}","templated":true}]}}