{"id":268,"date":"2017-02-18T11:32:59","date_gmt":"2017-02-18T10:32:59","guid":{"rendered":"http:\/\/nns.cz\/agata\/?page_id=268"},"modified":"2023-11-23T10:44:45","modified_gmt":"2023-11-23T09:44:45","slug":"multimedialn-interaktivni-ucebnice-plus-cteme-a-piseme-s-agatou","status":"publish","type":"page","link":"https:\/\/nns.cz\/agata\/multimedialn-interaktivni-ucebnice-plus-cteme-a-piseme-s-agatou\/","title":{"rendered":"MIU\u010d+ \u201e\u010cteme a&nbsp;p\u00ed\u0161eme s&nbsp;Ag\u00e1tou\u201c"},"content":{"rendered":"<p><img loading=\"lazy\" decoding=\"async\" class=\"aligncenter size-large wp-image-293\" src=\"https:\/\/nns.cz\/agata\/wp-content\/uploads\/2017\/02\/MIU\u010d-\u010cTEME-A-P\u00cd\u0160EME-S-AG\u00c1TOU-1-1024x253.png\" alt=\"\" width=\"832\" height=\"206\" srcset=\"https:\/\/nns.cz\/agata\/wp-content\/uploads\/2017\/02\/MIU\u010d-\u010cTEME-A-P\u00cd\u0160EME-S-AG\u00c1TOU-1-1024x253.png 1024w, https:\/\/nns.cz\/agata\/wp-content\/uploads\/2017\/02\/MIU\u010d-\u010cTEME-A-P\u00cd\u0160EME-S-AG\u00c1TOU-1-300x74.png 300w, https:\/\/nns.cz\/agata\/wp-content\/uploads\/2017\/02\/MIU\u010d-\u010cTEME-A-P\u00cd\u0160EME-S-AG\u00c1TOU-1-768x190.png 768w\" sizes=\"auto, (max-width: 832px) 100vw, 832px\" \/><\/p>\n<p><img loading=\"lazy\" decoding=\"async\" class=\"aligncenter size-full wp-image-543\" src=\"https:\/\/nns.cz\/agata\/wp-content\/uploads\/MIU\u010d-\u017dIV\u00c1-ABECEDA-\u010cTEME-A-P\u00cd\u0160EME-S-AG\u00c1TOU-1024x442.png\" alt=\"\" width=\"788\" height=\"442\" srcset=\"https:\/\/nns.cz\/agata\/wp-content\/uploads\/MIU\u010d-\u017dIV\u00c1-ABECEDA-\u010cTEME-A-P\u00cd\u0160EME-S-AG\u00c1TOU-1024x442.png 788w, https:\/\/nns.cz\/agata\/wp-content\/uploads\/MIU\u010d-\u017dIV\u00c1-ABECEDA-\u010cTEME-A-P\u00cd\u0160EME-S-AG\u00c1TOU-1024x442-300x168.png 300w, https:\/\/nns.cz\/agata\/wp-content\/uploads\/MIU\u010d-\u017dIV\u00c1-ABECEDA-\u010cTEME-A-P\u00cd\u0160EME-S-AG\u00c1TOU-1024x442-768x431.png 768w, https:\/\/nns.cz\/agata\/wp-content\/uploads\/MIU\u010d-\u017dIV\u00c1-ABECEDA-\u010cTEME-A-P\u00cd\u0160EME-S-AG\u00c1TOU-1024x442-600x337.png 600w\" sizes=\"auto, (max-width: 788px) 100vw, 788px\" \/><\/p>\n\n\n<p><strong>MIU\u010d+ \u201e\u010cteme a&nbsp;p\u00ed\u0161eme s&nbsp;Ag\u00e1tou\u201c<\/strong>&nbsp;obsahuje:<\/p>\n\n\n\n<ul class=\"wp-block-list\">\n<li>interaktivn\u00ed verzi ti\u0161t\u011bn\u00e9 \u017div\u00e9 abecedy (\u010cTEME A&nbsp;P\u00cd\u0160EME S&nbsp;AG\u00c1TOU),&nbsp;<\/li>\n\n\n\n<li>interaktivn\u00ed verzi ti\u0161t\u011bn\u00e9ho Slabik\u00e1\u0159e (1.&nbsp;a\u017e 3.&nbsp;d\u00edl) (\u010cTEME A&nbsp;P\u00cd\u0160EME S&nbsp;AG\u00c1TOU), &nbsp;<\/li>\n\n\n\n<li>interaktivn\u00ed verzi ti\u0161t\u011bn\u00fdch Uvol\u0148ovac\u00edch cvik\u016f (\u010cTEME A&nbsp;P\u00cd\u0160EME S&nbsp;AG\u00c1TOU),<\/li>\n\n\n\n<li>interaktivn\u00ed verze ti\u0161t\u011bn\u00fdch p\u00edsanek&nbsp;(\u010cTEME A&nbsp;P\u00cd\u0160EME S&nbsp;AG\u00c1TOU),<\/li>\n\n\n\n<li>interaktivn\u00ed verze titul\u016f Zdokonalujeme \u010dten\u00ed (\u010cTEME A&nbsp;P\u00cd\u0160EME S&nbsp;AG\u00c1TOU),<\/li>\n\n\n\n<li>interaktivn\u00ed verze titul\u016f \u010cten\u00e1\u0159sk\u00e9 z\u00e1klady (\u010cTEME A&nbsp;P\u00cd\u0160EME S&nbsp;AG\u00c1TOU),<\/li>\n\n\n\n<li>nteraktivn\u00ed verze titul\u016f AMOS PLUS(\u010cTEME A&nbsp;P\u00cd\u0160EME S&nbsp;AG\u00c1TOU),<\/li>\n\n\n\n<li>interaktivn\u00ed verzi titulu Pozn\u00e1v\u00e1me abecedu,<\/li>\n\n\n\n<li>interaktivn\u00ed verzi P\u00edsankov\u00e9ho se\u0161itu 511+,<\/li>\n\n\n\n<li>n\u00e1vod na sestaven\u00ed p\u00edsmene ze stavebnice ROTO ABECEDA,<\/li>\n\n\n\n<li>animace,<\/li>\n\n\n\n<li>interaktivn\u00ed cvi\u010den\u00ed.<\/li>\n<\/ul>\n\n\n\n<p>V interaktivn\u00edch cvi\u010den\u00edch se \u017e\u00e1ci hravou formou seznamuj\u00ed s&nbsp;jednotliv\u00fdmi p\u00edsmeny abecedy. Cvi\u010den\u00ed napom\u00e1haj\u00ed rozv\u00edjet sluchovou i&nbsp;zrakovou percepci. N\u011bkter\u00e1 cvi\u010den\u00ed jsou ur\u010den\u00e1 k&nbsp;fixaci slovn\u00ed z\u00e1soby. Interaktivn\u00ed cvi\u010den\u00ed ur\u010den\u00e1 k&nbsp;procvi\u010dov\u00e1n\u00ed \u010dten\u00e1\u0159sk\u00fdch dovednost\u00ed lze individu\u00e1ln\u011b p\u0159izp\u016fsobovat \u017e\u00e1k\u016fm. Prohl\u00e9dn\u011bte si celou u\u010debnici v\u010detn\u011b dopl\u0148kov\u00e9ho obsahu v&nbsp;elekronick\u00e9 verzi MIU\u010d+ na ucebnice-online.cz <a href=\"https:\/\/mediacreator.cz\/mc\/index.php?sellcode=1A01\" target=\"_blank\" rel=\"noreferrer noopener\">kliknut\u00edm zde<\/a>.<\/p>\n","protected":false},"excerpt":{"rendered":"<p>MIU\u010d+ \u201e\u010cteme a&nbsp;p\u00ed\u0161eme s&nbsp;Ag\u00e1tou\u201c&nbsp;obsahuje: V&nbsp;interaktivn\u00edch cvi\u010den\u00edch se \u017e\u00e1ci hravou formou seznamuj\u00ed s&nbsp;jednotliv\u00fdmi p\u00edsmeny abecedy. Cvi\u010den\u00ed napom\u00e1haj\u00ed rozv\u00edjet sluchovou i&nbsp;zrakovou percepci. N\u011bkter\u00e1 cvi\u010den\u00ed jsou ur\u010den\u00e1 k&nbsp;fixaci slovn\u00ed z\u00e1soby. Interaktivn\u00ed cvi\u010den\u00ed ur\u010den\u00e1 k&nbsp;procvi\u010dov\u00e1n\u00ed \u010dten\u00e1\u0159sk\u00fdch dovednost\u00ed lze individu\u00e1ln\u011b p\u0159izp\u016fsobovat \u017e\u00e1k\u016fm. Prohl\u00e9dn\u011bte si &hellip; <\/p>\n","protected":false},"author":1,"featured_media":0,"parent":0,"menu_order":0,"comment_status":"closed","ping_status":"closed","template":"","meta":{"footnotes":""},"class_list":["post-268","page","type-page","status-publish","hentry"],"_links":{"self":[{"href":"https:\/\/nns.cz\/agata\/wp-json\/wp\/v2\/pages\/268","targetHints":{"allow":["GET"]}}],"collection":[{"href":"https:\/\/nns.cz\/agata\/wp-json\/wp\/v2\/pages"}],"about":[{"href":"https:\/\/nns.cz\/agata\/wp-json\/wp\/v2\/types\/page"}],"author":[{"embeddable":true,"href":"https:\/\/nns.cz\/agata\/wp-json\/wp\/v2\/users\/1"}],"replies":[{"embeddable":true,"href":"https:\/\/nns.cz\/agata\/wp-json\/wp\/v2\/comments?post=268"}],"version-history":[{"count":6,"href":"https:\/\/nns.cz\/agata\/wp-json\/wp\/v2\/pages\/268\/revisions"}],"predecessor-version":[{"id":1320,"href":"https:\/\/nns.cz\/agata\/wp-json\/wp\/v2\/pages\/268\/revisions\/1320"}],"wp:attachment":[{"href":"https:\/\/nns.cz\/agata\/wp-json\/wp\/v2\/media?parent=268"}],"curies":[{"name":"wp","href":"https:\/\/api.w.org\/{rel}","templated":true}]}}