{"id":210,"date":"2017-02-13T21:42:54","date_gmt":"2017-02-13T20:42:54","guid":{"rendered":"http:\/\/nns.cz\/agata\/?page_id=210"},"modified":"2019-11-13T13:04:40","modified_gmt":"2019-11-13T12:04:40","slug":"poznavame-abecedu","status":"publish","type":"page","link":"https:\/\/nns.cz\/agata\/poznavame-abecedu\/","title":{"rendered":"Pozn\u00e1v\u00e1me abecedu"},"content":{"rendered":"<p style=\"text-align: justify;\">Publikace Pozn\u00e1v\u00e1me abecedu hravou formou seznamuje \u017e\u00e1ky s&nbsp;jednotliv\u00fdmi p\u00edsmeny abecedy a&nbsp;napom\u00e1h\u00e1 rozv\u00edjet sluchovou a&nbsp;zrakovou percepci i&nbsp;jemnou motoriku \u017e\u00e1k\u016f. Ka\u017ed\u00e9mu p\u00edsmenu je v\u011bnov\u00e1n jeden list.<\/p>\n<p style=\"text-align: justify;\"><img loading=\"lazy\" decoding=\"async\" class=\"wp-image-244 size-medium aligncenter\" src=\"https:\/\/nns.cz\/agata\/wp-content\/uploads\/2017\/02\/1-99-Pozn\u00e1v\u00e1me-abecedu-300x210.jpg\" width=\"300\" height=\"210\" srcset=\"https:\/\/nns.cz\/agata\/wp-content\/uploads\/2017\/02\/1-99-Pozn\u00e1v\u00e1me-abecedu-300x210.jpg 300w, https:\/\/nns.cz\/agata\/wp-content\/uploads\/2017\/02\/1-99-Pozn\u00e1v\u00e1me-abecedu.jpg 602w\" sizes=\"auto, (max-width: 300px) 100vw, 300px\" \/><\/p>\n<p style=\"text-align: justify;\">Na p\u0159edn\u00ed stran\u011b listu \u017e\u00e1ci <strong>aktivn\u011b objev\u00ed tvar velk\u00e9ho tiskac\u00edho p\u00edsmene<\/strong>, a&nbsp;to s&nbsp;pomoc\u00ed <strong>du\u00e1ln\u00edch obr\u00e1zk\u016f<\/strong>.<\/p>\n<p style=\"text-align: center;\"><a href=\"https:\/\/nns.cz\/agata\/wp-content\/uploads\/2017\/02\/Pozn\u00e1v\u00e1me-abecedu-A-p\u0159edn\u00ed-strana.jpg\"><img loading=\"lazy\" decoding=\"async\" class=\"aligncenter size-large wp-image-217\" src=\"https:\/\/nns.cz\/agata\/wp-content\/uploads\/2017\/02\/Pozn\u00e1v\u00e1me-abecedu-A-p\u0159edn\u00ed-strana-1024x686.jpg\" alt=\"\" width=\"832\" height=\"557\" srcset=\"https:\/\/nns.cz\/agata\/wp-content\/uploads\/2017\/02\/Pozn\u00e1v\u00e1me-abecedu-A-p\u0159edn\u00ed-strana-1024x686.jpg 1024w, https:\/\/nns.cz\/agata\/wp-content\/uploads\/2017\/02\/Pozn\u00e1v\u00e1me-abecedu-A-p\u0159edn\u00ed-strana-300x201.jpg 300w, https:\/\/nns.cz\/agata\/wp-content\/uploads\/2017\/02\/Pozn\u00e1v\u00e1me-abecedu-A-p\u0159edn\u00ed-strana-768x514.jpg 768w, https:\/\/nns.cz\/agata\/wp-content\/uploads\/2017\/02\/Pozn\u00e1v\u00e1me-abecedu-A-p\u0159edn\u00ed-strana.jpg 1316w\" sizes=\"auto, (max-width: 832px) 100vw, 832px\" \/><\/a><em>(Uk\u00e1zka: Pozn\u00e1v\u00e1me abecedu &#8211; P\u0159edn\u00ed strana k&nbsp;p\u00edsmenu \u201eA\u201c obsahuj\u00edc\u00ed du\u00e1ln\u00ed obr\u00e1zky)<\/em><\/p>\n<p style=\"text-align: center;\"><img loading=\"lazy\" decoding=\"async\" class=\"aligncenter size-large wp-image-216\" src=\"https:\/\/nns.cz\/agata\/wp-content\/uploads\/2017\/02\/MIU\u010d-Pozn\u00e1v\u00e1me-abecedu-A-p\u0159edn\u00ed-strana-1024x722.jpg\" alt=\"\" width=\"832\" height=\"587\" srcset=\"https:\/\/nns.cz\/agata\/wp-content\/uploads\/2017\/02\/MIU\u010d-Pozn\u00e1v\u00e1me-abecedu-A-p\u0159edn\u00ed-strana-1024x722.jpg 1024w, https:\/\/nns.cz\/agata\/wp-content\/uploads\/2017\/02\/MIU\u010d-Pozn\u00e1v\u00e1me-abecedu-A-p\u0159edn\u00ed-strana-300x211.jpg 300w, https:\/\/nns.cz\/agata\/wp-content\/uploads\/2017\/02\/MIU\u010d-Pozn\u00e1v\u00e1me-abecedu-A-p\u0159edn\u00ed-strana-768x541.jpg 768w, https:\/\/nns.cz\/agata\/wp-content\/uploads\/2017\/02\/MIU\u010d-Pozn\u00e1v\u00e1me-abecedu-A-p\u0159edn\u00ed-strana.jpg 1327w\" sizes=\"auto, (max-width: 832px) 100vw, 832px\" \/> <em>(Uk\u00e1zka: MIU\u010d+ Pozn\u00e1v\u00e1me abecedu &#8211; P\u00edsmeno \u201eA\u201c objevovan\u00e9 pomoc\u00ed du\u00e1ln\u00edch obr\u00e1zk\u016f v&nbsp;interaktivn\u00ed verzi se\u0161itu)<\/em><\/p>\n<p style=\"text-align: justify;\">Lev\u00e1 \u010d\u00e1st zadn\u00ed strany poskytuje p\u0159ehled \u010dty\u0159 z\u00e1kladn\u00edch tvar\u016f tohoto p\u00edsmene a&nbsp;z\u00e1rove\u0148 slou\u017e\u00ed k<strong> dal\u0161\u00edm smyslupln\u00fdm aktivit\u00e1m<\/strong> vztahuj\u00edc\u00edm se k&nbsp;dan\u00e9mu p\u00edsmenu (ur\u010dov\u00e1n\u00ed prvn\u00ed hl\u00e1sky ve slov\u011b, ur\u010dov\u00e1n\u00ed po\u010dtu slabik, slov apod.). \u017d\u00e1ci tak <strong>rozv\u00edj\u00ed svoji slovn\u00ed z\u00e1sobu, zlep\u0161uj\u00ed sluchovou anal\u00fdzu dan\u00e9 hl\u00e1sky a&nbsp;procvi\u010duj\u00ed jej\u00ed v\u00fdslovnost<\/strong>.<\/p>\n<p style=\"text-align: justify;\">Prav\u00e1 \u010d\u00e1st zadn\u00ed strany obsahuje n\u00e1vod na kreslen\u00ed jednoduch\u00e9ho obr\u00e1zku zn\u00e1zor\u0148uj\u00edc\u00edho slovo, kter\u00e9 za\u010d\u00edn\u00e1 na dan\u00e9 p\u00edsmeno. \u017d\u00e1ci se tak u\u010d\u00ed sledovat postupn\u00fd v\u00fdvoj kresby a&nbsp;napodobit ji. T\u00edm <strong>rozv\u00edjej\u00ed sv\u00e9 my\u0161len\u00ed, grafomotorick\u00e9 schopnosti a&nbsp;dovednost pracovat podle n\u00e1vodu \u010di jednoduch\u00e9ho pracovn\u00edho postupu<\/strong>.<\/p>\n<p style=\"text-align: center;\"><img loading=\"lazy\" decoding=\"async\" class=\"aligncenter size-large wp-image-235\" src=\"https:\/\/nns.cz\/agata\/wp-content\/uploads\/2017\/02\/Pozn\u00e1v\u00e1me-abecedu-A-zadn\u00ed-strana-1024x710.jpg\" alt=\"\" width=\"832\" height=\"577\" srcset=\"https:\/\/nns.cz\/agata\/wp-content\/uploads\/2017\/02\/Pozn\u00e1v\u00e1me-abecedu-A-zadn\u00ed-strana-1024x710.jpg 1024w, https:\/\/nns.cz\/agata\/wp-content\/uploads\/2017\/02\/Pozn\u00e1v\u00e1me-abecedu-A-zadn\u00ed-strana-300x208.jpg 300w, https:\/\/nns.cz\/agata\/wp-content\/uploads\/2017\/02\/Pozn\u00e1v\u00e1me-abecedu-A-zadn\u00ed-strana-768x533.jpg 768w, https:\/\/nns.cz\/agata\/wp-content\/uploads\/2017\/02\/Pozn\u00e1v\u00e1me-abecedu-A-zadn\u00ed-strana.jpg 1223w\" sizes=\"auto, (max-width: 832px) 100vw, 832px\" \/><em>(Uk\u00e1zka: Pozn\u00e1v\u00e1me abecedu &#8211; Zadn\u00ed strana k&nbsp;p\u00edsmenu \u201eA\u201c obsahuj\u00edc\u00ed tvary p\u00edsmene, obr\u00e1zky a&nbsp;n\u00e1vod na kreslen\u00ed jednoduch\u00e9ho obr\u00e1zku)<\/em><\/p>\n<p style=\"text-align: justify;\">Po\u0159ad\u00ed p\u00edsmen odpov\u00edd\u00e1 \u017div\u00e9 abeced\u011b a&nbsp;Slabik\u00e1\u0159i z&nbsp;Duhov\u00e9 \u0159ady (oproti <em>\u201e<\/em>\u010cteme a&nbsp;p\u00ed\u0161eme s&nbsp;Ag\u00e1tou<em>\u201c <\/em> se odli\u0161uje pouze po\u0159ad\u00edm p\u00edsmen <em>\u201eM\u201c<\/em> a&nbsp;<em>\u201eA\u201c<\/em>).<\/p>\n","protected":false},"excerpt":{"rendered":"<p>Publikace Pozn\u00e1v\u00e1me abecedu hravou formou seznamuje \u017e\u00e1ky s&nbsp;jednotliv\u00fdmi p\u00edsmeny abecedy a&nbsp;napom\u00e1h\u00e1 rozv\u00edjet sluchovou a&nbsp;zrakovou percepci i&nbsp;jemnou motoriku \u017e\u00e1k\u016f. Ka\u017ed\u00e9mu p\u00edsmenu je v\u011bnov\u00e1n jeden list. Na p\u0159edn\u00ed stran\u011b listu \u017e\u00e1ci aktivn\u011b objev\u00ed tvar velk\u00e9ho tiskac\u00edho p\u00edsmene, a&nbsp;to s&nbsp;pomoc\u00ed du\u00e1ln\u00edch obr\u00e1zk\u016f. (Uk\u00e1zka: &hellip; <\/p>\n","protected":false},"author":1,"featured_media":0,"parent":0,"menu_order":0,"comment_status":"closed","ping_status":"closed","template":"","meta":{"footnotes":""},"class_list":["post-210","page","type-page","status-publish","hentry"],"_links":{"self":[{"href":"https:\/\/nns.cz\/agata\/wp-json\/wp\/v2\/pages\/210","targetHints":{"allow":["GET"]}}],"collection":[{"href":"https:\/\/nns.cz\/agata\/wp-json\/wp\/v2\/pages"}],"about":[{"href":"https:\/\/nns.cz\/agata\/wp-json\/wp\/v2\/types\/page"}],"author":[{"embeddable":true,"href":"https:\/\/nns.cz\/agata\/wp-json\/wp\/v2\/users\/1"}],"replies":[{"embeddable":true,"href":"https:\/\/nns.cz\/agata\/wp-json\/wp\/v2\/comments?post=210"}],"version-history":[{"count":22,"href":"https:\/\/nns.cz\/agata\/wp-json\/wp\/v2\/pages\/210\/revisions"}],"predecessor-version":[{"id":1108,"href":"https:\/\/nns.cz\/agata\/wp-json\/wp\/v2\/pages\/210\/revisions\/1108"}],"wp:attachment":[{"href":"https:\/\/nns.cz\/agata\/wp-json\/wp\/v2\/media?parent=210"}],"curies":[{"name":"wp","href":"https:\/\/api.w.org\/{rel}","templated":true}]}}