{"id":129,"date":"2017-02-11T16:26:58","date_gmt":"2017-02-11T15:26:58","guid":{"rendered":"http:\/\/nns.cz\/agata\/?page_id=129"},"modified":"2018-06-11T11:59:55","modified_gmt":"2018-06-11T09:59:55","slug":"pametove-obrazky","status":"publish","type":"page","link":"https:\/\/nns.cz\/agata\/pametove-obrazky\/","title":{"rendered":"Pam\u011b\u0165ov\u00e9 obr\u00e1zky"},"content":{"rendered":"<p style=\"text-align: justify;\">Pam\u011b\u0165ov\u00e9 obr\u00e1zky jsou v&nbsp;\u017div\u00e9 abeced\u011b a&nbsp;Slabik\u00e1\u0159i, 1.&nbsp;d\u00edl a&nbsp;2.&nbsp;d\u00edl, <em>\u201e<\/em>\u010cteme a&nbsp;p\u00ed\u0161eme s&nbsp;Ag\u00e1tou<em>\u201c<\/em> uplat\u0148ov\u00e1ny p\u0159i <strong>vyvozov\u00e1n\u00ed p\u00edsmene pomoc\u00ed kr\u00e1tk\u00e9 \u0159\u00edkanky<\/strong>.<\/p>\n<p style=\"text-align: justify;\">P\u0159ed ka\u017edou \u0159\u00edkankou najdete jeden obr\u00e1zek vyjad\u0159uj\u00edc\u00ed zjednodu\u0161en\u011b obsah \u0159\u00edkanky. Zapamatov\u00e1n\u00ed cel\u00e9 \u0159\u00edkanky s&nbsp;pomoc\u00ed jednoho obr\u00e1zku je v\u0161ak pom\u011brn\u011b obt\u00ed\u017en\u00e9. Proto je je\u0161t\u011b <strong>ka\u017ed\u00fd ver\u0161 zn\u00e1zorn\u011bn pomoc\u00ed mal\u00e9ho pam\u011b\u0165ov\u00e9ho obr\u00e1zku<\/strong> reprezentuj\u00edc\u00edho jeho d\u00edl\u010d\u00ed obsah.<\/p>\n<p style=\"text-align: center;\"><img loading=\"lazy\" decoding=\"async\" class=\"aligncenter wp-image-171 size-large\" src=\"https:\/\/nns.cz\/agata\/wp-content\/uploads\/2017\/02\/Slabik\u00e1\u0159-1.-d\u00edl-\u010cteme-a-p\u00ed\u0161eme-s-Ag\u00e1tou-strana-24-Vyozen\u00ed-p\u00edsmene-Z-pomoc\u00ed-\u0159\u00edkanky-s-vyu\u017eit\u00edm-pam\u011b\u0165ov\u00fdch-obr\u00e1zk\u016f-1024x470.jpg\" width=\"832\" height=\"382\" srcset=\"https:\/\/nns.cz\/agata\/wp-content\/uploads\/2017\/02\/Slabik\u00e1\u0159-1.-d\u00edl-\u010cteme-a-p\u00ed\u0161eme-s-Ag\u00e1tou-strana-24-Vyozen\u00ed-p\u00edsmene-Z-pomoc\u00ed-\u0159\u00edkanky-s-vyu\u017eit\u00edm-pam\u011b\u0165ov\u00fdch-obr\u00e1zk\u016f-1024x470.jpg 1024w, https:\/\/nns.cz\/agata\/wp-content\/uploads\/2017\/02\/Slabik\u00e1\u0159-1.-d\u00edl-\u010cteme-a-p\u00ed\u0161eme-s-Ag\u00e1tou-strana-24-Vyozen\u00ed-p\u00edsmene-Z-pomoc\u00ed-\u0159\u00edkanky-s-vyu\u017eit\u00edm-pam\u011b\u0165ov\u00fdch-obr\u00e1zk\u016f-300x138.jpg 300w, https:\/\/nns.cz\/agata\/wp-content\/uploads\/2017\/02\/Slabik\u00e1\u0159-1.-d\u00edl-\u010cteme-a-p\u00ed\u0161eme-s-Ag\u00e1tou-strana-24-Vyozen\u00ed-p\u00edsmene-Z-pomoc\u00ed-\u0159\u00edkanky-s-vyu\u017eit\u00edm-pam\u011b\u0165ov\u00fdch-obr\u00e1zk\u016f-768x353.jpg 768w, https:\/\/nns.cz\/agata\/wp-content\/uploads\/2017\/02\/Slabik\u00e1\u0159-1.-d\u00edl-\u010cteme-a-p\u00ed\u0161eme-s-Ag\u00e1tou-strana-24-Vyozen\u00ed-p\u00edsmene-Z-pomoc\u00ed-\u0159\u00edkanky-s-vyu\u017eit\u00edm-pam\u011b\u0165ov\u00fdch-obr\u00e1zk\u016f.jpg 1411w\" sizes=\"auto, (max-width: 832px) 100vw, 832px\" \/><em>(Uk\u00e1zka: Slabik\u00e1\u0159, 1.&nbsp;d\u00edl, \u201e\u010cteme a&nbsp;p\u00ed\u0161eme s&nbsp;Ag\u00e1tou\u201c, str. 24 &#8211; \u00a0Vyvozen\u00ed p\u00edsmene Z&nbsp;s&nbsp;pomoc\u00ed \u0159\u00edkanky a&nbsp;pam\u011b\u0165ov\u00fdch obr\u00e1zk\u016f)<\/em><\/p>\n<p style=\"text-align: justify;\">Uk\u00e1zalo se, \u017ee \u017e\u00e1ci 1.&nbsp;ro\u010dn\u00edku si \u0159\u00edkanky s&nbsp;pam\u011b\u0165ov\u00fdmi obr\u00e1zky <strong>snadno zapamatovali<\/strong> a&nbsp;<strong>byli si je tak\u00e9 schopni i&nbsp;po del\u0161\u00ed dob\u011b s&nbsp;pomoc\u00ed pam\u011b\u0165ov\u00fdch obr\u00e1zk\u016f l\u00e9pe vybavit.<\/strong><\/p>\n<p style=\"text-align: center;\"><img loading=\"lazy\" decoding=\"async\" class=\"aligncenter wp-image-175 size-large\" src=\"https:\/\/nns.cz\/agata\/wp-content\/uploads\/2017\/02\/Slabik\u00e1\u0159-1.-d\u00edl-\u010cteme-a-p\u00ed\u0161eme-s-Ag\u00e1tou-strana-24-Pro-vybaven\u00ed-\u0159\u00edkanky-podle-pam\u011b\u0165ov\u00fdch-obr\u00e1zk\u016f-lze-vyu\u017e\u00edt-MIU\u010d-1024x714.jpg\" width=\"832\" height=\"580\" srcset=\"https:\/\/nns.cz\/agata\/wp-content\/uploads\/2017\/02\/Slabik\u00e1\u0159-1.-d\u00edl-\u010cteme-a-p\u00ed\u0161eme-s-Ag\u00e1tou-strana-24-Pro-vybaven\u00ed-\u0159\u00edkanky-podle-pam\u011b\u0165ov\u00fdch-obr\u00e1zk\u016f-lze-vyu\u017e\u00edt-MIU\u010d-1024x714.jpg 1024w, https:\/\/nns.cz\/agata\/wp-content\/uploads\/2017\/02\/Slabik\u00e1\u0159-1.-d\u00edl-\u010cteme-a-p\u00ed\u0161eme-s-Ag\u00e1tou-strana-24-Pro-vybaven\u00ed-\u0159\u00edkanky-podle-pam\u011b\u0165ov\u00fdch-obr\u00e1zk\u016f-lze-vyu\u017e\u00edt-MIU\u010d-300x209.jpg 300w, https:\/\/nns.cz\/agata\/wp-content\/uploads\/2017\/02\/Slabik\u00e1\u0159-1.-d\u00edl-\u010cteme-a-p\u00ed\u0161eme-s-Ag\u00e1tou-strana-24-Pro-vybaven\u00ed-\u0159\u00edkanky-podle-pam\u011b\u0165ov\u00fdch-obr\u00e1zk\u016f-lze-vyu\u017e\u00edt-MIU\u010d-768x536.jpg 768w, https:\/\/nns.cz\/agata\/wp-content\/uploads\/2017\/02\/Slabik\u00e1\u0159-1.-d\u00edl-\u010cteme-a-p\u00ed\u0161eme-s-Ag\u00e1tou-strana-24-Pro-vybaven\u00ed-\u0159\u00edkanky-podle-pam\u011b\u0165ov\u00fdch-obr\u00e1zk\u016f-lze-vyu\u017e\u00edt-MIU\u010d.jpg 1269w\" sizes=\"auto, (max-width: 832px) 100vw, 832px\" \/><em>(Uk\u00e1zka: MIU\u010d+ Slabik\u00e1\u0159, 1.&nbsp;d\u00edl, \u2013 \u201e\u010cteme a&nbsp;p\u00ed\u0161eme s&nbsp;Ag\u00e1tou\u201c<\/em><em>, str. 24 \u2013 Pro vybaven\u00ed \u0159\u00edkanky podle pam\u011b\u0165ov\u00fdch obr\u00e1zk\u016f lze vyu\u017e\u00edt cvi\u010den\u00ed v&nbsp;MIU\u010d+)<\/em><\/p>\n<p style=\"text-align: justify;\">Vyu\u017eit\u00ed pam\u011b\u0165ov\u00fdch obr\u00e1zk\u016f v&nbsp;souladu s&nbsp;poznatky modern\u00ed neurov\u011bdy <strong>nejen procvi\u010d\u00ed pam\u011b\u0165 a&nbsp;usnadn\u00ed zapamatov\u00e1n\u00ed<\/strong> konkr\u00e9tn\u00ed \u0159\u00edkanky, ale \u017e\u00e1k\u016fm do jejich budouc\u00edho vzd\u011bl\u00e1v\u00e1n\u00ed poskytne i&nbsp;v\u00fdhodu v&nbsp;podob\u011b pozitivn\u00ed zku\u0161enosti s&nbsp;<strong>propojen\u00edm vizu\u00e1ln\u00ed reprezentace a&nbsp;slovn\u00edho sd\u011blen\u00ed<\/strong>. Budou m\u00edt tak k&nbsp;dispozici<strong> cenn\u00fd n\u00e1stroj pro pam\u011b\u0165ov\u00e9 osvojov\u00e1n\u00ed jinak abstraktn\u00edch poznatk\u016f<\/strong>.<\/p>\n","protected":false},"excerpt":{"rendered":"<p>Pam\u011b\u0165ov\u00e9 obr\u00e1zky jsou v&nbsp;\u017div\u00e9 abeced\u011b a&nbsp;Slabik\u00e1\u0159i, 1.&nbsp;d\u00edl a&nbsp;2.&nbsp;d\u00edl, \u201e\u010cteme a&nbsp;p\u00ed\u0161eme s&nbsp;Ag\u00e1tou\u201c uplat\u0148ov\u00e1ny p\u0159i vyvozov\u00e1n\u00ed p\u00edsmene pomoc\u00ed kr\u00e1tk\u00e9 \u0159\u00edkanky. P\u0159ed ka\u017edou \u0159\u00edkankou najdete jeden obr\u00e1zek vyjad\u0159uj\u00edc\u00ed zjednodu\u0161en\u011b obsah \u0159\u00edkanky. Zapamatov\u00e1n\u00ed cel\u00e9 \u0159\u00edkanky s&nbsp;pomoc\u00ed jednoho obr\u00e1zku je v\u0161ak pom\u011brn\u011b obt\u00ed\u017en\u00e9. Proto je &hellip; <\/p>\n","protected":false},"author":1,"featured_media":0,"parent":0,"menu_order":0,"comment_status":"closed","ping_status":"closed","template":"","meta":{"footnotes":""},"class_list":["post-129","page","type-page","status-publish","hentry"],"_links":{"self":[{"href":"https:\/\/nns.cz\/agata\/wp-json\/wp\/v2\/pages\/129","targetHints":{"allow":["GET"]}}],"collection":[{"href":"https:\/\/nns.cz\/agata\/wp-json\/wp\/v2\/pages"}],"about":[{"href":"https:\/\/nns.cz\/agata\/wp-json\/wp\/v2\/types\/page"}],"author":[{"embeddable":true,"href":"https:\/\/nns.cz\/agata\/wp-json\/wp\/v2\/users\/1"}],"replies":[{"embeddable":true,"href":"https:\/\/nns.cz\/agata\/wp-json\/wp\/v2\/comments?post=129"}],"version-history":[{"count":12,"href":"https:\/\/nns.cz\/agata\/wp-json\/wp\/v2\/pages\/129\/revisions"}],"predecessor-version":[{"id":906,"href":"https:\/\/nns.cz\/agata\/wp-json\/wp\/v2\/pages\/129\/revisions\/906"}],"wp:attachment":[{"href":"https:\/\/nns.cz\/agata\/wp-json\/wp\/v2\/media?parent=129"}],"curies":[{"name":"wp","href":"https:\/\/api.w.org\/{rel}","templated":true}]}}