{"id":1168,"date":"2020-08-24T14:09:39","date_gmt":"2020-08-24T12:09:39","guid":{"rendered":"http:\/\/nns.cz\/agata\/?page_id=1168"},"modified":"2020-08-24T14:09:40","modified_gmt":"2020-08-24T12:09:40","slug":"vyukova-videa-ziva-abeceda","status":"publish","type":"page","link":"https:\/\/nns.cz\/agata\/vyukova-videa-ziva-abeceda\/","title":{"rendered":"V\u00fdukov\u00e1 videa \u017div\u00e1 abeceda"},"content":{"rendered":"\n<p>Spole\u010dn\u011b&nbsp;<strong>s housenkou Ag\u00e1tou se v\u011bnujeme \u010dten\u00ed<\/strong>&nbsp;na webu nakladatelstv\u00ed NOV\u00c1 \u0160KOLA, s.r.o., pod t\u00edmto odkazem:&nbsp;<a href=\"https:\/\/nns.cz\/amos\/ziva-abeceda\/\">https:\/\/nns.cz\/amos\/ziva-abeceda\/<\/a><\/p>\n\n\n\n<figure class=\"wp-block-image\"><a href=\"https:\/\/nns.cz\/amos\/ziva-abeceda\/\"><img decoding=\"async\" src=\"https:\/\/www.nns.cz\/blog\/wp-content\/uploads\/ziva-abeceda-videa.jpg\" alt=\"\" class=\"wp-image-13881\"\/><\/a><\/figure>\n","protected":false},"excerpt":{"rendered":"<p>Spole\u010dn\u011b&nbsp;s&nbsp;housenkou Ag\u00e1tou se v\u011bnujeme \u010dten\u00ed&nbsp;na webu nakladatelstv\u00ed NOV\u00c1 \u0160KOLA, s.r.o., pod t\u00edmto odkazem:&nbsp;https:\/\/nns.cz\/amos\/ziva-abeceda\/<\/p>\n","protected":false},"author":6,"featured_media":0,"parent":0,"menu_order":0,"comment_status":"closed","ping_status":"closed","template":"","meta":{"footnotes":""},"class_list":["post-1168","page","type-page","status-publish","hentry"],"_links":{"self":[{"href":"https:\/\/nns.cz\/agata\/wp-json\/wp\/v2\/pages\/1168","targetHints":{"allow":["GET"]}}],"collection":[{"href":"https:\/\/nns.cz\/agata\/wp-json\/wp\/v2\/pages"}],"about":[{"href":"https:\/\/nns.cz\/agata\/wp-json\/wp\/v2\/types\/page"}],"author":[{"embeddable":true,"href":"https:\/\/nns.cz\/agata\/wp-json\/wp\/v2\/users\/6"}],"replies":[{"embeddable":true,"href":"https:\/\/nns.cz\/agata\/wp-json\/wp\/v2\/comments?post=1168"}],"version-history":[{"count":1,"href":"https:\/\/nns.cz\/agata\/wp-json\/wp\/v2\/pages\/1168\/revisions"}],"predecessor-version":[{"id":1169,"href":"https:\/\/nns.cz\/agata\/wp-json\/wp\/v2\/pages\/1168\/revisions\/1169"}],"wp:attachment":[{"href":"https:\/\/nns.cz\/agata\/wp-json\/wp\/v2\/media?parent=1168"}],"curies":[{"name":"wp","href":"https:\/\/api.w.org\/{rel}","templated":true}]}}