{"id":34,"date":"2017-02-08T23:54:14","date_gmt":"2017-02-08T22:54:14","guid":{"rendered":"http:\/\/nns.cz\/agata\/?page_id=34"},"modified":"2026-03-14T18:18:45","modified_gmt":"2026-03-14T17:18:45","slug":"predstavujeme-vam-novy-uceleny-soubor-ucebnich-materialu-pro-vyuku-cteni-a-psani-v-1-rocniku-s-nazvem-cteme-a-piseme-s-agatou","status":"publish","type":"page","link":"http:\/\/nns.cz\/amos\/","title":{"rendered":"AMOS"},"content":{"rendered":"\n<p><a href=\"https:\/\/nns.cz\/amos\/amos-a-nove-rvp-zv\/\"><strong>AMOS a\u00a0nov\u00fd RVP ZV<\/strong><\/a>: S&nbsp;AMOSem m\u016f\u017eete rozv\u00edjet kl\u00ed\u010dov\u00e9 kompetence \u017e\u00e1k\u016f <strong>napl\u0148ovat<\/strong> o\u010dek\u00e1van\u00e9 v\u00fdstupy podle st\u00e1vaj\u00edc\u00edho i\u00a0<strong>nov\u00e9ho RVP ZV<\/strong> a\u00a0to <strong>dokonce beze zm\u011bny va\u0161eho \u0160VP<\/strong><\/p>\n\n\n\n<p class=\"has-background\" style=\"background-color:#e9d1fd\">Novinka: <a href=\"https:\/\/nns.cz\/amos\/seminare-pro-vyucujici\/\" target=\"_blank\" rel=\"noopener\">Vzd\u011bl\u00e1vac\u00ed program zdarma <strong>U\u010d\u00edm s&nbsp;AMOSem v&nbsp;1.&nbsp;ro\u010dn\u00edku<\/strong><\/a><\/p>\n\n\n\n<p><strong>Prvouka <a href=\"https:\/\/nns.cz\/amos\/objevujeme-a-poznavame-s-oskarem\/\">Objevujeme a&nbsp;pozn\u00e1v\u00e1me s&nbsp;Oskarem<\/a> tvo\u0159\u00ed spolu se <a href=\"http:\/\/nns.cz\/agata\/\" target=\"_blank\" rel=\"noopener noreferrer\">\u010cteme a&nbsp;p\u00ed\u0161eme s&nbsp;Ag\u00e1tou<\/a> a&nbsp;<a href=\"https:\/\/www.nns.cz\/blog\/matematika-1-stupen\/\" target=\"_blank\" rel=\"noopener noreferrer\">Mat\u00fdskovou matematikou<\/a> ucelen\u00fd soubor vzd\u011bl\u00e1vac\u00edch materi\u00e1l\u016f AMOS <\/strong>(zkratka jmen pr\u016fvodc\u016f Ag\u00e1ty, Mat\u00fdska a&nbsp;Oskara)<strong>.<\/strong> Soubor vzd\u011bl\u00e1vac\u00edch materi\u00e1l\u016f AMOS byl vytv\u00e1\u0159en zku\u0161en\u00fdmi pedagogy a&nbsp;dlouhodob\u011b pilotn\u011b ov\u011b\u0159ov\u00e1n.<\/p>\n\n\n<div class=\"wp-block-image\">\n<figure class=\"aligncenter\"><img loading=\"lazy\" decoding=\"async\" width=\"1800\" height=\"532\" src=\"https:\/\/nns.cz\/amos\/wp-content\/uploads\/2020\/02\/AMOS_2020.png\" alt=\"\" class=\"wp-image-1535\" srcset=\"https:\/\/nns.cz\/amos\/wp-content\/uploads\/2020\/02\/AMOS_2020.png 1800w, https:\/\/nns.cz\/amos\/wp-content\/uploads\/2020\/02\/AMOS_2020-300x89.png 300w, https:\/\/nns.cz\/amos\/wp-content\/uploads\/2020\/02\/AMOS_2020-768x227.png 768w, https:\/\/nns.cz\/amos\/wp-content\/uploads\/2020\/02\/AMOS_2020-1024x303.png 1024w, https:\/\/nns.cz\/amos\/wp-content\/uploads\/2020\/02\/AMOS_2020-1320x390.png 1320w\" sizes=\"auto, (max-width: 1800px) 100vw, 1800px\" \/><\/figure>\n<\/div>\n\n\n<p><em>Cel\u00fd soubor ti\u0161t\u011bn\u00fdch u\u010debn\u00edch materi\u00e1l\u016f AMOS v\u010detn\u011b metodick\u00fdch p\u0159\u00edru\u010dek m\u00e1me<span style=\"color: #ff0000;\"> <a href=\"https:\/\/www.nns.cz\/obchod\/index.php?item=nabidka2&amp;eshop_action=show_sel_data&amp;order_by=isbn&amp;cat_lev2_chbx%5B%5D=75&amp;cat_lev2_chbx%5B%5D=70&amp;cat_lev2_chbx%5B%5D=65&amp;cat_lev2_chbx%5B%5D=77&amp;show_pkg=1&amp;cat_lev3=X&amp;cat_lev4=X&amp;search_pat=&amp;isbn_pat=1a\" target=\"_blank\" rel=\"noopener noreferrer\">skladem<\/a><\/span>! <\/em><\/p>\n\n\n\n<p><em><span style=\"color: #ff0000;\">&nbsp;<\/span><\/em><strong>Co oce\u0148uj\u00ed na vzd\u011bl\u00e1vac\u00edch materi\u00e1lech AMOS vyu\u010duj\u00edc\u00ed \u00fa\u010dastn\u00edc\u00ed se pilotn\u00edho ov\u011b\u0159ov\u00e1n\u00ed? <\/strong><\/p>\n\n\n\n<ul class=\"wp-block-list\">\n<li><em>\u201eRychlou samostatnost \u017e\u00e1k\u016f p\u0159i&nbsp;\u0159e\u0161en\u00ed \u00fakol\u016f, dle jednoduch\u00fdch piktogram\u016f si dok\u00e1zali od 2.&nbsp;t\u00fddne \u010d\u00edst&nbsp;sami zad\u00e1n\u00ed.\u201c<\/em><\/li>\n\n\n\n<li><em>\u201ePochopila jsem, \u017ee ka\u017ed\u00e9 cvi\u010den\u00ed v&nbsp;materi\u00e1lech AMOS m\u00e1 sv\u016fj smysl a&nbsp;c\u00edl.\u201c<\/em><\/li>\n\n\n\n<li><em>\u201eD\u00edky materi\u00e1l\u016fm v\u010detn\u011b MIU\u010d+ se mohu rychleji a&nbsp;efektivn\u011bji p\u0159ipravit na v\u00fduku. T\u00edm p\u00e1dem m\u00e1m v\u00edce \u010dasu na hrav\u011bj\u0161\u00ed u\u010den\u00ed a&nbsp;m\u00e1m v\u00edce \u010dasu na rozv\u00edjen\u00ed komunikace u&nbsp;\u017e\u00e1k\u016f a&nbsp;rozv\u00edjen\u00ed slovn\u00ed z\u00e1soby a&nbsp;v\u0161eobecn\u00e9ho p\u0159ehledu. Jednodu\u0161e \u0159e\u010deno m\u00e1m voln\u011bj\u0161\u00ed ruce i&nbsp;mysl.\u201c<\/em><\/li>\n\n\n\n<li><em>\u201eU\u010debnice jsou opravdu nachystan\u00e9 tak, \u017ee kdykoli mi hlavou prob\u011bhne n\u011bjak\u00e1 my\u0161lenka, m\u016f\u017eu ji ihned zrealizovat bez n\u00e1ro\u010dn\u00e9 p\u0159\u00edpravy.\u201c <\/em><\/li>\n\n\n\n<li><em>\u201ePropojen\u00ed v\u0161ech materi\u00e1l\u016f (obr\u00e1zky, texty, piktogramy \u2026); Velk\u00e9 mno\u017estv\u00ed interaktivn\u00edch cvi\u010den\u00ed v&nbsp;MIU\u010d+ a&nbsp;jej\u00ed neust\u00e1l\u00e9 roz\u0161i\u0159ov\u00e1n\u00ed a&nbsp;vylep\u0161ov\u00e1n\u00ed.\u201c <\/em><\/li>\n\n\n\n<li><em>\u201eSnadn\u00e1 pochopitelnost pro \u017e\u00e1ky i&nbsp;rodi\u010de. Rychlost, jakou se v\u00fduka odehr\u00e1v\u00e1. Obrovsk\u00e1 motivace pro \u017e\u00e1ky.\u201c <\/em><\/li>\n<\/ul>\n\n\n\n<p><strong>Jak hodnot\u00ed v\u00fduku se souborem AMOS \u00fa\u010dastn\u00edci semin\u00e1\u0159e AMOS?<\/strong><\/p>\n\n\n\n<blockquote class=\"wp-block-quote is-layout-flow wp-block-quote-is-layout-flow\">\n<p><em>U\u010d\u00edm letos poprv\u00e9 podle Amose a&nbsp;je to \u00fapln\u00fd LUXUS, kter\u00fd v&nbsp;t\u00e9to dob\u011b nab\u00edz\u00edte.&nbsp;Samoz\u0159ejm\u011b nejv\u011bt\u0161\u00ed d\u00edky pat\u0159\u00ed panu Mgr.&nbsp;Novotn\u00e9mu za dokonal\u00e9 zpracov\u00e1n\u00ed. Je tomu rok, co jsem se z\u00fa\u010dastnila semin\u00e1\u0159e o&nbsp;u\u010debn\u00edch materi\u00e1lech AMOS, kter\u00fd m\u011b velmi nadchl a&nbsp;mluvil z&nbsp;du\u0161e \u2013 komplexnost u\u010debn\u00edch materi\u00e1l\u016f a&nbsp;propojen\u00ed jednotliv\u00fdch p\u0159edm\u011bt\u016f. V\u00fdukov\u00e1 videa m\u011b ubezpe\u010dila, \u017ee se nemus\u00edm ob\u00e1vat ani uzav\u0159en\u00ed \u0161koly. A&nbsp;hned 1.&nbsp;z\u00e1\u0159\u00ed jsem proto tak\u00e9 ujistila rodi\u010de, \u017ee s&nbsp;t\u011bmito nov\u00fdmi u\u010debn\u00edmi materi\u00e1ly zvl\u00e1dneme i&nbsp;p\u0159\u00edpadnou distan\u010dn\u00ed v\u00fduku. To jsem v\u016fbec netu\u0161ila, co n\u00e1s \u010dek\u00e1. Ve \u0161kole jsem d\u011bti z\u00e1hy sezn\u00e1mila s&nbsp;v\u00fdukou pana u\u010ditele, kter\u00fd jim pak ji\u017e v&nbsp;\u0159\u00edjnu pom\u00e1hal s&nbsp;prvn\u00edmi kroky v&nbsp;\u010desk\u00e9m jazyce i&nbsp;matematice.<\/em><\/p>\n<cite> Mgr.&nbsp;Marcela Ma\u0161kov\u00e1<\/cite><\/blockquote>\n\n\n\n<\/p>\n<blockquote class=\"wp-block-quote is-layout-flow wp-block-quote-is-layout-flow\">\n<p>Jsem z&nbsp;\u0159ady AMOS nad\u0161en\u00e1, doporu\u010dila jsem ji i&nbsp;kolegyni, kter\u00e1 letos p\u016fjde do 1.&nbsp;t\u0159\u00eddy, semin\u00e1\u0159 hezky ukazuje metodick\u00e9 zp\u016fsoby, hlavn\u011b i&nbsp;pr\u00e1ci p\u0159i&nbsp;distan\u010dn\u00ed v\u00fduce, nato\u010den\u00e1 videa. To nem\u00e1 chybu. V\u017edy jsem se v&nbsp;prvn\u00ed t\u0159\u00edd\u011b dost &#8222;zapotila&#8220;, m\u00e1m 28 prv\u0148\u00e1\u010dk\u016f a&nbsp;letos mi tato \u0159ada usnadnila pr\u00e1ci s&nbsp;d\u011btmi. S&nbsp;AMOSem je pohoda.<\/p>\n<cite>Martina Voj\u00edkov\u00e1<\/cite><\/blockquote>\n<p>\n\n\n\n<\/p>\n<blockquote class=\"wp-block-quote is-layout-flow wp-block-quote-is-layout-flow\">\n<p><em>Semin\u00e1\u0159 jsem absolvovala ji\u017e loni a&nbsp;letos u\u010dila po&nbsp;mate\u0159sk\u00e9 dovolen\u00e9 s&nbsp;AMOSem. T\u00edmto d\u011bkuji panu Novotn\u00e9mu za geni\u00e1ln\u011b promy\u0161len\u00fd syst\u00e9m u\u010debnic, interaktivn\u00edch cvi\u010den\u00ed a&nbsp;tak\u00e9 vz\u00e1jemn\u00e9 podpory vyu\u010duj\u00edc\u00edch d\u00edky Sd\u00edl\u00edme zku\u0161enosti s&nbsp;AMOSem. V&nbsp;p\u0159\u00ed\u0161t\u00edm roce budeme pokra\u010dovat a&nbsp;u\u017e se t\u011b\u0161\u00edm i&nbsp;na Start druh\u00e1ka.<\/em><\/p>\n<cite>Radka Tulejov\u00e1<\/cite><\/blockquote>\n<p>\n\n\n\n<\/p>\n<blockquote class=\"wp-block-quote is-layout-flow wp-block-quote-is-layout-flow\">\n<p><em>Moc a&nbsp;moc d\u011bkuji za tyto materi\u00e1ly. M\u00e1m dlouholetou praxi ve \u0161kolstv\u00ed a&nbsp;tyto u\u010debnice a&nbsp;pracovn\u00ed se\u0161ity jsou opravdu p\u0159\u00ednosn\u00e9 pro u\u010ditele a&nbsp;p\u0159edev\u0161\u00edm pro \u017e\u00e1ky. I&nbsp;d\u00edt\u011b, kter\u00e9 pot\u0159ebuje na z\u00edsk\u00e1n\u00ed znalost\u00ed a&nbsp;dovednost\u00ed del\u0161\u00ed \u010das, se zde c\u00edt\u00ed dob\u0159e a&nbsp;do \u0161koly chod\u00ed r\u00e1do. Netrp\u00ed t\u00edm, \u017ee spolu\u017e\u00e1k u\u017e um\u00ed v\u00edce. Oce\u0148uji velmi piktogramy, nerozd\u011bluj\u00ed mi \u017e\u00e1ky na ty \u0161ikovn\u011bj\u0161\u00ed, co u\u017e um\u00ed \u010d\u00edst&nbsp;na za\u010d\u00e1tku \u0161koln\u00edho roku. Je\u0161t\u011b jednou moc d\u011bkuji a&nbsp;budu se t\u011b\u0161it na dal\u0161\u00ed spolupr\u00e1ci.<\/em><\/p>\n<cite>Eva \u0160pa\u010dkov\u00e1<\/cite><\/blockquote>\n<p>\n\n\n\n<\/p>\n<blockquote class=\"wp-block-quote is-layout-flow wp-block-quote-is-layout-flow\">\n<p><em>Jsem nad\u0161en\u00e1. Podle NOV\u00c9 \u0160KOLY jsem m\u011bla mo\u017enost u\u010dit 1.&nbsp;ro\u010dn\u00edk. Nic lep\u0161\u00edho jsem dosud nem\u011bla v&nbsp;rukou. D\u011bkuji cel\u00e9mu t\u00fdmu a&nbsp;zvl\u00e1\u0161t\u011b autorovi. Je vid\u011bt, ze opravdu roky u\u010dil. Tohle se ned\u00e1 o\u0161idit. A&nbsp;d\u00edky tomu je V\u00e1\u0161 AMOS tak v\u00fdjime\u010dn\u00fd.<\/em><\/p>\n<cite><br \/>Na\u010fa Ten\u010d\u00edkov\u00e1<\/cite><\/blockquote>\n<p>\n\n\n\n<\/p>\n<blockquote class=\"wp-block-quote is-layout-flow wp-block-quote-is-layout-flow\">\n<p><em>D\u011bkuji za velmi poutav\u00fd a&nbsp;p\u0159\u00ednosn\u00fd semin\u00e1\u0159. T\u011b\u0161\u00edm se na pr\u00e1ci s&nbsp;Va\u0161imi materi\u00e1ly. Skv\u011bl\u00e1 jsou v\u00fdukov\u00e1 videa, kter\u00e1 jsem pou\u017e\u00edvala ji\u017e v&nbsp;lo\u0148sk\u00e9m roce b\u011bhem distan\u010dn\u00ed v\u00fduky a&nbsp;pak i&nbsp;po&nbsp;n\u00e1vratu d\u011bt\u00ed do \u0161koly (kv\u011bten, \u010derven). V&nbsp;leto\u0161n\u00edm \u0161koln\u00edm roce pracujeme s&nbsp;pracovn\u00edm se\u0161item Jsem \u010dten\u00e1\u0159 1. Nad\u0161en\u00e1 nejsem pouze j\u00e1, ale i&nbsp;d\u011bti. D\u011bkuji za \u00fa\u017easn\u00e9 materi\u00e1ly.<\/em><\/p>\n<cite>Karla \u010cernochov\u00e1<\/cite><\/blockquote>\n<p>\n\n\n\n<h5 class=\"wp-block-heading\"><strong>Co inovativn\u011b p\u0159in\u00e1\u0161ej\u00ed vzd\u011bl\u00e1vac\u00ed materi\u00e1ly AMOS ka\u017ed\u00e9mu \u017e\u00e1kovi?<\/strong><\/h5>\n\n\n\n<ul class=\"wp-block-list\">\n<li><strong>v\u011bt\u0161\u00ed samostatnost a&nbsp;pos\u00edlen\u00ed vnit\u0159n\u00ed motivace <\/strong>od prvn\u00ed hodiny 1.&nbsp;ro\u010dn\u00edku d\u00edky:<br><ul><br><li style=\"list-style-type: none;\"><ul><li>piktografick\u00fdm zad\u00e1n\u00edm<\/li><\/ul><\/li><img loading=\"lazy\" decoding=\"async\" width=\"1867\" height=\"572\" class=\"aligncenter wp-image-1365 size-full\" src=\"https:\/\/nns.cz\/amos\/wp-content\/uploads\/2019\/08\/PIKTOGRAFICK\u00c9-ZAD\u00c1N\u00cd-\u00daLOH-V-SOUBORU-AMOS.png\" alt=\"\" srcset=\"https:\/\/nns.cz\/amos\/wp-content\/uploads\/2019\/08\/PIKTOGRAFICK\u00c9-ZAD\u00c1N\u00cd-\u00daLOH-V-SOUBORU-AMOS.png 1867w, https:\/\/nns.cz\/amos\/wp-content\/uploads\/2019\/08\/PIKTOGRAFICK\u00c9-ZAD\u00c1N\u00cd-\u00daLOH-V-SOUBORU-AMOS-300x92.png 300w, https:\/\/nns.cz\/amos\/wp-content\/uploads\/2019\/08\/PIKTOGRAFICK\u00c9-ZAD\u00c1N\u00cd-\u00daLOH-V-SOUBORU-AMOS-768x235.png 768w, https:\/\/nns.cz\/amos\/wp-content\/uploads\/2019\/08\/PIKTOGRAFICK\u00c9-ZAD\u00c1N\u00cd-\u00daLOH-V-SOUBORU-AMOS-1024x314.png 1024w, https:\/\/nns.cz\/amos\/wp-content\/uploads\/2019\/08\/PIKTOGRAFICK\u00c9-ZAD\u00c1N\u00cd-\u00daLOH-V-SOUBORU-AMOS-1320x404.png 1320w\" sizes=\"auto, (max-width: 1867px) 100vw, 1867px\" \/><li style=\"list-style-type: none;\"><ul><br><li>jednotn\u00e9 grafick\u00e9 podob\u011b<\/li><\/ul><\/li><img loading=\"lazy\" decoding=\"async\" width=\"1536\" height=\"705\" class=\"aligncenter size-full wp-image-1369\" src=\"https:\/\/nns.cz\/amos\/wp-content\/uploads\/2019\/08\/jednotn\u00e1-grafick\u00e1-podoba-souboru-AMOS.png\" alt=\"\" srcset=\"https:\/\/nns.cz\/amos\/wp-content\/uploads\/2019\/08\/jednotn\u00e1-grafick\u00e1-podoba-souboru-AMOS.png 1536w, https:\/\/nns.cz\/amos\/wp-content\/uploads\/2019\/08\/jednotn\u00e1-grafick\u00e1-podoba-souboru-AMOS-300x138.png 300w, https:\/\/nns.cz\/amos\/wp-content\/uploads\/2019\/08\/jednotn\u00e1-grafick\u00e1-podoba-souboru-AMOS-768x353.png 768w, https:\/\/nns.cz\/amos\/wp-content\/uploads\/2019\/08\/jednotn\u00e1-grafick\u00e1-podoba-souboru-AMOS-1024x470.png 1024w, https:\/\/nns.cz\/amos\/wp-content\/uploads\/2019\/08\/jednotn\u00e1-grafick\u00e1-podoba-souboru-AMOS-1320x606.png 1320w\" sizes=\"auto, (max-width: 1536px) 100vw, 1536px\" \/><\/ul><br><ul><li style=\"list-style-type: none;\"><ul><li>dvoj\u00edmu str\u00e1nkov\u00e1n\u00ed<\/li><\/ul><\/li><img loading=\"lazy\" decoding=\"async\" width=\"1494\" height=\"702\" class=\"aligncenter size-full wp-image-1370\" src=\"https:\/\/nns.cz\/amos\/wp-content\/uploads\/2019\/08\/Dvoj\u00ed-str\u00e1nkov\u00e1n\u00ed-v-souboru-AMOS.png\" alt=\"\" srcset=\"https:\/\/nns.cz\/amos\/wp-content\/uploads\/2019\/08\/Dvoj\u00ed-str\u00e1nkov\u00e1n\u00ed-v-souboru-AMOS.png 1494w, https:\/\/nns.cz\/amos\/wp-content\/uploads\/2019\/08\/Dvoj\u00ed-str\u00e1nkov\u00e1n\u00ed-v-souboru-AMOS-300x141.png 300w, https:\/\/nns.cz\/amos\/wp-content\/uploads\/2019\/08\/Dvoj\u00ed-str\u00e1nkov\u00e1n\u00ed-v-souboru-AMOS-768x361.png 768w, https:\/\/nns.cz\/amos\/wp-content\/uploads\/2019\/08\/Dvoj\u00ed-str\u00e1nkov\u00e1n\u00ed-v-souboru-AMOS-1024x481.png 1024w, https:\/\/nns.cz\/amos\/wp-content\/uploads\/2019\/08\/Dvoj\u00ed-str\u00e1nkov\u00e1n\u00ed-v-souboru-AMOS-1320x620.png 1320w\" sizes=\"auto, (max-width: 1494px) 100vw, 1494px\" \/><\/ul><ul><li style=\"list-style-type: none;\"><ul><br><li>pou\u017eit\u00ed analogick\u00fdch cvi\u010den\u00ed<\/li><\/ul><figure><img loading=\"lazy\" decoding=\"async\" width=\"1734\" height=\"786\" class=\"aligncenter size-full wp-image-1371\" src=\"https:\/\/nns.cz\/amos\/wp-content\/uploads\/2019\/08\/pou\u017eit\u00ed-analogick\u00fdch-cvi\u010den\u00ed-v-souboru-AMOS.png\" alt=\"\" srcset=\"https:\/\/nns.cz\/amos\/wp-content\/uploads\/2019\/08\/pou\u017eit\u00ed-analogick\u00fdch-cvi\u010den\u00ed-v-souboru-AMOS.png 1734w, https:\/\/nns.cz\/amos\/wp-content\/uploads\/2019\/08\/pou\u017eit\u00ed-analogick\u00fdch-cvi\u010den\u00ed-v-souboru-AMOS-300x136.png 300w, https:\/\/nns.cz\/amos\/wp-content\/uploads\/2019\/08\/pou\u017eit\u00ed-analogick\u00fdch-cvi\u010den\u00ed-v-souboru-AMOS-768x348.png 768w, https:\/\/nns.cz\/amos\/wp-content\/uploads\/2019\/08\/pou\u017eit\u00ed-analogick\u00fdch-cvi\u010den\u00ed-v-souboru-AMOS-1024x464.png 1024w, https:\/\/nns.cz\/amos\/wp-content\/uploads\/2019\/08\/pou\u017eit\u00ed-analogick\u00fdch-cvi\u010den\u00ed-v-souboru-AMOS-1320x598.png 1320w\" sizes=\"auto, (max-width: 1734px) 100vw, 1734px\" \/><\/figure><ul><li>systematick\u00e9mu rozvoji typologi\u00ed cvi\u010den\u00ed<\/li><\/ul><\/li><\/ul><figure><img loading=\"lazy\" decoding=\"async\" width=\"1770\" height=\"888\" class=\"aligncenter size-full wp-image-1374\" src=\"https:\/\/nns.cz\/amos\/wp-content\/uploads\/2019\/08\/Systematick\u00fd-rozvoj-typologie-cvi\u010den\u00ed-AMOS-1.png\" alt=\"\" srcset=\"https:\/\/nns.cz\/amos\/wp-content\/uploads\/2019\/08\/Systematick\u00fd-rozvoj-typologie-cvi\u010den\u00ed-AMOS-1.png 1770w, https:\/\/nns.cz\/amos\/wp-content\/uploads\/2019\/08\/Systematick\u00fd-rozvoj-typologie-cvi\u010den\u00ed-AMOS-1-300x151.png 300w, https:\/\/nns.cz\/amos\/wp-content\/uploads\/2019\/08\/Systematick\u00fd-rozvoj-typologie-cvi\u010den\u00ed-AMOS-1-768x385.png 768w, https:\/\/nns.cz\/amos\/wp-content\/uploads\/2019\/08\/Systematick\u00fd-rozvoj-typologie-cvi\u010den\u00ed-AMOS-1-1024x514.png 1024w, https:\/\/nns.cz\/amos\/wp-content\/uploads\/2019\/08\/Systematick\u00fd-rozvoj-typologie-cvi\u010den\u00ed-AMOS-1-1320x662.png 1320w\" sizes=\"auto, (max-width: 1770px) 100vw, 1770px\" \/><\/figure><\/li>\n\n\n\n<li><strong>mo\u017enost b\u00fdt \u00fasp\u011b\u0161n\u00fd p\u0159i&nbsp;\u010dten\u00ed <\/strong>p\u0159im\u011b\u0159en\u011b obt\u00ed\u017en\u00fdch text\u016f v&nbsp;matematice i&nbsp;prvouce, co\u017e d\u00e1le napom\u00e1h\u00e1 ch\u00e1p\u00e1n\u00ed a&nbsp;\u0159e\u0161en\u00ed \u00faloh<\/li>\n<\/ul>\n\n\n\n<p><figure><img loading=\"lazy\" decoding=\"async\" width=\"1794\" height=\"789\" class=\"aligncenter size-full wp-image-1378\" src=\"https:\/\/nns.cz\/amos\/wp-content\/uploads\/2019\/08\/Aplikace-\u010dten\u00ed-v-souboru-AMOS-1.png\" alt=\"\" srcset=\"https:\/\/nns.cz\/amos\/wp-content\/uploads\/2019\/08\/Aplikace-\u010dten\u00ed-v-souboru-AMOS-1.png 1794w, https:\/\/nns.cz\/amos\/wp-content\/uploads\/2019\/08\/Aplikace-\u010dten\u00ed-v-souboru-AMOS-1-300x132.png 300w, https:\/\/nns.cz\/amos\/wp-content\/uploads\/2019\/08\/Aplikace-\u010dten\u00ed-v-souboru-AMOS-1-768x338.png 768w, https:\/\/nns.cz\/amos\/wp-content\/uploads\/2019\/08\/Aplikace-\u010dten\u00ed-v-souboru-AMOS-1-1024x450.png 1024w, https:\/\/nns.cz\/amos\/wp-content\/uploads\/2019\/08\/Aplikace-\u010dten\u00ed-v-souboru-AMOS-1-1320x581.png 1320w\" sizes=\"auto, (max-width: 1794px) 100vw, 1794px\" \/><\/figure><\/p>\n\n\n\n<p><\/p>\n\n\n\n<ul class=\"wp-block-list\">\n<li><strong>interaktivn\u00ed podporu <\/strong>ve form\u011b MIU\u010d+ s&nbsp;p\u0159esn\u011b zac\u00edlen\u00fdmi interaktivn\u00edmi cvi\u010den\u00edmi<\/li>\n<\/ul>\n\n\n\n<p><figure><img loading=\"lazy\" decoding=\"async\" width=\"1920\" height=\"1080\" class=\"aligncenter size-full wp-image-1375\" src=\"https:\/\/nns.cz\/amos\/wp-content\/uploads\/2019\/08\/MIUc-1.png\" alt=\"\" srcset=\"https:\/\/nns.cz\/amos\/wp-content\/uploads\/2019\/08\/MIUc-1.png 1920w, https:\/\/nns.cz\/amos\/wp-content\/uploads\/2019\/08\/MIUc-1-300x169.png 300w, https:\/\/nns.cz\/amos\/wp-content\/uploads\/2019\/08\/MIUc-1-768x432.png 768w, https:\/\/nns.cz\/amos\/wp-content\/uploads\/2019\/08\/MIUc-1-1024x576.png 1024w, https:\/\/nns.cz\/amos\/wp-content\/uploads\/2019\/08\/MIUc-1-1320x743.png 1320w\" sizes=\"auto, (max-width: 1920px) 100vw, 1920px\" \/><\/figure><\/p>\n\n\n\n<ul class=\"wp-block-list\">\n<li><strong>v\u00edce p\u0159\u00edle\u017eitost\u00ed k&nbsp;pochopen\u00ed a&nbsp;osvojen\u00ed l\u00e1tky <\/strong>s dostatkem mo\u017enost\u00ed pro individu\u00e1ln\u00ed p\u0159\u00edstup<\/li>\n<\/ul>\n\n\n\n<h5 class=\"wp-block-heading\"><strong>Jak je soubor v\u00fdukov\u00fdch materi\u00e1l\u016f AMOS didakticky prov\u00e1z\u00e1n z&nbsp;hlediska uplatn\u011bn\u00ed \u010dten\u00e1\u0159sk\u00fdch dovednost\u00ed?<\/strong><\/h5>\n\n\n\n<p>V souboru v\u00fdukov\u00fdch materi\u00e1l\u016f AMOS jsou pou\u017eity texty umo\u017e\u0148uj\u00edc\u00ed \u017e\u00e1k\u016fm uplatnit \u010dten\u00e1\u0159sk\u00e9 dovednosti s&nbsp;\u010dasov\u011b p\u0159im\u011b\u0159en\u00fdm odstupem od slabik\u00e1\u0159e ji\u017e od 3.&nbsp;t\u00fddne 1.&nbsp;ro\u010dn\u00edku. B\u011bhem pilotn\u00edho ov\u011b\u0159ov\u00e1n\u00ed se potvrdilo, \u017ee v\u0161ichni \u017e\u00e1ci maj\u00ed mo\u017enost b\u00fdt v&nbsp;matematice a&nbsp;prvouce p\u0159i&nbsp;\u010dten\u00ed \u00fasp\u011b\u0161n\u00ed.<\/p>\n\n\n\n<h5 class=\"wp-block-heading\"><figure><img loading=\"lazy\" decoding=\"async\" class=\"aligncenter wp-image-1232 size-full\" src=\"https:\/\/nns.cz\/amos\/wp-content\/uploads\/2019\/02\/aplikovane_cteni-1.png\" alt=\"\" width=\"2240\" height=\"809\" srcset=\"https:\/\/nns.cz\/amos\/wp-content\/uploads\/2019\/02\/aplikovane_cteni-1.png 2240w, https:\/\/nns.cz\/amos\/wp-content\/uploads\/2019\/02\/aplikovane_cteni-1-300x108.png 300w, https:\/\/nns.cz\/amos\/wp-content\/uploads\/2019\/02\/aplikovane_cteni-1-768x277.png 768w, https:\/\/nns.cz\/amos\/wp-content\/uploads\/2019\/02\/aplikovane_cteni-1-1024x370.png 1024w\" sizes=\"auto, (max-width: 2240px) 100vw, 2240px\" \/><\/figure><\/h5>\n\n\n\n<h5 class=\"wp-block-heading\"><strong>Co tvo\u0159\u00ed z\u00e1klad souboru vzd\u011bl\u00e1vac\u00edch materi\u00e1l\u016f AMOS?<\/strong><\/h5>\n\n\n\n<ul class=\"wp-block-list\">\n<li><strong>\u201e<a href=\"http:\/\/nns.cz\/agata\/\">\u010cteme a&nbsp;p\u00ed\u0161eme s&nbsp;Ag\u00e1tou<\/a>\u201c &#8211; <\/strong><strong><a href=\"http:\/\/nns.cz\/agata\/ziva-abeceda-slabikar-uvolnovaci-cviky-a-pisanky-cteme-a-piseme-s-agatou\/\">\u017div\u00e1 abeceda, Slabik\u00e1\u0159, Uvol\u0148ovac\u00ed cviky a&nbsp;P\u00edsanky <\/a><\/strong>s <a href=\"http:\/\/nns.cz\/agata\/metodicky-pruvodce-cteme-a-piseme-s-agatou\/\">metodick\u00fdm pr\u016fvodcem<\/a> a&nbsp;<a href=\"http:\/\/nns.cz\/agata\/doplnkove-materialy\/\">dopl\u0148kov\u00fdmi materi\u00e1ly<\/a>.<\/li>\n\n\n\n<li><strong>\u201e<a href=\"http:\/\/www.matyskova-matematika.cz\/\">Mat\u00fdskova matematika<\/a>\u201c<\/strong> u\u010debnice <strong><a href=\"http:\/\/www.matyskova-matematika.cz\/matyskova-matematika-1-rocnik-aktualizovane-vydani-2018\/\">1.\u20133.&nbsp;d\u00edl <\/a><\/strong>s metodick\u00fdm pr\u016fvodcem a&nbsp;dopl\u0148kov\u00fdmi materi\u00e1ly.<\/li>\n\n\n\n<li><strong>\u201e<a href=\"https:\/\/nns.cz\/amos\/objevujeme-a-poznavame-s-oskarem\/\">Objevujeme a&nbsp;pozn\u00e1v\u00e1me s&nbsp;Oskarem<\/a>\u201c u\u010debnice Oskarova prvouka 1&nbsp;<\/strong>s metodick\u00fdm pr\u016fvodcem a&nbsp;dopl\u0148kov\u00fdmi materi\u00e1ly.<\/li>\n<\/ul>\n\n\n\n<h5 class=\"wp-block-heading\">&nbsp;<strong>Jak\u00e1 je n\u00e1vaznost do dal\u0161\u00edch ro\u010dn\u00edk\u016f?<\/strong><\/h5>\n\n\n\n<ul class=\"wp-block-list\">\n<li>Materi\u00e1ly AMOS jsou sou\u010d\u00e1st\u00ed <a href=\"https:\/\/nns.cz\/amos\/ucelena-rada\/\">ucelen\u00fdch \u0159ad<\/a> pro 1.&nbsp;stupe\u0148 s&nbsp;dolo\u017ekami M\u0160MT.<\/li>\n<\/ul>\n\n\n\n<h3 class=\"wp-block-heading has-background has-medium-font-size\" style=\"background-color:#f3dff8\"><strong>NOVINKA PRO 2. RO\u010cN\u00cdK<\/strong><br>Nov\u011b m\u016f\u017eete ROZV\u00cdJET \u010cTEN\u00c1\u0158SKOU A&nbsp;PISATELSKOU GRAMOTNOST<br>v ide\u00e1ln\u00ed n\u00e1vaznosti na \u010cteme a&nbsp;p\u00ed\u0161eme s&nbsp;Ag\u00e1tou pro 1.&nbsp;ro\u010dn\u00edk<br><strong>s nov\u00fdmi <a href=\"http:\/\/nns.cz\/amos2\">pracovn\u00edmi u\u010debnicemi AMOS \u010cesk\u00fd jazyk 2<\/a><\/strong><\/h3>\n\n\n\n<h5 class=\"wp-block-heading\"><strong>Jak\u00e9 doporu\u010den\u00ed by vyu\u010duj\u00edc\u00ed \u00fa\u010dastn\u00edc\u00ed se pilotn\u00edho ov\u011b\u0159ov\u00e1n\u00ed dali u\u010ditel\u016fm, kte\u0159\u00ed budou se vzd\u011bl\u00e1vac\u00edmi materi\u00e1ly AMOS u\u010dit?<\/strong><\/h5>\n\n\n\n<ul class=\"wp-block-list\">\n<li><em>\u201eMaxim\u00e1ln\u011b vyu\u017e\u00edt nab\u00edzen\u00e9 materi\u00e1ly a&nbsp;pom\u016fcky, lze je vyu\u017e\u00edvat individu\u00e1ln\u011b na m\u00edru ka\u017ed\u00e9mu d\u00edt\u011bti.\u201c<\/em><\/li>\n\n\n\n<li><em>\u201eV\u011b\u0159te a&nbsp;nechte se v\u00e9st Ag\u00e1tou, Mat\u00fdskem a&nbsp;Oskarem. D\u011bti je zbo\u017e\u0148uj\u00ed a&nbsp;vy budete t\u00e9\u017e. Snadno se ocitnete v&nbsp;k\u016f\u017ei d\u00edt\u011bte <\/em><em>\ud83d\ude0a<\/em><em> Hrajte si!\u201c<\/em><\/li>\n\n\n\n<li><em>\u201eZa\u010dn\u011bte a&nbsp;nechte se v\u00e9st metodick\u00fdmi p\u0159\u00edru\u010dkami.\u201c<\/em><\/li>\n\n\n\n<li><em>\u201eNebojte se nechat \u017e\u00e1ky pracovat samostatn\u011b! Materi\u00e1ly to skv\u011ble umo\u017e\u0148uj\u00ed.\u201c<\/em><\/li>\n<\/ul>\n\n\n\n<h5 class=\"wp-block-heading\"><strong>Cht\u011bli byste se se vzd\u011bl\u00e1vac\u00edmi materi\u00e1ly AMOS bl\u00ed\u017ee sezn\u00e1mit?<\/strong><\/h5>\n\n\n\n<ul class=\"wp-block-list\">\n<li>prohl\u00e9dn\u011bte si <a href=\"https:\/\/nns.cz\/amos\/ukazkove-strany\/\">uk\u00e1zky u\u010debnic i&nbsp;metodik,<\/a><\/li>\n\n\n\n<li>z\u00fa\u010dastn\u011bte se <a href=\"https:\/\/nns.cz\/amos\/seminare-pro-vyucujici\/\">akreditovan\u00fdch semin\u00e1\u0159\u016f,<\/a><\/li>\n\n\n\n<li><a href=\"http:\/\/ucebnice.online\/\">vyzkou\u0161ejte MIU\u010d+<\/a> \u010cteme a&nbsp;p\u00ed\u0161eme s&nbsp;Ag\u00e1tou, Oskarova prvouka a&nbsp;Mat\u00fdskova matematika 1., 2.&nbsp;a&nbsp;3.&nbsp;d\u00edl na 30&nbsp;dn\u00ed zdarma,<\/li>\n\n\n\n<li>prohl\u00e9dn\u011bte si ti\u0161t\u011bn\u00e9 tituly ve vzorn\u00edku, kter\u00fd V\u00e1m r\u00e1di zajist\u00edme, sta\u010d\u00ed n\u00e1s kontaktovat na <a href=\"mailto:amos@nns.cz\">nns@nns.cz<\/a>.<\/li>\n<\/ul>\n\n\n\n<figure class=\"wp-block-image size-large\"><a href=\"https:\/\/www.nns.cz\/obchod\/index.php?item=nabidka2&amp;eshop_action=show_sel_data&amp;tags[]=16\" target=\"_blank\" rel=\"noreferrer noopener\"><img loading=\"lazy\" decoding=\"async\" width=\"1024\" height=\"331\" src=\"https:\/\/nns.cz\/amos\/wp-content\/uploads\/2026\/03\/akce-amos-1rocnik-2026-1024x331.png\" alt=\"\" class=\"wp-image-5416\" srcset=\"https:\/\/nns.cz\/amos\/wp-content\/uploads\/2026\/03\/akce-amos-1rocnik-2026-1024x331.png 1024w, https:\/\/nns.cz\/amos\/wp-content\/uploads\/2026\/03\/akce-amos-1rocnik-2026-300x97.png 300w, https:\/\/nns.cz\/amos\/wp-content\/uploads\/2026\/03\/akce-amos-1rocnik-2026-768x248.png 768w, https:\/\/nns.cz\/amos\/wp-content\/uploads\/2026\/03\/akce-amos-1rocnik-2026-1536x496.png 1536w, https:\/\/nns.cz\/amos\/wp-content\/uploads\/2026\/03\/akce-amos-1rocnik-2026-2048x662.png 2048w\" sizes=\"auto, (max-width: 1024px) 100vw, 1024px\" \/><\/a><figcaption class=\"wp-element-caption\"><a href=\"http:\/\/nns.cz\/akce\">Akce jsou poskytov\u00e1ny pouze \u0161kol\u00e1m p\u0159i&nbsp;n\u00e1kupu na nns.cz nebo u&nbsp;partner\u016f akc\u00ed.<br>Aktu\u00e1ln\u00ed podrobn\u00e9 informace o&nbsp;akc\u00edch na <strong>nns.cz\/akce<\/strong><\/a><\/figcaption><\/figure>\n\n\n\n<p><\/p>\n","protected":false},"excerpt":{"rendered":"<p>AMOS a\u00a0nov\u00fd RVP ZV: S&nbsp;AMOSem m\u016f\u017eete rozv\u00edjet kl\u00ed\u010dov\u00e9 kompetence \u017e\u00e1k\u016f napl\u0148ovat o\u010dek\u00e1van\u00e9 v\u00fdstupy podle st\u00e1vaj\u00edc\u00edho i\u00a0nov\u00e9ho RVP ZV a\u00a0to dokonce beze zm\u011bny va\u0161eho \u0160VP Novinka: Vzd\u011bl\u00e1vac\u00ed program zdarma U\u010d\u00edm s&nbsp;AMOSem v&nbsp;1.&nbsp;ro\u010dn\u00edku Prvouka Objevujeme a&nbsp;pozn\u00e1v\u00e1me s&nbsp;Oskarem tvo\u0159\u00ed spolu se \u010cteme a&nbsp;p\u00ed\u0161eme &hellip; <\/p>\n","protected":false},"author":1,"featured_media":0,"parent":0,"menu_order":0,"comment_status":"closed","ping_status":"closed","template":"","meta":{"footnotes":""},"class_list":["post-34","page","type-page","status-publish","hentry"],"_links":{"self":[{"href":"http:\/\/nns.cz\/amos\/wp-json\/wp\/v2\/pages\/34","targetHints":{"allow":["GET"]}}],"collection":[{"href":"http:\/\/nns.cz\/amos\/wp-json\/wp\/v2\/pages"}],"about":[{"href":"http:\/\/nns.cz\/amos\/wp-json\/wp\/v2\/types\/page"}],"author":[{"embeddable":true,"href":"http:\/\/nns.cz\/amos\/wp-json\/wp\/v2\/users\/1"}],"replies":[{"embeddable":true,"href":"http:\/\/nns.cz\/amos\/wp-json\/wp\/v2\/comments?post=34"}],"version-history":[{"count":102,"href":"http:\/\/nns.cz\/amos\/wp-json\/wp\/v2\/pages\/34\/revisions"}],"predecessor-version":[{"id":5421,"href":"http:\/\/nns.cz\/amos\/wp-json\/wp\/v2\/pages\/34\/revisions\/5421"}],"wp:attachment":[{"href":"http:\/\/nns.cz\/amos\/wp-json\/wp\/v2\/media?parent=34"}],"curies":[{"name":"wp","href":"https:\/\/api.w.org\/{rel}","templated":true}]}}